{"id":2052,"date":"2024-04-24T11:11:56","date_gmt":"2024-04-24T08:11:56","guid":{"rendered":"http:\/\/jnats.eu\/?post_type=product&#038;p=2052"},"modified":"2024-10-20T14:58:20","modified_gmt":"2024-10-20T11:58:20","slug":"ohira-renge-shiro-garnitur-2","status":"publish","type":"product","link":"https:\/\/jnats.eu\/pl\/produkt-2\/ohira-renge-shiro-garnitur-2\/","title":{"rendered":"Kostium Ohira Renge Shiro"},"content":{"rendered":"<p>\u015awietny, wszechstronny kombinezon Ohira Renge do r\u00f3\u017cnorodnych zada\u0144. Reakcja jest bardzo p\u0142ynna, a linie nie stanowi\u0105 problemu. Wyko\u0144czenie Kasumi jest jasne i wyrafinowane, uwydatnia szczeg\u00f3\u0142y materia\u0142u ostrza i pozostawia powierzchni\u0119 \u201ewoln\u0105 od zarysowa\u0144\u201d we wszystkim opr\u00f3cz najja\u015bniejszego \u015bwiat\u0142a. Jest to doskona\u0142y kamie\u0144 nadaj\u0105cy si\u0119 do r\u00f3\u017cnorodnych zada\u0144 - ko\u0144cowego ostrzenia no\u017cy kuchennych, polerowania kasumi, narz\u0119dzi, no\u017cyczek. Taka Ohira Suita pomog\u0142a kopalni osi\u0105gn\u0105\u0107 tak znakomit\u0105 reputacj\u0119.<\/p>\n\n\n\n<p>Ten bia\u0142y garnitur shiro ozdobiony jest czerwonymi \u201ekwiatami lotosu\u201d, znanymi r\u00f3wnie\u017c jako wz\u00f3r renge. Ma \u015bwietny kszta\u0142t i rozmiar, a linie nie stanowi\u0105 problemu z wyostrzeniem.<\/p>\n\n\n\n<p><strong>Ohira (\u5927\u5e73, Oohira, Ohirayama)<\/strong><br>Kopalnia zachodnia, s\u0142yn\u0105ca z jako\u015bci Uchigumori i Suita. Chocia\u017c kopalnia nadal jest czasami eksploatowana, coraz trudniej znale\u017a\u0107 nadaj\u0105ce si\u0119 na eksport uchigumori i Ohira suita. Ze wzgl\u0119du na najwy\u017csz\u0105 jako\u015b\u0107 Ohira suita i uchigumori nierzadko zdarza si\u0119, \u017ce kamienie z innych kopalni s\u0105 stemplowane lub sprzedawane jako Ohira.<\/p>","protected":false},"excerpt":{"rendered":"<ul>\n<li>Nadaje si\u0119 do wyka\u0144czania no\u017cy, no\u017cyczek, narz\u0119dzi stolarskich i innych. R\u00f3wnie\u017c kasumi na zako\u0144czenie.<\/li>\n<li>Wymiary: 204x76x34 mm<\/li>\n<li>Waga: 1300 g<\/li>\n<li>Twardo\u015b\u0107: Poziom 4<\/li>\n<li>Bezpieczne linie<\/li>\n<li>Zalecamy prac\u0119 z ciep\u0142\u0105 wod\u0105, poniewa\u017c zimna woda pogarsza szybko\u015b\u0107 pracy i reakcj\u0119.<\/li>\n<\/ul>","protected":false},"featured_media":2110,"comment_status":"open","ping_status":"closed","template":"","meta":[],"product_brand":[],"product_cat":[22],"product_tag":[47,86,87,50],"class_list":{"0":"post-2052","1":"product","2":"type-product","3":"status-publish","4":"has-post-thumbnail","6":"product_cat-jnats","7":"product_tag-ohira","8":"product_tag-renge","9":"product_tag-shiro","10":"product_tag-suita","11":"product_shipping_class-iprastas","13":"first","14":"outofstock","15":"shipping-taxable","16":"purchasable","17":"product-type-simple"},"_links":{"self":[{"href":"https:\/\/jnats.eu\/pl\/wp-json\/wp\/v2\/product\/2052","targetHints":{"allow":["GET"]}}],"collection":[{"href":"https:\/\/jnats.eu\/pl\/wp-json\/wp\/v2\/product"}],"about":[{"href":"https:\/\/jnats.eu\/pl\/wp-json\/wp\/v2\/types\/product"}],"replies":[{"embeddable":true,"href":"https:\/\/jnats.eu\/pl\/wp-json\/wp\/v2\/comments?post=2052"}],"wp:featuredmedia":[{"embeddable":true,"href":"https:\/\/jnats.eu\/pl\/wp-json\/wp\/v2\/media\/2110"}],"wp:attachment":[{"href":"https:\/\/jnats.eu\/pl\/wp-json\/wp\/v2\/media?parent=2052"}],"wp:term":[{"taxonomy":"product_brand","embeddable":true,"href":"https:\/\/jnats.eu\/pl\/wp-json\/wp\/v2\/product_brand?post=2052"},{"taxonomy":"product_cat","embeddable":true,"href":"https:\/\/jnats.eu\/pl\/wp-json\/wp\/v2\/product_cat?post=2052"},{"taxonomy":"product_tag","embeddable":true,"href":"https:\/\/jnats.eu\/pl\/wp-json\/wp\/v2\/product_tag?post=2052"}],"curies":[{"name":"wp","href":"https:\/\/api.w.org\/{rel}","templated":true}]}}