{"id":2059,"date":"2024-04-24T11:22:04","date_gmt":"2024-04-24T08:22:04","guid":{"rendered":"http:\/\/jnats.eu\/?post_type=product&#038;p=2059"},"modified":"2025-10-22T15:09:21","modified_gmt":"2025-10-22T12:09:21","slug":"shiro-garnitur-renge-miyadaiku","status":"publish","type":"product","link":"https:\/\/jnats.eu\/pl\/produkt-2\/shiro-garnitur-renge-miyadaiku\/","title":{"rendered":"Shiro Suita Renge Miyadaiku"},"content":{"rendered":"<p>Najczystszy apartament, jaki kiedykolwiek widzia\u0142em! Japo\u0144skie kamienie do ostrzenia i polerowania tego typu, tej wielko\u015bci, idealnego kszta\u0142tu i gatunku s\u0105 rzadko\u015bci\u0105, a zupe\u0142nie pozbawione jakichkolwiek linii s\u0105 praktycznie rzadko\u015bci\u0105. Kamie\u0144 jest szybki, daje dobr\u0105 reakcj\u0119 i wyj\u0105tkowe rezultaty. Wysokiej jako\u015bci Suita staje si\u0119 coraz rzadsza na rynku, a ten kamie\u0144 jest doskona\u0142ym przyk\u0142adem tego, jak te kamienie do ostrzenia i polerowania zapracowa\u0142y na swoj\u0105 dobr\u0105 reputacj\u0119. Ten egzemplarz ma do\u015b\u0107 drobn\u0105 budow\u0119. Niezale\u017cnie od tego, czy Twoim g\u0142\u00f3wnym celem jest ostrzenie ostrzy, czy polerowanie kasumi, Suita Renge Miyadaiku nie zawiedzie.<\/p>\n\n\n\n<p>Bia\u0142a podstawa z ma\u0142ym czarnym \u201elotosem\u201d i \u017c\u00f3\u0142tymi kraw\u0119dziami. <\/p>","protected":false},"excerpt":{"rendered":"<ul>\n<li>Nadaje si\u0119 do wyka\u0144czania no\u017cy, no\u017cyczek, narz\u0119dzi stolarskich i innych. R\u00f3wnie\u017c kasumi na zako\u0144czenie.<\/li>\n<li>Wymiary: 213x63x35 mm<\/li>\n<li>Waga ze stojakiem: 1340 g<\/li>\n<li>Twardo\u015b\u0107: Poziom 4<\/li>\n<li>Zalecamy prac\u0119 z ciep\u0142\u0105 wod\u0105, poniewa\u017c zimna woda pogarsza szybko\u015b\u0107 pracy i reakcj\u0119.<\/li>\n<\/ul>","protected":false},"featured_media":2063,"comment_status":"open","ping_status":"closed","template":"","meta":[],"product_brand":[],"product_cat":[22],"product_tag":[256,86,87,50],"class_list":{"0":"post-2059","1":"product","2":"type-product","3":"status-publish","4":"has-post-thumbnail","6":"product_cat-jnats","7":"product_tag-miyadaiku","8":"product_tag-renge","9":"product_tag-shiro","10":"product_tag-suita","11":"product_shipping_class-iprastas","13":"first","14":"instock","15":"sale","16":"shipping-taxable","17":"purchasable","18":"product-type-simple"},"_links":{"self":[{"href":"https:\/\/jnats.eu\/pl\/wp-json\/wp\/v2\/product\/2059","targetHints":{"allow":["GET"]}}],"collection":[{"href":"https:\/\/jnats.eu\/pl\/wp-json\/wp\/v2\/product"}],"about":[{"href":"https:\/\/jnats.eu\/pl\/wp-json\/wp\/v2\/types\/product"}],"replies":[{"embeddable":true,"href":"https:\/\/jnats.eu\/pl\/wp-json\/wp\/v2\/comments?post=2059"}],"wp:featuredmedia":[{"embeddable":true,"href":"https:\/\/jnats.eu\/pl\/wp-json\/wp\/v2\/media\/2063"}],"wp:attachment":[{"href":"https:\/\/jnats.eu\/pl\/wp-json\/wp\/v2\/media?parent=2059"}],"wp:term":[{"taxonomy":"product_brand","embeddable":true,"href":"https:\/\/jnats.eu\/pl\/wp-json\/wp\/v2\/product_brand?post=2059"},{"taxonomy":"product_cat","embeddable":true,"href":"https:\/\/jnats.eu\/pl\/wp-json\/wp\/v2\/product_cat?post=2059"},{"taxonomy":"product_tag","embeddable":true,"href":"https:\/\/jnats.eu\/pl\/wp-json\/wp\/v2\/product_tag?post=2059"}],"curies":[{"name":"wp","href":"https:\/\/api.w.org\/{rel}","templated":true}]}}