{"id":2065,"date":"2024-04-24T11:31:35","date_gmt":"2024-04-24T08:31:35","guid":{"rendered":"http:\/\/jnats.eu\/?post_type=product&#038;p=2065"},"modified":"2024-11-09T14:30:29","modified_gmt":"2024-11-09T12:30:29","slug":"shohonyama-shobudani-miekki-tomae","status":"publish","type":"product","link":"https:\/\/jnats.eu\/pl\/produkt-2\/shohonyama-shobudani-miekki-tomae\/","title":{"rendered":"Mi\u0119kki Tomae Shohonyama Shobudani"},"content":{"rendered":"<p>To jest Shohonyama Shobudani Tomae z Kioto. Nadaje si\u0119 do wyka\u0144czania no\u017cy i narz\u0119dzi. Tomae jest ekstrahowany z mi\u0119kkiej warstwy, co pozwala na szybkie i g\u0142adkie ostrzenie ostrza. Silna si\u0142a \u015bcierna, drobna i bogata zawiesina jest \u0142atwo uwalniana.<\/p>\n\n\n\n<p><strong>Shobu (\u83d6\u84b2\u8c37, Shobudani, Shoubu)<\/strong><br>Kopalnia Wschodnia, dobrze oceniana ze wzgl\u0119du na sw\u00f3j kolor. Chocia\u017c kopalnia ta mo\u017ce nie jest tak ceniona jak Ohira czy Nakayama na Zachodzie, kamienie z tej kopalni s\u0105 na og\u00f3\u0142 bardzo wysokiej jako\u015bci. Ceny hurtowe Shoubu suita nale\u017c\u0105 do najszybciej rosn\u0105cych spo\u015br\u00f3d wszystkich japo\u0144skich ose\u0142ek.<\/p>","protected":false},"excerpt":{"rendered":"<ul>\n<li>Nadaje si\u0119 do wyka\u0144czania no\u017cy, no\u017cyczek, narz\u0119dzi stolarskich i innych.<\/li>\n<li>Wymiary: 191x70x29mm<\/li>\n<li>Waga: 850 g<\/li>\n<li>Twardo\u015b\u0107: Lv 3.5<\/li>\n<li>Zalecamy prac\u0119 z ciep\u0142\u0105 wod\u0105, poniewa\u017c zimna woda pogarsza szybko\u015b\u0107 pracy i reakcj\u0119.<\/li>\n<\/ul>","protected":false},"featured_media":2071,"comment_status":"open","ping_status":"closed","template":"","meta":[],"product_brand":[],"product_cat":[22],"product_tag":[219,44,235,258],"class_list":{"0":"post-2065","1":"product","2":"type-product","3":"status-publish","4":"has-post-thumbnail","6":"product_cat-jnats","7":"product_tag-shobu","8":"product_tag-shobudani","9":"product_tag-shohonyama","10":"product_tag-soft-tomae","11":"product_shipping_class-iprastas","13":"first","14":"outofstock","15":"sale","16":"shipping-taxable","17":"purchasable","18":"product-type-simple"},"_links":{"self":[{"href":"https:\/\/jnats.eu\/pl\/wp-json\/wp\/v2\/product\/2065","targetHints":{"allow":["GET"]}}],"collection":[{"href":"https:\/\/jnats.eu\/pl\/wp-json\/wp\/v2\/product"}],"about":[{"href":"https:\/\/jnats.eu\/pl\/wp-json\/wp\/v2\/types\/product"}],"replies":[{"embeddable":true,"href":"https:\/\/jnats.eu\/pl\/wp-json\/wp\/v2\/comments?post=2065"}],"wp:featuredmedia":[{"embeddable":true,"href":"https:\/\/jnats.eu\/pl\/wp-json\/wp\/v2\/media\/2071"}],"wp:attachment":[{"href":"https:\/\/jnats.eu\/pl\/wp-json\/wp\/v2\/media?parent=2065"}],"wp:term":[{"taxonomy":"product_brand","embeddable":true,"href":"https:\/\/jnats.eu\/pl\/wp-json\/wp\/v2\/product_brand?post=2065"},{"taxonomy":"product_cat","embeddable":true,"href":"https:\/\/jnats.eu\/pl\/wp-json\/wp\/v2\/product_cat?post=2065"},{"taxonomy":"product_tag","embeddable":true,"href":"https:\/\/jnats.eu\/pl\/wp-json\/wp\/v2\/product_tag?post=2065"}],"curies":[{"name":"wp","href":"https:\/\/api.w.org\/{rel}","templated":true}]}}