{"id":2125,"date":"2024-04-27T14:55:52","date_gmt":"2024-04-27T11:55:52","guid":{"rendered":"http:\/\/jnats.eu\/?post_type=product&#038;p=2125"},"modified":"2024-10-25T10:57:14","modified_gmt":"2024-10-25T07:57:14","slug":"nakayama-tomae-iromono-japonski-naturalny-kamien-do-ostrzenia-2","status":"publish","type":"product","link":"https:\/\/jnats.eu\/pl\/produkt-2\/nakayama-tomae-iromono-japonski-naturalny-kamien-do-ostrzenia-2\/","title":{"rendered":"Nakayama Tomae Iromono Japo\u0144ski naturalny kamie\u0144 do ostrzenia"},"content":{"rendered":"<p>Ten pi\u0119kny Nakayama ironono to twardy i doskona\u0142y japo\u0144ski kamie\u0144 naturalny do wyka\u0144czania ostrzenia wszelkich narz\u0119dzi. Jest najlepszy dla os\u00f3b z wi\u0119kszym do\u015bwiadczeniem, ale mo\u017cna go po\u0142\u0105czy\u0107 z nagur\u0105, aby uzyska\u0107 bardziej przyjazne dla u\u017cytkownika wra\u017cenia. Tekstura jest bardzo cienka (10 tys.+), a po\u0142ysk ma tendencj\u0119 do lustrzanego odbicia. Linie na kraw\u0119dziach nie b\u0119d\u0105 wyczuwalne nawet przy zbyt du\u017cym nacisku, nie pozostan\u0105 \u017cadne zadrapania.<\/p>\n\n\n\n<p><strong>Nakayama (\u4e2d\u5c71)<\/strong><\/p>\n\n\n\n<p>Ta wschodnia kopalnia s\u0142ynie z kamieni wyko\u0144czeniowych awasedo i jest prawdopodobnie najbardziej poszukiwan\u0105 w\u015br\u00f3d profesjonalist\u00f3w i hobbyst\u00f3w zajmuj\u0105cych si\u0119 ostrzeniem. W por\u00f3wnaniu do kamieni o podobnej twardo\u015bci i czysto\u015bci z innych kopalni, kamienie Nakayama znane s\u0105 z przyjemniejszego wra\u017cenia ostrzenia i du\u017cej szybko\u015bci pracy. Szczeg\u00f3lnie cenione s\u0105 kamienie wielowarstwowe (Hondomae, Shikitomae) i Kiita.<\/p>","protected":false},"excerpt":{"rendered":"<ul>\n<li>Nadaje si\u0119 do wyka\u0144czania brzytew, no\u017cy, no\u017cyczek, narz\u0119dzi stolarskich i innych.<\/li>\n<li>Wymiary: 204x76x18 mm<\/li>\n<li>Waga: 700 g<\/li>\n<li>Twardo\u015b\u0107: Poz. 4,7<\/li>\n<li>Powierzchnia jest g\u0142adka i gotowa do pracy<\/li>\n<\/ul>","protected":false},"featured_media":2131,"comment_status":"open","ping_status":"closed","template":"","meta":[],"product_brand":[],"product_cat":[22],"product_tag":[41,259,49,67],"class_list":{"0":"post-2125","1":"product","2":"type-product","3":"status-publish","4":"has-post-thumbnail","6":"product_cat-jnats","7":"product_tag-iromono","8":"product_tag-japoniskas-naturalus-akmuo-galandimui","9":"product_tag-nakayama","10":"product_tag-tomae","12":"first","13":"outofstock","14":"sale","15":"shipping-taxable","16":"purchasable","17":"product-type-simple"},"_links":{"self":[{"href":"https:\/\/jnats.eu\/pl\/wp-json\/wp\/v2\/product\/2125","targetHints":{"allow":["GET"]}}],"collection":[{"href":"https:\/\/jnats.eu\/pl\/wp-json\/wp\/v2\/product"}],"about":[{"href":"https:\/\/jnats.eu\/pl\/wp-json\/wp\/v2\/types\/product"}],"replies":[{"embeddable":true,"href":"https:\/\/jnats.eu\/pl\/wp-json\/wp\/v2\/comments?post=2125"}],"wp:featuredmedia":[{"embeddable":true,"href":"https:\/\/jnats.eu\/pl\/wp-json\/wp\/v2\/media\/2131"}],"wp:attachment":[{"href":"https:\/\/jnats.eu\/pl\/wp-json\/wp\/v2\/media?parent=2125"}],"wp:term":[{"taxonomy":"product_brand","embeddable":true,"href":"https:\/\/jnats.eu\/pl\/wp-json\/wp\/v2\/product_brand?post=2125"},{"taxonomy":"product_cat","embeddable":true,"href":"https:\/\/jnats.eu\/pl\/wp-json\/wp\/v2\/product_cat?post=2125"},{"taxonomy":"product_tag","embeddable":true,"href":"https:\/\/jnats.eu\/pl\/wp-json\/wp\/v2\/product_tag?post=2125"}],"curies":[{"name":"wp","href":"https:\/\/api.w.org\/{rel}","templated":true}]}}