{"id":2149,"date":"2024-04-27T15:27:49","date_gmt":"2024-04-27T12:27:49","guid":{"rendered":"http:\/\/jnats.eu\/?post_type=product&#038;p=2149"},"modified":"2024-10-24T15:59:35","modified_gmt":"2024-10-24T12:59:35","slug":"nakayama-mitsu-asagi","status":"publish","type":"product","link":"https:\/\/jnats.eu\/pl\/produkt-2\/nakayama-mitsu-asagi\/","title":{"rendered":"Nakayama Mitsu Asagi"},"content":{"rendered":"<p>To Nakayama asagi to wymarzone wyko\u0144czenie brzytew, narz\u0119dzi i no\u017cy, odpowiednie do ultrawysokiej jako\u015bci polerowania i udoskonalania ostrzy. Kamie\u0144 jest bardzo twardy, ale \u0142atwy w obr\u00f3bce - szczeg\u00f3lnie w przypadku zastosowania z zawieszeniem bocznym lub Nagur\u0105. Polerowanie jest bardzo ostre i szczeg\u00f3\u0142owe, ale kontrast zostaje zachowany. <\/p>\n\n\n\n<p>To jasnoszare asagi ma do\u015b\u0107 wyra\u017any wz\u00f3r sumingashi (atrament na wodzie) na ca\u0142ym kamieniu. \u017badne wtr\u0105cenia nie s\u0105 widoczne, a linie s\u0105 bezpieczne. Kamie\u0144 jest znacznie ci\u0119\u017cszy, ni\u017c mo\u017cna by si\u0119 spodziewa\u0107 po jego rozmiarze, co oznacza, \u017ce ma bardzo g\u0119st\u0105 struktur\u0119 i b\u0119dzie si\u0119 bardzo powoli zu\u017cywa\u0142.<\/p>","protected":false},"excerpt":{"rendered":"<ul>\n<li>Idealny do wyka\u0144czania brzytew, no\u017cy, no\u017cyczek, narz\u0119dzi stolarskich i innych.<\/li>\n<li>Wymiary: 180x66x42 mm<\/li>\n<li>Waga: 1420 g<\/li>\n<li>Wytrzyma\u0142o\u015b\u0107: Poz. 5+<\/li>\n<li>Bezpieczne linie<\/li>\n<li>Powierzchnia jest g\u0142adka i gotowa do pracy<\/li>\n<\/ul>","protected":false},"featured_media":2152,"comment_status":"open","ping_status":"closed","template":"","meta":[],"product_brand":[],"product_cat":[22],"product_tag":[45,261,49],"class_list":{"0":"post-2149","1":"product","2":"type-product","3":"status-publish","4":"has-post-thumbnail","6":"product_cat-jnats","7":"product_tag-asagi","8":"product_tag-mitsu","9":"product_tag-nakayama","10":"product_shipping_class-iprastas","12":"first","13":"outofstock","14":"sale","15":"shipping-taxable","16":"purchasable","17":"product-type-simple"},"_links":{"self":[{"href":"https:\/\/jnats.eu\/pl\/wp-json\/wp\/v2\/product\/2149","targetHints":{"allow":["GET"]}}],"collection":[{"href":"https:\/\/jnats.eu\/pl\/wp-json\/wp\/v2\/product"}],"about":[{"href":"https:\/\/jnats.eu\/pl\/wp-json\/wp\/v2\/types\/product"}],"replies":[{"embeddable":true,"href":"https:\/\/jnats.eu\/pl\/wp-json\/wp\/v2\/comments?post=2149"}],"wp:featuredmedia":[{"embeddable":true,"href":"https:\/\/jnats.eu\/pl\/wp-json\/wp\/v2\/media\/2152"}],"wp:attachment":[{"href":"https:\/\/jnats.eu\/pl\/wp-json\/wp\/v2\/media?parent=2149"}],"wp:term":[{"taxonomy":"product_brand","embeddable":true,"href":"https:\/\/jnats.eu\/pl\/wp-json\/wp\/v2\/product_brand?post=2149"},{"taxonomy":"product_cat","embeddable":true,"href":"https:\/\/jnats.eu\/pl\/wp-json\/wp\/v2\/product_cat?post=2149"},{"taxonomy":"product_tag","embeddable":true,"href":"https:\/\/jnats.eu\/pl\/wp-json\/wp\/v2\/product_tag?post=2149"}],"curies":[{"name":"wp","href":"https:\/\/api.w.org\/{rel}","templated":true}]}}