{"id":2156,"date":"2025-08-26T15:16:22","date_gmt":"2025-08-26T12:16:22","guid":{"rendered":"http:\/\/jnats.eu\/?post_type=product&#038;p=2156"},"modified":"2025-09-04T14:31:44","modified_gmt":"2025-09-04T11:31:44","slug":"vintazinis-nakayama-kiita-tomae-su-dezute","status":"publish","type":"product","link":"https:\/\/jnats.eu\/pl\/produkt-2\/vintazinis-nakayama-kiita-tomae-su-dezute\/","title":{"rendered":"Vintage Nakayama Kiita Tomae z pude\u0142kiem"},"content":{"rendered":"<figure class=\"wp-block-embed is-type-video is-provider-youtube wp-block-embed-youtube wp-embed-aspect-16-9 wp-has-aspect-ratio\"><div class=\"wp-block-embed__wrapper\">\n<div class=\"video-container\"><iframe title=\"Ostrzenie Iwasaki Kamisori na kamieniu Nakayama Whetstone\" width=\"1170\" height=\"658\" src=\"https:\/\/www.youtube.com\/embed\/TnGyRyTGinA?start=1072&#038;feature=oembed\" frameborder=\"0\" allow=\"accelerometer; autoplay; clipboard-write; encrypted-media; gyroscope; picture-in-picture; web-share\" referrerpolicy=\"strict-origin-when-cross-origin\" allowfullscreen><\/iframe><\/div>\n<\/div><\/figure>\n\n\n\n<p>Pomimo swojej twardo\u015bci, Nakayama Kiita z kopalni Kato jest \u0142atwa w obr\u00f3bce. Jest wystarczaj\u0105co dobra do wyko\u0144czenia brzytwy, ale na tyle \u0142atwa w u\u017cyciu, \u017ce nadaje si\u0119 r\u00f3wnie\u017c do no\u017cy. W dotyku jest bardziej mi\u0119kki i g\u0142adszy ni\u017c mo\u017cna by si\u0119 spodziewa\u0107 po takiej twardo\u015bci. Bez gwo\u017adzia lub p\u0142ytki diamentowej kamie\u0144 wydziela niewielk\u0105 ilo\u015b\u0107 szlamu, ale wkr\u00f3tce poka\u017ce odpady metalu, kt\u00f3re zosta\u0142y wypolerowane. Jego rozmiar sprawia, \u017ce jest idealny do pracy z brzytwami, ale nadaje si\u0119 r\u00f3wnie\u017c do ostrzenia wi\u0119kszych narz\u0119dzi. Je\u015bli n\u00f3\u017c jest dobrze przygotowany, zapewni on r\u00f3wnie\u017c bardzo wyrafinowane polerowanie kasumi.<\/p>\n\n\n\n<p>Ta kiita nie jest tak jasno\u017c\u00f3\u0142ta jak niekt\u00f3re, ale ma dobry kolor z kilkoma br\u0105zowawymi plamami. <\/p>\n\n\n\n<p><strong>Nakayama (\u4e2d\u5c71)<\/strong><\/p>\n\n\n\n<p>Ta wschodnia kopalnia s\u0142ynie z kamieni wyko\u0144czeniowych awasedo i jest prawdopodobnie najbardziej poszukiwan\u0105 w\u015br\u00f3d profesjonalist\u00f3w i hobbyst\u00f3w zajmuj\u0105cych si\u0119 ostrzeniem. W por\u00f3wnaniu do kamieni o podobnej twardo\u015bci i czysto\u015bci z innych kopalni, kamienie Nakayama znane s\u0105 z przyjemniejszego wra\u017cenia ostrzenia i du\u017cej szybko\u015bci pracy. Szczeg\u00f3lnie cenione s\u0105 kamienie wielowarstwowe (Hondomae, Shikitomae) i Kiita.<\/p>\n\n\n\n<p><\/p>","protected":false},"excerpt":{"rendered":"<ul>\n<li>Idealny do wyka\u0144czania brzytew, no\u017cy, no\u017cyczek, narz\u0119dzi stolarskich i innych.<\/li>\n<li>Wymiary: 203x75x31-25 mm (grubo\u015b\u0107 mo\u017ce si\u0119 r\u00f3\u017cni\u0107)<\/li>\n<li>Waga: 1045 g<\/li>\n<li>Twardo\u015b\u0107: Poz. 4,5<\/li>\n<li>Powierzchnia jest g\u0142adka i gotowa do pracy<\/li>\n<li>Na \u015brodku kraw\u0119dzi znajduje si\u0119 ma\u0142e p\u0119kni\u0119cie<\/li>\n<\/ul>","protected":false},"featured_media":5169,"comment_status":"open","ping_status":"closed","template":"","meta":[],"product_brand":[],"product_cat":[22],"product_tag":[141,49,48],"class_list":{"0":"post-2156","1":"product","2":"type-product","3":"status-publish","4":"has-post-thumbnail","6":"product_cat-jnats","7":"product_tag-kiita","8":"product_tag-nakayama","9":"product_tag-nashiji","10":"product_shipping_class-iprastas","12":"first","13":"outofstock","14":"shipping-taxable","15":"purchasable","16":"product-type-simple"},"_links":{"self":[{"href":"https:\/\/jnats.eu\/pl\/wp-json\/wp\/v2\/product\/2156","targetHints":{"allow":["GET"]}}],"collection":[{"href":"https:\/\/jnats.eu\/pl\/wp-json\/wp\/v2\/product"}],"about":[{"href":"https:\/\/jnats.eu\/pl\/wp-json\/wp\/v2\/types\/product"}],"replies":[{"embeddable":true,"href":"https:\/\/jnats.eu\/pl\/wp-json\/wp\/v2\/comments?post=2156"}],"wp:featuredmedia":[{"embeddable":true,"href":"https:\/\/jnats.eu\/pl\/wp-json\/wp\/v2\/media\/5169"}],"wp:attachment":[{"href":"https:\/\/jnats.eu\/pl\/wp-json\/wp\/v2\/media?parent=2156"}],"wp:term":[{"taxonomy":"product_brand","embeddable":true,"href":"https:\/\/jnats.eu\/pl\/wp-json\/wp\/v2\/product_brand?post=2156"},{"taxonomy":"product_cat","embeddable":true,"href":"https:\/\/jnats.eu\/pl\/wp-json\/wp\/v2\/product_cat?post=2156"},{"taxonomy":"product_tag","embeddable":true,"href":"https:\/\/jnats.eu\/pl\/wp-json\/wp\/v2\/product_tag?post=2156"}],"curies":[{"name":"wp","href":"https:\/\/api.w.org\/{rel}","templated":true}]}}