{"id":2179,"date":"2024-04-28T10:50:58","date_gmt":"2024-04-28T07:50:58","guid":{"rendered":"http:\/\/jnats.eu\/?post_type=product&#038;p=2179"},"modified":"2024-11-11T18:08:55","modified_gmt":"2024-11-11T16:08:55","slug":"nakayama-awasedo","status":"publish","type":"product","link":"https:\/\/jnats.eu\/pl\/produkt-2\/nakayama-awasedo\/","title":{"rendered":"Nakayamy Awasedo"},"content":{"rendered":"<p>Kamie\u0144 do ostrzenia Nakayama o \u015bredniej twardo\u015bci jest do\u015b\u0107 twardy i \u0142atwy w obr\u00f3bce. Nie b\u0119dziesz potrzebowa\u0107 nagury ani diamentowej p\u0142yty, poniewa\u017c kamie\u0144 uwolni wystarczaj\u0105c\u0105 ilo\u015b\u0107 w\u0142asnej zawiesiny. \u015awietna opcja dla tych, kt\u00f3rzy nie lubi\u0105 \u201eta\u0144czy\u0107 z perkusj\u0105\u201d \u2013 po prostu we\u017a i zmiel. Jego rozmiar sprawia, \u017ce idealnie nadaje si\u0119 do brzytwy, ale \u015bwietnie nadaje si\u0119 r\u00f3wnie\u017c do ostrzenia wi\u0119kszych narz\u0119dzi. <\/p>\n\n\n\n<p>niezbyt przystojny, ale pi\u0119kny kamie\u0144, kt\u00f3ry dobrze si\u0119 sprawdza, a tego w\u0142a\u015bnie oczekujemy od kopalni Nakayama. Kamie\u0144 przyklejony jest do drewnianej podstawki.<\/p>\n\n\n\n<p><strong>Nakayama (\u4e2d\u5c71)<\/strong><\/p>\n\n\n\n<p>Ta wschodnia kopalnia s\u0142ynie z kamieni wyko\u0144czeniowych awasedo i jest prawdopodobnie najbardziej poszukiwan\u0105 w\u015br\u00f3d profesjonalist\u00f3w i hobbyst\u00f3w zajmuj\u0105cych si\u0119 ostrzeniem. W por\u00f3wnaniu do kamieni o podobnej twardo\u015bci i czysto\u015bci z innych kopalni, kamienie Nakayama znane s\u0105 z przyjemniejszego wra\u017cenia ostrzenia i du\u017cej szybko\u015bci pracy. Szczeg\u00f3lnie cenione s\u0105 kamienie wielowarstwowe (Hondomae, Shikitomae) i Kiita.<\/p>","protected":false},"excerpt":{"rendered":"<ul>\n<li>Nadaje si\u0119 do wyka\u0144czania brzytew, no\u017cy, no\u017cyczek, narz\u0119dzi stolarskich i innych.<\/li>\n<li>Wymiary: 195x70x23 mm<\/li>\n<li>Waga ze stojakiem: 1050 g<\/li>\n<li>Twardo\u015b\u0107: Poziom 4<\/li>\n<li>Powierzchnia jest g\u0142adka i gotowa do pracy<\/li>\n<\/ul>","protected":false},"featured_media":2183,"comment_status":"open","ping_status":"closed","template":"","meta":[],"product_brand":[],"product_cat":[22],"product_tag":[40,49],"class_list":{"0":"post-2179","1":"product","2":"type-product","3":"status-publish","4":"has-post-thumbnail","6":"product_cat-jnats","7":"product_tag-awasedo","8":"product_tag-nakayama","9":"product_shipping_class-iprastas","11":"first","12":"outofstock","13":"shipping-taxable","14":"purchasable","15":"product-type-simple"},"_links":{"self":[{"href":"https:\/\/jnats.eu\/pl\/wp-json\/wp\/v2\/product\/2179","targetHints":{"allow":["GET"]}}],"collection":[{"href":"https:\/\/jnats.eu\/pl\/wp-json\/wp\/v2\/product"}],"about":[{"href":"https:\/\/jnats.eu\/pl\/wp-json\/wp\/v2\/types\/product"}],"replies":[{"embeddable":true,"href":"https:\/\/jnats.eu\/pl\/wp-json\/wp\/v2\/comments?post=2179"}],"wp:featuredmedia":[{"embeddable":true,"href":"https:\/\/jnats.eu\/pl\/wp-json\/wp\/v2\/media\/2183"}],"wp:attachment":[{"href":"https:\/\/jnats.eu\/pl\/wp-json\/wp\/v2\/media?parent=2179"}],"wp:term":[{"taxonomy":"product_brand","embeddable":true,"href":"https:\/\/jnats.eu\/pl\/wp-json\/wp\/v2\/product_brand?post=2179"},{"taxonomy":"product_cat","embeddable":true,"href":"https:\/\/jnats.eu\/pl\/wp-json\/wp\/v2\/product_cat?post=2179"},{"taxonomy":"product_tag","embeddable":true,"href":"https:\/\/jnats.eu\/pl\/wp-json\/wp\/v2\/product_tag?post=2179"}],"curies":[{"name":"wp","href":"https:\/\/api.w.org\/{rel}","templated":true}]}}