{"id":2200,"date":"2024-04-28T11:27:29","date_gmt":"2024-04-28T08:27:29","guid":{"rendered":"http:\/\/jnats.eu\/?post_type=product&#038;p=2200"},"modified":"2024-12-11T00:47:56","modified_gmt":"2024-12-10T22:47:56","slug":"nakayama-tomae-awasedo","status":"publish","type":"product","link":"https:\/\/jnats.eu\/pl\/produkt-2\/nakayama-tomae-awasedo\/","title":{"rendered":"Nakayama Tomae Awasedo"},"content":{"rendered":"<p>Japo\u0144ski naturalny kamie\u0144 wyko\u0144czeniowy do ostrzenia Nakayama Tomae Awasedo. Jest to kamie\u0144 o \u015bredniej twardo\u015bci i doskona\u0142ej sile szlifowania. Polecamy go do wyka\u0144czania no\u017cy lub wst\u0119pnego wyka\u0144czania maszynek do golenia. Nadaje si\u0119 r\u00f3wnie\u017c do wyka\u0144czania maszynki do golenia, je\u015bli nie u\u017cywasz zbyt du\u017cej si\u0142y.<\/p>\n\n\n\n<p>Jest to ogromny kamie\u0144 o regularnym kszta\u0142cie, kt\u00f3ry spe\u0142nia swoje zadanie bardzo dobrze!<\/p>\n\n\n\n<p>Ten szary kamie\u0144 ma wz\u00f3r p\u0142ynnych r\u00f3\u017c\u00f3w i zieleni. Brak widocznych linii i wtr\u0105ce\u0144.<\/p>\n\n\n\n<p><strong>Nakayama (\u4e2d\u5c71)<\/strong><\/p>\n\n\n\n<p>Ta wschodnia kopalnia s\u0142ynie z kamieni wyko\u0144czeniowych awasedo i jest prawdopodobnie najbardziej poszukiwan\u0105 w\u015br\u00f3d profesjonalist\u00f3w i hobbyst\u00f3w zajmuj\u0105cych si\u0119 ostrzeniem. W por\u00f3wnaniu do kamieni o podobnej twardo\u015bci i czysto\u015bci z innych kopalni, kamienie Nakayama znane s\u0105 z przyjemniejszej reakcji ostrzenia i du\u017cej szybko\u015bci pracy. Szczeg\u00f3lnie cenione s\u0105 kamienie wielowarstwowe (Hondomae, Shikitomae) i Kiita.<\/p>","protected":false},"excerpt":{"rendered":"<ul>\n<li>Nadaje si\u0119 do wyka\u0144czania brzytew, no\u017cy, no\u017cyczek, narz\u0119dzi stolarskich i innych.<\/li>\n<li>Wymiary: 205x72x45mm<\/li>\n<li>Waga: 2110 g<\/li>\n<li>Twardo\u015b\u0107: Poziom 4<\/li>\n<li>Powierzchnia jest g\u0142adka i gotowa do pracy.<\/li>\n<li>Zalecamy prac\u0119 z ciep\u0142\u0105 wod\u0105, poniewa\u017c zimna woda pogarsza szybko\u015b\u0107 i reakcj\u0119.<\/li>\n<\/ul>","protected":false},"featured_media":2206,"comment_status":"open","ping_status":"closed","template":"","meta":[],"product_brand":[],"product_cat":[22],"product_tag":[40,49,67],"class_list":{"0":"post-2200","1":"product","2":"type-product","3":"status-publish","4":"has-post-thumbnail","6":"product_cat-jnats","7":"product_tag-awasedo","8":"product_tag-nakayama","9":"product_tag-tomae","10":"product_shipping_class-iprastas","12":"first","13":"outofstock","14":"sale","15":"shipping-taxable","16":"purchasable","17":"product-type-simple"},"_links":{"self":[{"href":"https:\/\/jnats.eu\/pl\/wp-json\/wp\/v2\/product\/2200","targetHints":{"allow":["GET"]}}],"collection":[{"href":"https:\/\/jnats.eu\/pl\/wp-json\/wp\/v2\/product"}],"about":[{"href":"https:\/\/jnats.eu\/pl\/wp-json\/wp\/v2\/types\/product"}],"replies":[{"embeddable":true,"href":"https:\/\/jnats.eu\/pl\/wp-json\/wp\/v2\/comments?post=2200"}],"wp:featuredmedia":[{"embeddable":true,"href":"https:\/\/jnats.eu\/pl\/wp-json\/wp\/v2\/media\/2206"}],"wp:attachment":[{"href":"https:\/\/jnats.eu\/pl\/wp-json\/wp\/v2\/media?parent=2200"}],"wp:term":[{"taxonomy":"product_brand","embeddable":true,"href":"https:\/\/jnats.eu\/pl\/wp-json\/wp\/v2\/product_brand?post=2200"},{"taxonomy":"product_cat","embeddable":true,"href":"https:\/\/jnats.eu\/pl\/wp-json\/wp\/v2\/product_cat?post=2200"},{"taxonomy":"product_tag","embeddable":true,"href":"https:\/\/jnats.eu\/pl\/wp-json\/wp\/v2\/product_tag?post=2200"}],"curies":[{"name":"wp","href":"https:\/\/api.w.org\/{rel}","templated":true}]}}