{"id":2207,"date":"2024-04-28T11:27:14","date_gmt":"2024-04-28T08:27:14","guid":{"rendered":"http:\/\/jnats.eu\/?post_type=product&#038;p=2207"},"modified":"2024-05-16T10:41:28","modified_gmt":"2024-05-16T07:41:28","slug":"nakayama-tomae-japonski-naturalny-kamien-wykonczeniowy-do-ostrzenia","status":"publish","type":"product","link":"https:\/\/jnats.eu\/pl\/produkt-2\/nakayama-tomae-japonski-naturalny-kamien-wykonczeniowy-do-ostrzenia\/","title":{"rendered":"Nakayama Tomae Japo\u0144ski naturalny kamie\u0144 wyko\u0144czeniowy do ostrzenia"},"content":{"rendered":"<p>Japo\u0144ski naturalny kamie\u0144 wyko\u0144czeniowy do ostrzenia Nakayama Tomae. Jest do\u015b\u0107 twardy i ma doskona\u0142\u0105 pr\u0119dko\u015b\u0107 ostrzenia. Polecamy go do wyka\u0144czania no\u017cy i maszynek do golenia. Oczywi\u015bcie b\u0119dzie dzia\u0142a\u0107 r\u00f3wnie\u017c w przypadku innych narz\u0119dzi.<\/p>\n\n\n\n<p>Jest to ogromny kamie\u0144 o regularnym kszta\u0142cie, kt\u00f3ry spe\u0142nia swoje zadanie bardzo dobrze! Nie s\u0105 widoczne \u017cadne \u201etoksyczne\u201d linie ani wtr\u0105cenia.<\/p>","protected":false},"excerpt":{"rendered":"<ul>\n<li>Nadaje si\u0119 do wyka\u0144czania maszynek do golenia, no\u017cy, narz\u0119dzi stolarskich i innych.<\/li>\n<li>Wymiary: 207x75x40mm<\/li>\n<li>Waga: 1510 g<\/li>\n<li>Twardo\u015b\u0107: Poz. 4,7<\/li>\n<li>Powierzchnia jest g\u0142adka i gotowa do pracy.<\/li>\n<li>Zalecamy prac\u0119 z ciep\u0142\u0105 wod\u0105, poniewa\u017c zimna woda pogarsza szybko\u015b\u0107 i reakcj\u0119.<\/li>\n<\/ul>","protected":false},"featured_media":2208,"comment_status":"open","ping_status":"closed","template":"","meta":[],"product_brand":[],"product_cat":[22],"product_tag":[49,67],"class_list":{"0":"post-2207","1":"product","2":"type-product","3":"status-publish","4":"has-post-thumbnail","6":"product_cat-jnats","7":"product_tag-nakayama","8":"product_tag-tomae","9":"product_shipping_class-iprastas","11":"first","12":"instock","13":"sale","14":"shipping-taxable","15":"purchasable","16":"product-type-simple"},"_links":{"self":[{"href":"https:\/\/jnats.eu\/pl\/wp-json\/wp\/v2\/product\/2207","targetHints":{"allow":["GET"]}}],"collection":[{"href":"https:\/\/jnats.eu\/pl\/wp-json\/wp\/v2\/product"}],"about":[{"href":"https:\/\/jnats.eu\/pl\/wp-json\/wp\/v2\/types\/product"}],"replies":[{"embeddable":true,"href":"https:\/\/jnats.eu\/pl\/wp-json\/wp\/v2\/comments?post=2207"}],"wp:featuredmedia":[{"embeddable":true,"href":"https:\/\/jnats.eu\/pl\/wp-json\/wp\/v2\/media\/2208"}],"wp:attachment":[{"href":"https:\/\/jnats.eu\/pl\/wp-json\/wp\/v2\/media?parent=2207"}],"wp:term":[{"taxonomy":"product_brand","embeddable":true,"href":"https:\/\/jnats.eu\/pl\/wp-json\/wp\/v2\/product_brand?post=2207"},{"taxonomy":"product_cat","embeddable":true,"href":"https:\/\/jnats.eu\/pl\/wp-json\/wp\/v2\/product_cat?post=2207"},{"taxonomy":"product_tag","embeddable":true,"href":"https:\/\/jnats.eu\/pl\/wp-json\/wp\/v2\/product_tag?post=2207"}],"curies":[{"name":"wp","href":"https:\/\/api.w.org\/{rel}","templated":true}]}}