{"id":2214,"date":"2024-04-28T11:43:55","date_gmt":"2024-04-28T08:43:55","guid":{"rendered":"http:\/\/jnats.eu\/?post_type=product&#038;p=2214"},"modified":"2024-10-20T15:02:22","modified_gmt":"2024-10-20T12:02:22","slug":"nakayama-tomae-kita","status":"publish","type":"product","link":"https:\/\/jnats.eu\/pl\/produkt-2\/nakayama-tomae-kita\/","title":{"rendered":"Nakayama Tomae Kiita"},"content":{"rendered":"<p>Nakayama Kiita zas\u0142uguje na miano najlepszego kamienia do ostrzenia, jaki mo\u017cna kupi\u0107 za pieni\u0105dze. Zwykle s\u0105 ma\u0142e, czyste, szybkie i nadaj\u0105 si\u0119 do wszystkiego, od ostrzenia brzytew po polerowanie no\u017cy kuchennych.<\/p>\n\n\n\n<p>Pi\u0119kny, autentyczny kamie\u0144 kiita z kopalni Nakayama. Wydobyty w latach 50-tych. Kamie\u0144 ten jest jasno\u017c\u00f3\u0142ty, ozdobiony rzadkimi kropkami nashiji i kilkoma bezpiecznymi liniami numazu.<\/p>\n\n\n\n<p>Wra\u017cenie ostrzenia jest boskie, z solidn\u0105 podstaw\u0105, a jednocze\u015bnie wyj\u0105tkowo p\u0142ynn\u0105 reakcj\u0105. Czarny chip wyr\u00f3\u017cnia si\u0119 natychmiast, a kamie\u0144 po prostu przecina stal, zachowuj\u0105c wspania\u0142e wra\u017cenia dotykowe. Jego zawieszenie nie zwalnia zbyt wiele, ale nie przeszkadza to w szybkiej pracy.<\/p>\n\n\n\n<p>Kasumi ma m\u0119tne wyko\u0144czenie, z du\u017cym kontrastem pomi\u0119dzy hagane i jigane, co jest mniej powszechne w twardszych kamieniach Nakayama. Podczas pracy kamie\u0144 wydziela silny i specyficzny zapach.<\/p>\n\n\n\n<p><strong>P\u0142aszczyzna pozioma pokazuje p\u0119kni\u0119cie lub lu\u017an\u0105 ska\u0142\u0119 wok\u00f3\u0142 ca\u0142ego kamienia mniej wi\u0119cej w po\u0142owie<\/strong>. Dlatego Twoje wnuki mog\u0105 by\u0107 zmuszone do usuni\u0119cia kilku kamieni o d\u0142ugo\u015bci oko\u0142o p\u00f3\u0142 centymetra. Istnieje r\u00f3wnie\u017c niewielka szansa, \u017ce kamie\u0144 si\u0119 tam roz\u0142upnie. Aby go zmniejszy\u0107, boki kamienia mo\u017cna pokry\u0107 lakierem, zapobiegaj\u0105c w ten spos\u00f3b przedostawaniu si\u0119 wody do p\u0119kni\u0119cia.<\/p>\n\n\n\n<p><strong>Nakayama (\u4e2d\u5c71)<\/strong><\/p>\n\n\n\n<p>Ta wschodnia kopalnia s\u0142ynie z kamieni wyko\u0144czeniowych awasedo i jest prawdopodobnie najbardziej poszukiwan\u0105 w\u015br\u00f3d profesjonalist\u00f3w i hobbyst\u00f3w zajmuj\u0105cych si\u0119 ostrzeniem. W por\u00f3wnaniu do kamieni o podobnej twardo\u015bci i czysto\u015bci z innych kopalni, kamienie Nakayama znane s\u0105 z przyjemniejszej reakcji ostrzenia i du\u017cej szybko\u015bci pracy. Szczeg\u00f3lnie cenione s\u0105 kamienie wielowarstwowe (Hondomae, Shikitomae) i Kiita.<\/p>\n\n\n\n<figure class=\"wp-block-embed is-type-video is-provider-youtube wp-block-embed-youtube wp-embed-aspect-16-9 wp-has-aspect-ratio\"><div class=\"wp-block-embed__wrapper\">\n<div class=\"video-container\"><iframe title=\"Nakayama Tomae Kiita i Ohira Naikumo Suita\" width=\"1170\" height=\"658\" src=\"https:\/\/www.youtube.com\/embed\/VZSDGTWTt3c?start=260&#038;feature=oembed\" frameborder=\"0\" allow=\"accelerometer; autoplay; clipboard-write; encrypted-media; gyroscope; picture-in-picture; web-share\" referrerpolicy=\"strict-origin-when-cross-origin\" allowfullscreen><\/iframe><\/div>\n<\/div><\/figure>","protected":false},"excerpt":{"rendered":"<ul>\n<li>Nadaje si\u0119 do wyka\u0144czania brzytew, no\u017cy, no\u017cyczek, narz\u0119dzi stolarskich i innych.\u00a0<\/li>\n<li>Wymiary: 205x75x35 mm<\/li>\n<li>Waga: 1290 g<\/li>\n<li>Twardo\u015b\u0107: Poz. 4,8<\/li>\n<li>Powierzchnia jest g\u0142adka i gotowa do pracy.<\/li>\n<li>Zalecamy prac\u0119 z ciep\u0142\u0105 wod\u0105, poniewa\u017c zimna woda pogarsza szybko\u015b\u0107 i reakcj\u0119.<\/li>\n<\/ul>","protected":false},"featured_media":2224,"comment_status":"open","ping_status":"closed","template":"","meta":[],"product_brand":[],"product_cat":[22],"product_tag":[141,49,67],"class_list":{"0":"post-2214","1":"product","2":"type-product","3":"status-publish","4":"has-post-thumbnail","6":"product_cat-jnats","7":"product_tag-kiita","8":"product_tag-nakayama","9":"product_tag-tomae","10":"product_shipping_class-iprastas","12":"first","13":"outofstock","14":"shipping-taxable","15":"purchasable","16":"product-type-simple"},"_links":{"self":[{"href":"https:\/\/jnats.eu\/pl\/wp-json\/wp\/v2\/product\/2214","targetHints":{"allow":["GET"]}}],"collection":[{"href":"https:\/\/jnats.eu\/pl\/wp-json\/wp\/v2\/product"}],"about":[{"href":"https:\/\/jnats.eu\/pl\/wp-json\/wp\/v2\/types\/product"}],"replies":[{"embeddable":true,"href":"https:\/\/jnats.eu\/pl\/wp-json\/wp\/v2\/comments?post=2214"}],"wp:featuredmedia":[{"embeddable":true,"href":"https:\/\/jnats.eu\/pl\/wp-json\/wp\/v2\/media\/2224"}],"wp:attachment":[{"href":"https:\/\/jnats.eu\/pl\/wp-json\/wp\/v2\/media?parent=2214"}],"wp:term":[{"taxonomy":"product_brand","embeddable":true,"href":"https:\/\/jnats.eu\/pl\/wp-json\/wp\/v2\/product_brand?post=2214"},{"taxonomy":"product_cat","embeddable":true,"href":"https:\/\/jnats.eu\/pl\/wp-json\/wp\/v2\/product_cat?post=2214"},{"taxonomy":"product_tag","embeddable":true,"href":"https:\/\/jnats.eu\/pl\/wp-json\/wp\/v2\/product_tag?post=2214"}],"curies":[{"name":"wp","href":"https:\/\/api.w.org\/{rel}","templated":true}]}}