{"id":2240,"date":"2024-04-29T11:23:44","date_gmt":"2024-04-29T08:23:44","guid":{"rendered":"http:\/\/jnats.eu\/?post_type=product&#038;p=2240"},"modified":"2024-09-22T15:26:07","modified_gmt":"2024-09-22T12:26:07","slug":"kamien-do-ostrzenia-nakayama-homdomae-ze-starozytnej-warstwy","status":"publish","type":"product","link":"https:\/\/jnats.eu\/pl\/produkt-2\/kamien-do-ostrzenia-nakayama-homdomae-ze-starozytnej-warstwy\/","title":{"rendered":"Ose\u0142ka Nakayama Hondomae ze staro\u017cytnej warstwy"},"content":{"rendered":"<p>Nakayama Hondomae wydobywano w prefekturze Umegahata. Kamie\u0144 ten wykopa\u0142 p. Honda 300 lat temu. Warstwa Hondomae zosta\u0142a ca\u0142kowicie wyczerpana 100 lat temu, a po niej nast\u0105pi\u0142o wiele innych. w 1971 r firma Hatanaka Toishi kupi\u0142a prawa do wydobywania kopalni Nakayama i rozpocz\u0119\u0142a jej eksploatacj\u0119. Je\u015bli szyb skr\u0119ci na boki, mo\u017cna tam i\u015b\u0107 niemal w niesko\u0144czono\u015b\u0107, natomiast je\u015bli prowadzi na g\u00f3r\u0119, pr\u0119dzej czy p\u00f3\u017aniej trzeba b\u0119dzie si\u0119 zatrzyma\u0107, bo grozi zawaleniem. Dlatego w 1967 roku kopalnia Nakayama Kato-san musia\u0142a zosta\u0107 zamkni\u0119ta. Dobry kamie\u0144 do dodania do kolekcji, bo ju\u017c prawie znikn\u0119\u0142y z rynku.<\/p>\n\n\n\n<p>W innych cz\u0119\u015bciach tej g\u00f3ry mo\u017cna dzi\u015b znale\u017a\u0107 r\u00f3wnie\u017c kamienie do ostrzenia dobrej jako\u015bci, ale s\u0105 one znacznie gorszej jako\u015bci od tych zabytkowych. <\/p>\n\n\n\n<p>\u015aredniej twardo\u015bci Japo\u0144ski kamie\u0144 do ostrzenia Nakayama Homdomae, z kt\u00f3rym \u0142atwo si\u0119 pracuje. Jest na tyle w porz\u0105dku, aby odpowiednio wyko\u0144czy\u0107 brzytw\u0119, ale jest na tyle \u0142atwy w u\u017cyciu, \u017ce nadaje si\u0119 r\u00f3wnie\u017c do no\u017cy. Mo\u017cna obej\u015b\u0107 si\u0119 bez grzbietu i tarczy diamentowej, poniewa\u017c kamie\u0144 uwolni wystarczaj\u0105c\u0105 ilo\u015b\u0107 w\u0142asnej zawiesiny i wkr\u00f3tce widoczne b\u0119d\u0105 odpady wypolerowanego metalu. Ze wzgl\u0119du na sw\u00f3j rozmiar idealnie nadaje si\u0119 do ostrzenia maszynek do golenia, szczeg\u00f3lnie je\u015bli lubisz delikatne i bezpieczne golenie. Mo\u017ce by\u0107 r\u00f3wnie\u017c stosowany jako dawca zawiesiny na twardej skale.   <\/p>","protected":false},"excerpt":{"rendered":"<ul>\n<li>Nadaje si\u0119 do wyka\u0144czania brzytew, no\u017cy, no\u017cyczek, narz\u0119dzi stolarskich i innych.<\/li>\n<li>Wymiary: 140x79x22 mm<\/li>\n<li>Waga: 620 g<\/li>\n<li>Twardo\u015b\u0107: Poziom 4<\/li>\n<li>Powierzchnia jest g\u0142adka i gotowa do pracy<\/li>\n<\/ul>","protected":false},"featured_media":2244,"comment_status":"open","ping_status":"closed","template":"","meta":[],"product_brand":[],"product_cat":[22],"product_tag":[139,49],"class_list":{"0":"post-2240","1":"product","2":"type-product","3":"status-publish","4":"has-post-thumbnail","6":"product_cat-jnats","7":"product_tag-homdomae","8":"product_tag-nakayama","9":"product_shipping_class-iprastas","11":"first","12":"outofstock","13":"sale","14":"shipping-taxable","15":"purchasable","16":"product-type-simple"},"_links":{"self":[{"href":"https:\/\/jnats.eu\/pl\/wp-json\/wp\/v2\/product\/2240","targetHints":{"allow":["GET"]}}],"collection":[{"href":"https:\/\/jnats.eu\/pl\/wp-json\/wp\/v2\/product"}],"about":[{"href":"https:\/\/jnats.eu\/pl\/wp-json\/wp\/v2\/types\/product"}],"replies":[{"embeddable":true,"href":"https:\/\/jnats.eu\/pl\/wp-json\/wp\/v2\/comments?post=2240"}],"wp:featuredmedia":[{"embeddable":true,"href":"https:\/\/jnats.eu\/pl\/wp-json\/wp\/v2\/media\/2244"}],"wp:attachment":[{"href":"https:\/\/jnats.eu\/pl\/wp-json\/wp\/v2\/media?parent=2240"}],"wp:term":[{"taxonomy":"product_brand","embeddable":true,"href":"https:\/\/jnats.eu\/pl\/wp-json\/wp\/v2\/product_brand?post=2240"},{"taxonomy":"product_cat","embeddable":true,"href":"https:\/\/jnats.eu\/pl\/wp-json\/wp\/v2\/product_cat?post=2240"},{"taxonomy":"product_tag","embeddable":true,"href":"https:\/\/jnats.eu\/pl\/wp-json\/wp\/v2\/product_tag?post=2240"}],"curies":[{"name":"wp","href":"https:\/\/api.w.org\/{rel}","templated":true}]}}