{"id":2246,"date":"2024-04-29T11:35:34","date_gmt":"2024-04-29T08:35:34","guid":{"rendered":"http:\/\/jnats.eu\/?post_type=product&#038;p=2246"},"modified":"2024-09-21T11:33:09","modified_gmt":"2024-09-21T08:33:09","slug":"nakayama-maruka-8-sluoksniu-hondomae-shikitomae","status":"publish","type":"product","link":"https:\/\/jnats.eu\/pl\/produkt-2\/nakayama-maruka-8-sluoksniu-hondomae-shikitomae\/","title":{"rendered":"Nakayama Maruka 8-warstwowa Hondomae Shikitomae"},"content":{"rendered":"<p>O\u015bmiowarstwowe ose\u0142ki Nakayama niemal znikn\u0119\u0142y z rynku, poniewa\u017c s\u0105 produktami z najwy\u017cszej p\u00f3\u0142ki. Jest kamieniem doskona\u0142ym pod ka\u017cdym wzgl\u0119dem: delikatno\u015bci\u0105, g\u0142adko\u015bci\u0105, szybko\u015bci\u0105 pracy i responsywno\u015bci\u0105. W Japonii okazy o masie 2,9 kg mo\u017cna by\u0142o kupi\u0107 za 10 000 euro.<\/p>\n\n\n\n<p>Jest to doskona\u0142y kamie\u0144 szlifierski i w Japonii nazywany jest \u201ebez sufitu\u201d. Oznacza to, \u017ce podana cena kamienia nie ma znaczenia, niezale\u017cnie od tego, ile oferuje go sprzedawca.<\/p>\n\n\n\n<p>Poniewa\u017c jednak jest to biznes, w bran\u017cy panuje uczciwa cena. W normalnym japo\u0144skim naturalnym ostrzeniu s\u0105 to najdro\u017csze ose\u0142ki.<\/p>\n\n\n\n<p>Kamie\u0144 ten ma kszta\u0142t idealny do brzytwy i grubo\u015b\u0107, kt\u00f3ra przetrwa kilka stuleci. Znaczek Maruka \u32d5\u6b63\u672c\u5c71 jest ledwo widoczny, ale jest. Kato-san, ostatni w\u0142a\u015bciciel kopalni Nakayama, u\u017cywa\u0142 tego znaku wy\u0142\u0105cznie na najwy\u017cszej jako\u015bci japo\u0144skich kamieniach do ostrzenia.\u00a0<\/p>\n\n\n\n<p><strong>Nakayama (\u4e2d\u5c71)<\/strong><\/p>\n\n\n\n<p>Ta wschodnia kopalnia s\u0142ynie z kamieni wyko\u0144czeniowych awasedo i jest prawdopodobnie najbardziej poszukiwan\u0105 w\u015br\u00f3d profesjonalist\u00f3w i hobbyst\u00f3w zajmuj\u0105cych si\u0119 ostrzeniem. W por\u00f3wnaniu do kamieni o podobnej twardo\u015bci i czysto\u015bci z innych kopalni, kamienie Nakayama znane s\u0105 z przyjemniejszego wra\u017cenia ostrzenia i du\u017cej szybko\u015bci pracy. Szczeg\u00f3lnie cenione s\u0105 kamienie wielowarstwowe (Hondomae, Shikitomae) i Kiita.<\/p>","protected":false},"excerpt":{"rendered":"<ul>\n<li>Idealny do wyka\u0144czania brzytew, no\u017cy, no\u017cyczek, narz\u0119dzi stolarskich i innych.<\/li>\n<li>Wymiary: 194x69x30mm<\/li>\n<li>Waga ze stojakiem: 1150 g<\/li>\n<li>Wytrzyma\u0142o\u015b\u0107: Poz. 5<\/li>\n<li>Powierzchnia jest g\u0142adka i gotowa do pracy<\/li>\n<li>Palcem mo\u017cna wyczu\u0107 kilka kropek, ale nie przeszkadzaj\u0105 one w ostrzeniu i z czasem powinny si\u0119 \u015bciera\u0107. Uszkodzony naro\u017cnik, co jest wyra\u017anie widoczne na zdj\u0119ciach.<\/li>\n<\/ul>","protected":false},"featured_media":2249,"comment_status":"open","ping_status":"closed","template":"","meta":[],"product_brand":[],"product_cat":[22],"product_tag":[260,51,58,49,108],"class_list":{"0":"post-2246","1":"product","2":"type-product","3":"status-publish","4":"has-post-thumbnail","6":"product_cat-jnats","7":"product_tag-8-sluoksniu","8":"product_tag-hondomae","9":"product_tag-maruka","10":"product_tag-nakayama","11":"product_tag-shikitomae","12":"product_shipping_class-iprastas","14":"first","15":"outofstock","16":"sale","17":"shipping-taxable","18":"purchasable","19":"product-type-simple"},"_links":{"self":[{"href":"https:\/\/jnats.eu\/pl\/wp-json\/wp\/v2\/product\/2246","targetHints":{"allow":["GET"]}}],"collection":[{"href":"https:\/\/jnats.eu\/pl\/wp-json\/wp\/v2\/product"}],"about":[{"href":"https:\/\/jnats.eu\/pl\/wp-json\/wp\/v2\/types\/product"}],"replies":[{"embeddable":true,"href":"https:\/\/jnats.eu\/pl\/wp-json\/wp\/v2\/comments?post=2246"}],"wp:featuredmedia":[{"embeddable":true,"href":"https:\/\/jnats.eu\/pl\/wp-json\/wp\/v2\/media\/2249"}],"wp:attachment":[{"href":"https:\/\/jnats.eu\/pl\/wp-json\/wp\/v2\/media?parent=2246"}],"wp:term":[{"taxonomy":"product_brand","embeddable":true,"href":"https:\/\/jnats.eu\/pl\/wp-json\/wp\/v2\/product_brand?post=2246"},{"taxonomy":"product_cat","embeddable":true,"href":"https:\/\/jnats.eu\/pl\/wp-json\/wp\/v2\/product_cat?post=2246"},{"taxonomy":"product_tag","embeddable":true,"href":"https:\/\/jnats.eu\/pl\/wp-json\/wp\/v2\/product_tag?post=2246"}],"curies":[{"name":"wp","href":"https:\/\/api.w.org\/{rel}","templated":true}]}}