{"id":2252,"date":"2024-04-29T11:50:24","date_gmt":"2024-04-29T08:50:24","guid":{"rendered":"http:\/\/jnats.eu\/?post_type=product&#038;p=2252"},"modified":"2024-10-20T14:58:58","modified_gmt":"2024-10-20T11:58:58","slug":"nakayama-kiita-karasu-nashiji-tomae-maruka","status":"publish","type":"product","link":"https:\/\/jnats.eu\/pl\/produkt-2\/nakayama-kiita-karasu-nashiji-tomae-maruka\/","title":{"rendered":"Nakayama Kiita Karasu Nashiji Tomae Maruka"},"content":{"rendered":"<p>Ten du\u017cy kamie\u0144 doskonale oddaje wszystkie zalety Nakayamy - ma\u0142y, ale w miar\u0119 szybki i g\u0142adki. Nie potrzebuje ksi\u0119gi tom\u00f3w ani diamentowej p\u0142yty, aby zacz\u0105\u0107 dzia\u0142a\u0107. Nakayama Kiita Karasu Nashiji Tomae Maruka poleruje szybko i pozostawia bardzo wyrafinowany po\u0142ysk. D\u0142ugie ostrza ze wzgl\u0119du na swoje du\u017ce rozmiary s\u0105 bardzo \u0142atwe w naostrzeniu, jak ka\u017cde inne narz\u0119dzie.<\/p>\n\n\n\n<p>Ta ose\u0142ka Nakayama ma \u017c\u00f3\u0142taw\u0105 podstaw\u0119, kropki Nashiji na ca\u0142ej powierzchni i bardzo subtelny wz\u00f3r karasu, kt\u00f3ry staje si\u0119 bardziej widoczny, gdy jest mokry.<\/p>\n\n\n\n<p>Kamie\u0144 ten ma kszta\u0142t idealny do brzytwy i grubo\u015b\u0107, kt\u00f3ra przetrwa kilka stuleci. Piecz\u0119\u0107 Maruki \u32d5\u6b63\u672c\u5c71 jest wyra\u017anie widoczna, poniewa\u017c jest pokryta lakierem i nie \u015bciera\u0142a si\u0119 przez d\u0142ugi czas. Kato-san, ostatni w\u0142a\u015bciciel kopalni Nakayama, u\u017cywa\u0142 tego znaku wy\u0142\u0105cznie na najwy\u017cszej jako\u015bci japo\u0144skich kamieniach do ostrzenia.\u00a0<\/p>\n\n\n\n<p>Kamie\u0144 Nakayama s\u0142ynie ze znaku Kato Mutsuyama Maruka z liter\u0105 \u201eka\u201d i piecz\u0119ci Seihonzan \u32d5\u6b63\u672c\u5c71. Kato Mutsuyama by\u0142 pierwszym, kt\u00f3ry wyrze\u017abi\u0142 tak\u0105 piecz\u0119\u0107. Ponadwymiarowe, du\u017ce lub szorstkie kamienie pierwotnie nie nosi\u0142y znaku Maruka. Istniej\u0105 jednak r\u00f3wnie\u017c produkty wysokiej jako\u015bci i niestandardowe kamienie do ostrzenia, kt\u00f3re zosta\u0142y p\u00f3\u017aniej opatrzone piecz\u0119ci\u0105 Maruka podczas ko\u0144cowej obr\u00f3bki w handlu detalicznym, a tak\u017ce kamienie wyci\u0119te przez sprzedawc\u0119 z surowych kamieni bez piecz\u0119ci \u02bb\u672c\u5c71. Ponadto kamienie szlifierskie Nakayama sprzedawane przed okresem stemplowania nie s\u0105 opatrzone piecz\u0119ci\u0105 Maruka. <\/p>\n\n\n\n<p>W ka\u017cdym razie, je\u015bli jest to kamie\u0144 Kato Mutsuyamy z tej kopalni, b\u0119dzie to ten sam kamie\u0144 Nakayama, niezale\u017cnie od tego, czy ma znak Maruka, czy nie. Sam znaczek \u32d5\u6b63\u672c\u5c71 mo\u017ce by\u0107 obecny lub nie, w zale\u017cno\u015bci od kana\u0142u dystrybucji i nie gwarantuje jako\u015bci. Nie tylko Nakayama, ale tak\u017ce inne naturalne kamienie szlifierskie, ka\u017cdy jest inny i nie ma dw\u00f3ch takich samych. Poza tym od zamkni\u0119cia kopalni min\u0119\u0142o wiele lat, dlatego z roku na rok na rynku pojawia si\u0119 coraz mniej dobrych okaz\u00f3w.<\/p>\n\n\n\n<p>Ze wzgl\u0119du na ich rzadko\u015b\u0107 i si\u0142\u0119 marki istnieje wiele podr\u00f3bek, dlatego zalecamy, aby nie ufa\u0107 zbytnio piecz\u0119ci Maruka i oceni\u0107 kamie\u0144 na w\u0142asne oczy.\u00a0<\/p>\n\n\n\n<p>Kopalnia Kato znajduje si\u0119 w g\u00f3rach Nakayama, gdzie wydobywano kamienie do ose\u0142ek i zosta\u0142a tak nazwana, poniewa\u017c by\u0142a w\u0142asno\u015bci\u0105 pana Kato. Hatanaka Whetstone to sklep z kamieniami o d\u0142ugiej tradycji w Kioto. Po wojnie sprzeda\u017c\u0105 kamieni szlifierskich Nakayama wydobywanych w Kato Utsuyama zarz\u0105dza\u0142a pi\u0119cioosobowa grupa z wiod\u0105cego sklepu kamieniarskiego w Kioto. M\u00f3wi si\u0119, \u017ce w\u015br\u00f3d nich Hatanaka Toishi przez pewien czas cieszy\u0142 si\u0119 najwi\u0119kszym zaufaniem w\u0142a\u015bcicieli g\u00f3r. w 1952 r Hatanaka Toishi zarejestrowa\u0142 mark\u0119 Junshin Honzan (\u7d14\u7a7a\u6b63\u672c\u5c71), aby wyr\u00f3\u017cni\u0107 si\u0119 na tle innych sprzedawc\u00f3w detalicznych. Po roku 1980 prawa do kopalni Nakayama kupi\u0142a Hatanaka Whetstone i sta\u0142a si\u0119 w\u0142a\u015bcicielem marki Maruka. W tym samym czasie kamienie z tej kopalni by\u0142y dystrybuowane tak\u017ce za po\u015brednictwem innych sprzedawc\u00f3w detalicznych.<\/p>\n\n\n\n<p><strong>Nakayama (\u4e2d\u5c71)<\/strong><\/p>\n\n\n\n<p>Ta wschodnia kopalnia s\u0142ynie z kamieni wyko\u0144czeniowych awasedo i jest prawdopodobnie najbardziej poszukiwan\u0105 w\u015br\u00f3d profesjonalist\u00f3w i hobbyst\u00f3w zajmuj\u0105cych si\u0119 ostrzeniem. W por\u00f3wnaniu do kamieni o podobnej twardo\u015bci i czysto\u015bci z innych kopalni, kamienie Nakayama znane s\u0105 z przyjemniejszego wra\u017cenia ostrzenia i du\u017cej szybko\u015bci pracy. Szczeg\u00f3lnie cenione s\u0105 kamienie wielowarstwowe (Hondomae, Shikitomae) i Kiita.<\/p>","protected":false},"excerpt":{"rendered":"<ul>\n<li>Idealny do wyka\u0144czania brzytew, no\u017cy, no\u017cyczek, narz\u0119dzi stolarskich i innych.<\/li>\n<li>Wymiary: 209x76x35mm<\/li>\n<li>Waga: 1390 g<\/li>\n<li>Twardo\u015b\u0107: Poz. 4,7<\/li>\n<li>Powierzchnia jest g\u0142adka i gotowa do pracy<\/li>\n<li>Linia jest bezpieczna<\/li>\n<\/ul>","protected":false},"featured_media":2253,"comment_status":"open","ping_status":"closed","template":"","meta":[],"product_brand":[],"product_cat":[22],"product_tag":[57,141,58,49],"class_list":{"0":"post-2252","1":"product","2":"type-product","3":"status-publish","4":"has-post-thumbnail","6":"product_cat-jnats","7":"product_tag-karasu","8":"product_tag-kiita","9":"product_tag-maruka","10":"product_tag-nakayama","11":"product_shipping_class-iprastas","13":"first","14":"outofstock","15":"sale","16":"shipping-taxable","17":"purchasable","18":"product-type-simple"},"_links":{"self":[{"href":"https:\/\/jnats.eu\/pl\/wp-json\/wp\/v2\/product\/2252","targetHints":{"allow":["GET"]}}],"collection":[{"href":"https:\/\/jnats.eu\/pl\/wp-json\/wp\/v2\/product"}],"about":[{"href":"https:\/\/jnats.eu\/pl\/wp-json\/wp\/v2\/types\/product"}],"replies":[{"embeddable":true,"href":"https:\/\/jnats.eu\/pl\/wp-json\/wp\/v2\/comments?post=2252"}],"wp:featuredmedia":[{"embeddable":true,"href":"https:\/\/jnats.eu\/pl\/wp-json\/wp\/v2\/media\/2253"}],"wp:attachment":[{"href":"https:\/\/jnats.eu\/pl\/wp-json\/wp\/v2\/media?parent=2252"}],"wp:term":[{"taxonomy":"product_brand","embeddable":true,"href":"https:\/\/jnats.eu\/pl\/wp-json\/wp\/v2\/product_brand?post=2252"},{"taxonomy":"product_cat","embeddable":true,"href":"https:\/\/jnats.eu\/pl\/wp-json\/wp\/v2\/product_cat?post=2252"},{"taxonomy":"product_tag","embeddable":true,"href":"https:\/\/jnats.eu\/pl\/wp-json\/wp\/v2\/product_tag?post=2252"}],"curies":[{"name":"wp","href":"https:\/\/api.w.org\/{rel}","templated":true}]}}