{"id":2263,"date":"2024-04-29T11:57:03","date_gmt":"2024-04-29T08:57:03","guid":{"rendered":"http:\/\/jnats.eu\/?post_type=product&#038;p=2263"},"modified":"2025-04-11T21:03:49","modified_gmt":"2025-04-11T18:03:49","slug":"nakayama-kiita-nashiji-2","status":"publish","type":"product","link":"https:\/\/jnats.eu\/pl\/produkt-2\/nakayama-kiita-nashiji-2\/","title":{"rendered":"Nakayama Kiita Nashiji"},"content":{"rendered":"<p>Pomimo tego, \u017ce jest bardzo twardy, ose\u0142ka Nakayama Kiita Nashiji jest \u0142atwa w obr\u00f3bce. Jest wystarczaj\u0105co dobry, aby wyko\u0144czy\u0107 brzytw\u0119, ale na tyle \u0142atwy w u\u017cyciu, \u017ce nadaje si\u0119 r\u00f3wnie\u017c do no\u017cy. Jest bardziej mi\u0119kki i szybszy, ni\u017c mo\u017cna by si\u0119 spodziewa\u0107 po tej twardo\u015bci. Bez grzbietu lub p\u0142ytki diamentowej kamie\u0144 nie zwolni zawieszenia, ale z\u0142om wkr\u00f3tce b\u0119dzie widoczny. Jego rozmiar sprawia, \u017ce idealnie nadaje si\u0119 do brzytwy, ale mo\u017cna go r\u00f3wnie\u017c u\u017cywa\u0107 do ostrzenia wi\u0119kszych narz\u0119dzi. Je\u015bli tw\u00f3j n\u00f3\u017c jest dobrze przygotowany, da r\u00f3wnie\u017c bardzo wyrafinowany po\u0142ysk kasumi.<\/p>\n\n\n\n<p>Ta kiita jest jasno\u017c\u00f3\u0142ta z szarymi plamami. Wsz\u0119dzie pe\u0142no kropek Nashiji. <\/p>\n\n\n\n<p><strong>Nakayama (\u4e2d\u5c71)<\/strong><\/p>\n\n\n\n<p>Ta wschodnia kopalnia s\u0142ynie z kamieni wyko\u0144czeniowych awasedo i jest prawdopodobnie najbardziej poszukiwan\u0105 w\u015br\u00f3d profesjonalist\u00f3w i hobbyst\u00f3w zajmuj\u0105cych si\u0119 ostrzeniem. W por\u00f3wnaniu do kamieni o podobnej twardo\u015bci i czysto\u015bci z innych kopalni, kamienie Nakayama znane s\u0105 z przyjemniejszego wra\u017cenia ostrzenia i du\u017cej szybko\u015bci pracy. Szczeg\u00f3lnie cenione s\u0105 kamienie wielowarstwowe (Hondomae, Shikitomae) i Kiita.<\/p>","protected":false},"excerpt":{"rendered":"<ul>\n<li>Idealny do wyka\u0144czania brzytew, no\u017cy, no\u017cyczek, narz\u0119dzi stolarskich i innych.<\/li>\n<li>Wymiary: 135x82x25 mm<\/li>\n<li>Waga: 610 g<\/li>\n<li>Wytrzyma\u0142o\u015b\u0107: Poz. 5<\/li>\n<li>Powierzchnia jest g\u0142adka i gotowa do pracy<\/li>\n<\/ul>","protected":false},"featured_media":2270,"comment_status":"open","ping_status":"closed","template":"","meta":[],"product_brand":[],"product_cat":[22],"product_tag":[141,49,48],"class_list":{"0":"post-2263","1":"product","2":"type-product","3":"status-publish","4":"has-post-thumbnail","6":"product_cat-jnats","7":"product_tag-kiita","8":"product_tag-nakayama","9":"product_tag-nashiji","10":"product_shipping_class-iprastas","12":"first","13":"outofstock","14":"shipping-taxable","15":"purchasable","16":"product-type-simple"},"_links":{"self":[{"href":"https:\/\/jnats.eu\/pl\/wp-json\/wp\/v2\/product\/2263","targetHints":{"allow":["GET"]}}],"collection":[{"href":"https:\/\/jnats.eu\/pl\/wp-json\/wp\/v2\/product"}],"about":[{"href":"https:\/\/jnats.eu\/pl\/wp-json\/wp\/v2\/types\/product"}],"replies":[{"embeddable":true,"href":"https:\/\/jnats.eu\/pl\/wp-json\/wp\/v2\/comments?post=2263"}],"wp:featuredmedia":[{"embeddable":true,"href":"https:\/\/jnats.eu\/pl\/wp-json\/wp\/v2\/media\/2270"}],"wp:attachment":[{"href":"https:\/\/jnats.eu\/pl\/wp-json\/wp\/v2\/media?parent=2263"}],"wp:term":[{"taxonomy":"product_brand","embeddable":true,"href":"https:\/\/jnats.eu\/pl\/wp-json\/wp\/v2\/product_brand?post=2263"},{"taxonomy":"product_cat","embeddable":true,"href":"https:\/\/jnats.eu\/pl\/wp-json\/wp\/v2\/product_cat?post=2263"},{"taxonomy":"product_tag","embeddable":true,"href":"https:\/\/jnats.eu\/pl\/wp-json\/wp\/v2\/product_tag?post=2263"}],"curies":[{"name":"wp","href":"https:\/\/api.w.org\/{rel}","templated":true}]}}