{"id":2277,"date":"2024-04-29T12:09:34","date_gmt":"2024-04-29T09:09:34","guid":{"rendered":"http:\/\/jnats.eu\/?post_type=product&#038;p=2277"},"modified":"2025-10-15T13:39:51","modified_gmt":"2025-10-15T10:39:51","slug":"nakayama-asagi-premium-finishing-whetstone","status":"publish","type":"product","link":"https:\/\/jnats.eu\/pl\/produkt-2\/nakayama-asagi-premium-finishing-whetstone\/","title":{"rendered":"Ose\u0142ka wyko\u0144czeniowa Nakayama Asagi Premium"},"content":{"rendered":"<p>Bardzo pi\u0119kna Nakayama Asagi, kt\u00f3rej powierzchnia przypomina matowe szk\u0142o. To niezawodny dow\u00f3d na jako\u015b\u0107 kamienia Nakayama Asagi Premium, jakiej nie zobaczysz nigdzie indziej. Nadaje si\u0119 do wyka\u0144czaj\u0105cego ostrzenia brzytew, no\u017cy, no\u017cyczek, narz\u0119dzi stolarskich i innych. Bez stosowania du\u017cego nacisku uzyskasz m\u0119tny po\u0142ysk na ostrzu. <\/p>\n\n\n\n<p>Kamie\u0144 ten mo\u017ce by\u0107 r\u00f3wnie\u017c u\u017cywany jako podstawa do nagur\u00f3w, poniewa\u017c jest wystarczaj\u0105co twardy.<\/p>\n\n\n\n<figure class=\"wp-block-embed is-type-video is-provider-youtube wp-block-embed-youtube wp-embed-aspect-16-9 wp-has-aspect-ratio\"><div class=\"wp-block-embed__wrapper\">\n<div class=\"video-container\"><iframe title=\"Ose\u0142ka wyko\u0144czeniowa Nakayama Asagi Premium\" width=\"1170\" height=\"658\" src=\"https:\/\/www.youtube.com\/embed\/gbhrWnnV_ck?feature=oembed\" frameborder=\"0\" allow=\"accelerometer; autoplay; clipboard-write; encrypted-media; gyroscope; picture-in-picture; web-share\" referrerpolicy=\"strict-origin-when-cross-origin\" allowfullscreen><\/iframe><\/div>\n<\/div><\/figure>","protected":false},"excerpt":{"rendered":"<ul>\n<li>Nadaje si\u0119 do wyka\u0144czania brzytew, no\u017cy, no\u017cyczek, narz\u0119dzi stolarskich i innych.\u00a0<\/li>\n<li>Wymiary: 206x76x26 mm<\/li>\n<li>Waga: 1000 g<\/li>\n<li>Twardo\u015b\u0107: Poz. 4,8<\/li>\n<li>Powierzchnia jest g\u0142adka i gotowa do pracy<\/li>\n<\/ul>","protected":false},"featured_media":2284,"comment_status":"open","ping_status":"closed","template":"","meta":[],"product_brand":[],"product_cat":[22],"product_tag":[45,71,49,264,265],"class_list":{"0":"post-2277","1":"product","2":"type-product","3":"status-publish","4":"has-post-thumbnail","6":"product_cat-jnats","7":"product_tag-asagi","8":"product_tag-finishing","9":"product_tag-nakayama","10":"product_tag-premium","11":"product_tag-whetstone","12":"product_shipping_class-iprastas","14":"first","15":"outofstock","16":"shipping-taxable","17":"purchasable","18":"product-type-simple"},"_links":{"self":[{"href":"https:\/\/jnats.eu\/pl\/wp-json\/wp\/v2\/product\/2277","targetHints":{"allow":["GET"]}}],"collection":[{"href":"https:\/\/jnats.eu\/pl\/wp-json\/wp\/v2\/product"}],"about":[{"href":"https:\/\/jnats.eu\/pl\/wp-json\/wp\/v2\/types\/product"}],"replies":[{"embeddable":true,"href":"https:\/\/jnats.eu\/pl\/wp-json\/wp\/v2\/comments?post=2277"}],"wp:featuredmedia":[{"embeddable":true,"href":"https:\/\/jnats.eu\/pl\/wp-json\/wp\/v2\/media\/2284"}],"wp:attachment":[{"href":"https:\/\/jnats.eu\/pl\/wp-json\/wp\/v2\/media?parent=2277"}],"wp:term":[{"taxonomy":"product_brand","embeddable":true,"href":"https:\/\/jnats.eu\/pl\/wp-json\/wp\/v2\/product_brand?post=2277"},{"taxonomy":"product_cat","embeddable":true,"href":"https:\/\/jnats.eu\/pl\/wp-json\/wp\/v2\/product_cat?post=2277"},{"taxonomy":"product_tag","embeddable":true,"href":"https:\/\/jnats.eu\/pl\/wp-json\/wp\/v2\/product_tag?post=2277"}],"curies":[{"name":"wp","href":"https:\/\/api.w.org\/{rel}","templated":true}]}}