{"id":2299,"date":"2024-04-30T09:16:32","date_gmt":"2024-04-30T06:16:32","guid":{"rendered":"http:\/\/jnats.eu\/?post_type=product&#038;p=2299"},"modified":"2025-10-20T17:52:29","modified_gmt":"2025-10-20T14:52:29","slug":"ohira-ironono-tomae","status":"publish","type":"product","link":"https:\/\/jnats.eu\/pl\/produkt-2\/ohira-ironono-tomae\/","title":{"rendered":"Ohira Iromono Tomae"},"content":{"rendered":"<p>\u015aredniej twardo\u015bci Ohira Iromono Tomae s\u0105 \u0142atwe w u\u017cyciu i pozostawiaj\u0105 matowe wyko\u0144czenie. \u015awietnie radz\u0105 sobie z zamian\u0105 syntetycznych zadrapa\u0144 w kasumi. Ten japo\u0144ski kamie\u0144 do ostrzenia jest bardzo jednorodny i wystarczaj\u0105co szybki, aby dobrze pracowa\u0107 z no\u017cami. Pozostawi bardzo czyst\u0105 stal rdzeniow\u0105 oraz bardzo s\u0142abe i sp\u00f3jne zarysowanie w bardziej mi\u0119kkiej pow\u0142oce \u017celaznej. Podczas polerowania mo\u017cesz \u0142atwo przej\u015b\u0107 od tego kamienia do kamieni wyko\u0144czeniowych. Kamie\u0144 ten nadaje si\u0119 r\u00f3wnie\u017c do ostrzenia narz\u0119dzi stolarskich i brzytew, jednak nie jest najlepszym wyborem do wyka\u0144czania tych narz\u0119dzi.<\/p>\n\n\n\n<p>Kamie\u0144 ten ma pi\u0119kne po\u0142\u0105czenie czerwieni, \u017c\u00f3\u0142ci i zieleni, ozdobione drobnymi kropkami Nashiji. Na matrycy wida\u0107 kilka p\u0142ytkich, ale podejrzanych linii. Chyba najlepiej ich unika\u0107. \u201eAmeryka\u0144skie\u201d wymiary i regularny kszta\u0142t.<\/p>","protected":false},"excerpt":{"rendered":"<ul>\n<li>Nadaje si\u0119 do wyka\u0144czania no\u017cy, no\u017cyczek, narz\u0119dzi stolarskich i innych.<\/li>\n<li>Wymiary: 204x53x29mm<\/li>\n<li>Waga: 810 g<\/li>\n<li>Twardo\u015b\u0107: Lv 3.7<\/li>\n<li>Powierzchnia jest g\u0142adka i gotowa do pracy<\/li>\n<\/ul>","protected":false},"featured_media":2300,"comment_status":"open","ping_status":"closed","template":"","meta":[],"product_brand":[],"product_cat":[22],"product_tag":[47,67],"class_list":{"0":"post-2299","1":"product","2":"type-product","3":"status-publish","4":"has-post-thumbnail","6":"product_cat-jnats","7":"product_tag-ohira","8":"product_tag-tomae","9":"product_shipping_class-iprastas","11":"first","12":"outofstock","13":"sale","14":"shipping-taxable","15":"purchasable","16":"product-type-simple"},"_links":{"self":[{"href":"https:\/\/jnats.eu\/pl\/wp-json\/wp\/v2\/product\/2299","targetHints":{"allow":["GET"]}}],"collection":[{"href":"https:\/\/jnats.eu\/pl\/wp-json\/wp\/v2\/product"}],"about":[{"href":"https:\/\/jnats.eu\/pl\/wp-json\/wp\/v2\/types\/product"}],"replies":[{"embeddable":true,"href":"https:\/\/jnats.eu\/pl\/wp-json\/wp\/v2\/comments?post=2299"}],"wp:featuredmedia":[{"embeddable":true,"href":"https:\/\/jnats.eu\/pl\/wp-json\/wp\/v2\/media\/2300"}],"wp:attachment":[{"href":"https:\/\/jnats.eu\/pl\/wp-json\/wp\/v2\/media?parent=2299"}],"wp:term":[{"taxonomy":"product_brand","embeddable":true,"href":"https:\/\/jnats.eu\/pl\/wp-json\/wp\/v2\/product_brand?post=2299"},{"taxonomy":"product_cat","embeddable":true,"href":"https:\/\/jnats.eu\/pl\/wp-json\/wp\/v2\/product_cat?post=2299"},{"taxonomy":"product_tag","embeddable":true,"href":"https:\/\/jnats.eu\/pl\/wp-json\/wp\/v2\/product_tag?post=2299"}],"curies":[{"name":"wp","href":"https:\/\/api.w.org\/{rel}","templated":true}]}}