{"id":2306,"date":"2024-04-30T09:32:25","date_gmt":"2024-04-30T06:32:25","guid":{"rendered":"http:\/\/jnats.eu\/?post_type=product&#038;p=2306"},"modified":"2024-11-30T13:07:57","modified_gmt":"2024-11-30T11:07:57","slug":"nakayama-karasu-aisa","status":"publish","type":"product","link":"https:\/\/jnats.eu\/pl\/produkt-2\/nakayama-karasu-aisa\/","title":{"rendered":"Nakayama Karasu Aisa"},"content":{"rendered":"<p>Wspania\u0142y Nakayama Karasu, kt\u00f3ry mo\u017cna wykorzysta\u0107 do wyka\u0144czania ostrzenia brzytew, no\u017cy i narz\u0119dzi. Bardzo rzadko zdarza si\u0119, \u017ce Nakayama Karasu mo\u017ce by\u0107 u\u017cywany na no\u017cach bez ich zarysowania!<\/p>\n\n\n\n<p>Daje super delikatne, p\u00f3\u0142lustrzane wyko\u0144czenie z ostrym kontrastem! Najlepiej jest wsp\u00f3\u0142pracowa\u0107 z Nagur\u0105 i w ten spos\u00f3b przyspieszy\u0107 proces.<\/p>\n\n\n\n<p>Mo\u017ce by\u0107 r\u00f3wnie\u017c u\u017cywany z pe\u0142n\u0105 progresj\u0105 nagura Asano dla golarek i zapewni wystarczaj\u0105c\u0105 ostro\u015b\u0107. Bardzo \u0142adny szary kamie\u0144 z \"wronami\", kilkoma cienkimi czarnymi liniami i kilkoma kr\u00f3tkimi liniami namazu.<\/p>\n\n\n\n<p>Idealny kszta\u0142t, gotowy do u\u017cycia i wypoziomowany. Drug\u0105 po\u0142ow\u0119 r\u00f3wnie\u017c mo\u017cna uko\u0144czy\u0107 bez problemu. <\/p>\n\n\n\n<figure class=\"wp-block-embed is-type-video is-provider-youtube wp-block-embed-youtube wp-embed-aspect-16-9 wp-has-aspect-ratio\"><div class=\"wp-block-embed__wrapper\">\n<div class=\"video-container\"><iframe title=\"Galandame Kanemasa Super Extra Full Concave Finest Razor Nakayama Karasu Aisa\" width=\"1170\" height=\"658\" src=\"https:\/\/www.youtube.com\/embed\/ewmrUk9XIg8?start=266&#038;feature=oembed\" frameborder=\"0\" allow=\"accelerometer; autoplay; clipboard-write; encrypted-media; gyroscope; picture-in-picture; web-share\" referrerpolicy=\"strict-origin-when-cross-origin\" allowfullscreen><\/iframe><\/div>\n<\/div><\/figure>","protected":false},"excerpt":{"rendered":"<ul>\n<li>Nadaje si\u0119 do wyka\u0144czania \u017cyletek, wyrob\u00f3w stolarskich i innych narz\u0119dzi.<\/li>\n<li>Wymiary: 206x74x22 mm<\/li>\n<li>Waga: 900 g<\/li>\n<li>Wytrzyma\u0142o\u015b\u0107: Poz. 5<\/li>\n<li>Bezpieczne linie<\/li>\n<li>Powierzchnia nie jest ca\u0142kowicie g\u0142adka, na kraw\u0119dziach wyst\u0119puj\u0105 wg\u0142\u0119bienia.<\/li>\n<li>Zalecamy prac\u0119 z ciep\u0142\u0105 wod\u0105, poniewa\u017c zimna woda pogarsza szybko\u015b\u0107 pracy i reakcj\u0119.<\/li>\n<\/ul>","protected":false},"featured_media":2309,"comment_status":"open","ping_status":"closed","template":"","meta":[],"product_brand":[],"product_cat":[22],"product_tag":[250,57,49],"class_list":{"0":"post-2306","1":"product","2":"type-product","3":"status-publish","4":"has-post-thumbnail","6":"product_cat-jnats","7":"product_tag-aisa","8":"product_tag-karasu","9":"product_tag-nakayama","10":"product_shipping_class-iprastas","12":"first","13":"outofstock","14":"sale","15":"shipping-taxable","16":"purchasable","17":"product-type-simple"},"_links":{"self":[{"href":"https:\/\/jnats.eu\/pl\/wp-json\/wp\/v2\/product\/2306","targetHints":{"allow":["GET"]}}],"collection":[{"href":"https:\/\/jnats.eu\/pl\/wp-json\/wp\/v2\/product"}],"about":[{"href":"https:\/\/jnats.eu\/pl\/wp-json\/wp\/v2\/types\/product"}],"replies":[{"embeddable":true,"href":"https:\/\/jnats.eu\/pl\/wp-json\/wp\/v2\/comments?post=2306"}],"wp:featuredmedia":[{"embeddable":true,"href":"https:\/\/jnats.eu\/pl\/wp-json\/wp\/v2\/media\/2309"}],"wp:attachment":[{"href":"https:\/\/jnats.eu\/pl\/wp-json\/wp\/v2\/media?parent=2306"}],"wp:term":[{"taxonomy":"product_brand","embeddable":true,"href":"https:\/\/jnats.eu\/pl\/wp-json\/wp\/v2\/product_brand?post=2306"},{"taxonomy":"product_cat","embeddable":true,"href":"https:\/\/jnats.eu\/pl\/wp-json\/wp\/v2\/product_cat?post=2306"},{"taxonomy":"product_tag","embeddable":true,"href":"https:\/\/jnats.eu\/pl\/wp-json\/wp\/v2\/product_tag?post=2306"}],"curies":[{"name":"wp","href":"https:\/\/api.w.org\/{rel}","templated":true}]}}