{"id":2314,"date":"2024-04-30T09:38:16","date_gmt":"2024-04-30T06:38:16","guid":{"rendered":"http:\/\/jnats.eu\/?post_type=product&#038;p=2314"},"modified":"2024-10-04T17:53:37","modified_gmt":"2024-10-04T14:53:37","slug":"nakayama-mizu-asagi","status":"publish","type":"product","link":"https:\/\/jnats.eu\/pl\/produkt-2\/nakayama-mizu-asagi\/","title":{"rendered":"Nakayama Mizu Asagi"},"content":{"rendered":"<p>Kamie\u0144 ten jest twardy i niezwykle delikatny, dzi\u0119ki czemu z \u0142atwo\u015bci\u0105 radzi sobie z brzytw\u0105. Cho\u0107 twardy, Nakayama Mizu Asagi ma lepsz\u0105 ni\u017c przeci\u0119tn\u0105 reakcj\u0119 w por\u00f3wnaniu do innych kamieni tego ziarna. Mo\u017cna go r\u00f3wnie\u017c stosowa\u0107 do narz\u0119dzi stolarskich i no\u017cy. Pozostawi jasny srebrny i szczeg\u00f3\u0142owy po\u0142ysk san mai. S\u0105 to bardzo pot\u0119\u017cne kamienie uko\u0144czenia pod ka\u017cdym wzgl\u0119dem.<\/p>\n\n\n\n<p>Kamie\u0144 ten mo\u017ce by\u0107 r\u00f3wnie\u017c u\u017cywany jako podstawa do nagur\u00f3w, poniewa\u017c jest wystarczaj\u0105co twardy.<\/p>\n\n\n\n<p><strong>Nakayama (\u4e2d\u5c71)<\/strong><br>Ta wschodnia kopalnia s\u0142ynie z kamieni awasedo s\u0142u\u017c\u0105cych do wyka\u0144czania procesu ostrzenia. Kamie\u0144 wielowarstwowy (Hondomae Shikitomae) o odmiennym kolorze \u201ekolegi\u201d jest szczeg\u00f3lnie ceniony przez stolarzy i temperator\u00f3w. W por\u00f3wnaniu do kamieni o podobnej twardo\u015bci i czysto\u015bci z innych kopalni, produkty Nakayama znane s\u0105 z przyjemniejszego wra\u017cenia ostrzenia. Autentyczne kamienie Nakayama cz\u0119sto s\u0105 opatrzone s\u0142ynnym znaczkiem Maruka \u32d5\u6b63\u672c\u5c71.<\/p>","protected":false},"excerpt":{"rendered":"<ul>\n<li>Nadaje si\u0119 do wyka\u0144czania brzytew, no\u017cy, no\u017cyczek, narz\u0119dzi stolarskich i innych.<\/li>\n<li>Wymiary: 207x79x21 mm<\/li>\n<li>Waga: 1030 g<\/li>\n<li>Wytrzyma\u0142o\u015b\u0107: Poz. 5<\/li>\n<li>Powierzchnia jest g\u0142adka i gotowa do pracy<\/li>\n<li>Bezpieczne linie<\/li>\n<\/ul>","protected":false},"featured_media":2320,"comment_status":"open","ping_status":"closed","template":"","meta":[],"product_brand":[],"product_cat":[22],"product_tag":[45,154,49],"class_list":{"0":"post-2314","1":"product","2":"type-product","3":"status-publish","4":"has-post-thumbnail","6":"product_cat-jnats","7":"product_tag-asagi","8":"product_tag-mizu","9":"product_tag-nakayama","10":"product_shipping_class-iprastas","12":"first","13":"outofstock","14":"sale","15":"shipping-taxable","16":"purchasable","17":"product-type-simple"},"_links":{"self":[{"href":"https:\/\/jnats.eu\/pl\/wp-json\/wp\/v2\/product\/2314","targetHints":{"allow":["GET"]}}],"collection":[{"href":"https:\/\/jnats.eu\/pl\/wp-json\/wp\/v2\/product"}],"about":[{"href":"https:\/\/jnats.eu\/pl\/wp-json\/wp\/v2\/types\/product"}],"replies":[{"embeddable":true,"href":"https:\/\/jnats.eu\/pl\/wp-json\/wp\/v2\/comments?post=2314"}],"wp:featuredmedia":[{"embeddable":true,"href":"https:\/\/jnats.eu\/pl\/wp-json\/wp\/v2\/media\/2320"}],"wp:attachment":[{"href":"https:\/\/jnats.eu\/pl\/wp-json\/wp\/v2\/media?parent=2314"}],"wp:term":[{"taxonomy":"product_brand","embeddable":true,"href":"https:\/\/jnats.eu\/pl\/wp-json\/wp\/v2\/product_brand?post=2314"},{"taxonomy":"product_cat","embeddable":true,"href":"https:\/\/jnats.eu\/pl\/wp-json\/wp\/v2\/product_cat?post=2314"},{"taxonomy":"product_tag","embeddable":true,"href":"https:\/\/jnats.eu\/pl\/wp-json\/wp\/v2\/product_tag?post=2314"}],"curies":[{"name":"wp","href":"https:\/\/api.w.org\/{rel}","templated":true}]}}