{"id":2321,"date":"2024-04-30T09:46:56","date_gmt":"2024-04-30T06:46:56","guid":{"rendered":"http:\/\/jnats.eu\/?post_type=product&#038;p=2321"},"modified":"2024-09-25T15:27:31","modified_gmt":"2024-09-25T12:27:31","slug":"nakayama-asagi-maruka","status":"publish","type":"product","link":"https:\/\/jnats.eu\/pl\/produkt-2\/nakayama-asagi-maruka\/","title":{"rendered":"Nakayama Asagi Maruka"},"content":{"rendered":"<p>Ten du\u017cy kamie\u0144 doskonale odzwierciedla wszystkie zalety Nakayamy - jest ma\u0142y, ale do\u015b\u0107 szybki i delikatny. Do rozpocz\u0119cia pracy nie potrzeba ani tomahawka, ani diamentowej tarczy. Nakayama Nakayama Asagi Maruka szybko poleruje metal i pozostawia bardzo wyrafinowany po\u0142ysk. Du\u017cy rozmiar sprawia, \u017ce d\u0142ugie no\u017ce s\u0105 bardzo \u0142atwe do ostrzenia, podobnie jak inne narz\u0119dzia.<\/p>\n\n\n\n<p>Ta ose\u0142ka Nakayama jest w kolorze szarym z zielonkawymi odcieniami.<\/p>\n\n\n\n<p>Kamie\u0144 ten ma idealny kszta\u0142t dla ka\u017cdego narz\u0119dzia i grubo\u015b\u0107, kt\u00f3ra przetrwa kilka stuleci. Piecz\u0119\u0107 Maruka \u32d5\u6b63\u672c\u5c71 jest wyra\u017anie widoczna i nie \u015bciera\u0142a si\u0119 przez d\u0142ugi czas. Kato-san, ostatni w\u0142a\u015bciciel kopalni Nakayama, u\u017cywa\u0142 tego znaku wy\u0142\u0105cznie na najwy\u017cszej jako\u015bci japo\u0144skich kamieniach do ostrzenia.&nbsp;<\/p>\n\n\n\n<figure class=\"wp-block-embed is-type-video is-provider-youtube wp-block-embed-youtube wp-embed-aspect-16-9 wp-has-aspect-ratio\"><div class=\"wp-block-embed__wrapper\">\n<div class=\"video-container\"><iframe title=\"Nakayama Maruka Lv 5\" width=\"1170\" height=\"658\" src=\"https:\/\/www.youtube.com\/embed\/jcWysxk_6ns?feature=oembed\" frameborder=\"0\" allow=\"accelerometer; autoplay; clipboard-write; encrypted-media; gyroscope; picture-in-picture; web-share\" referrerpolicy=\"strict-origin-when-cross-origin\" allowfullscreen><\/iframe><\/div>\n<\/div><\/figure>\n\n\n\n<p>Kamie\u0144 Nakayama s\u0142ynie ze znaku Kato Mutsuyama Maruka z liter\u0105 \u201eka\u201d i piecz\u0119ci\u0105 Seihonzan \u32d5\u6b63\u672c\u5c71. Kato Mutsuyama by\u0142 pierwszym, kt\u00f3ry wyrze\u017abi\u0142 tak\u0105 piecz\u0119\u0107. Niestandardowe wymiary, du\u017ce rozmiary czy szorstkie kamienie nie mia\u0142y pierwotnie znaku Maruki. Istniej\u0105 jednak r\u00f3wnie\u017c produkty wysokiej jako\u015bci i niestandardowe ose\u0142ki, kt\u00f3re podczas ko\u0144cowej obr\u00f3bki w sprzeda\u017cy detalicznej zosta\u0142y nast\u0119pnie oznaczone piecz\u0119ci\u0105 Maruka, a tak\u017ce kamienie wyci\u0119te z surowc\u00f3w przez sprzedawc\u0119 bez stempla \u32d5\u6b63\u672c\u5c71. Ponadto kamienie szlifierskie Nakayama sprzedawane przed okresem stemplowania nie s\u0105 opatrzone piecz\u0119ci\u0105 Maruka. <\/p>\n\n\n\n<p>W ka\u017cdym razie, je\u015bli jest to kamie\u0144 Kato Mutsuyamy z tej kopalni, b\u0119dzie to ten sam kamie\u0144 Nakayama, niezale\u017cnie od tego, czy ma znak Maruka, czy nie. Sam znaczek \u32d5\u6b63\u672c\u5c71 mo\u017ce by\u0107 obecny lub nie, w zale\u017cno\u015bci od kana\u0142u dystrybucji i nie gwarantuje jako\u015bci. Nie tylko Nakayama, ale tak\u017ce inne naturalne kamienie szlifierskie, ka\u017cdy jest inny i nie ma dw\u00f3ch takich samych. Poza tym od zamkni\u0119cia kopalni min\u0119\u0142o wiele lat, dlatego z roku na rok na rynku pojawia si\u0119 coraz mniej dobrych okaz\u00f3w.<\/p>\n\n\n\n<p>Ze wzgl\u0119du na ich rzadko\u015b\u0107 i si\u0142\u0119 marki istnieje wiele podr\u00f3bek, dlatego zalecamy, aby nie ufa\u0107 zbytnio piecz\u0119ci Maruka i oceni\u0107 kamie\u0144 na w\u0142asne oczy.&nbsp;<\/p>\n\n\n\n<p>Kopalnia Kato znajduje si\u0119 w g\u00f3rach Nakayama, gdzie wydobywano kamienie do ose\u0142ek i zosta\u0142a tak nazwana, poniewa\u017c by\u0142a w\u0142asno\u015bci\u0105 pana Kato. Hatanaka Whetstone to sklep z kamieniami o d\u0142ugiej tradycji w Kioto. Po wojnie sprzeda\u017c\u0105 kamieni szlifierskich Nakayama wydobywanych w Kato Utsuyama zarz\u0105dza\u0142a pi\u0119cioosobowa grupa z wiod\u0105cego sklepu kamieniarskiego w Kioto. M\u00f3wi si\u0119, \u017ce w\u015br\u00f3d nich Hatanaka Toishi przez pewien czas cieszy\u0142 si\u0119 najwi\u0119kszym zaufaniem w\u0142a\u015bcicieli g\u00f3r. w 1952 r Hatanaka Toishi zarejestrowa\u0142 mark\u0119 Junshin Honzan (\u7d14\u7a7a\u6b63\u672c\u5c71), aby wyr\u00f3\u017cni\u0107 si\u0119 na tle innych sprzedawc\u00f3w detalicznych. Po roku 1980 prawa do kopalni Nakayama kupi\u0142a Hatanaka Whetstone i sta\u0142a si\u0119 w\u0142a\u015bcicielem marki Maruka. W tym samym czasie kamienie z tej kopalni by\u0142y dystrybuowane tak\u017ce za po\u015brednictwem innych sprzedawc\u00f3w detalicznych.<\/p>\n\n\n\n<p><strong>Nakayama (\u4e2d\u5c71)<\/strong><\/p>\n\n\n\n<p>Ta wschodnia kopalnia s\u0142ynie z kamieni wyko\u0144czeniowych awasedo i zajmuje pierwsze miejsce w\u015br\u00f3d najbardziej poszukiwanych w\u015br\u00f3d profesjonalist\u00f3w i hobbyst\u00f3w zajmuj\u0105cych si\u0119 ostrzeniem. W por\u00f3wnaniu do kamieni o podobnej twardo\u015bci i czysto\u015bci z innych kopalni, kamienie Nakayama znane s\u0105 z przyjemniejszego wra\u017cenia ostrzenia i du\u017cej szybko\u015bci pracy. Szczeg\u00f3lnie cenione s\u0105 kamienie wielowarstwowe (Hondomae, Shikitomae) i Kiita.<\/p>","protected":false},"excerpt":{"rendered":"<ul>\n<li>Idealny do wyka\u0144czania brzytew, no\u017cy, no\u017cyczek, narz\u0119dzi stolarskich i innych.<\/li>\n<li>Wymiary: 207x76x29 mm<\/li>\n<li>Waga: 1200 g<\/li>\n<li>Wytrzyma\u0142o\u015b\u0107: Poz. 5<\/li>\n<li>Powierzchnia jest g\u0142adka i gotowa do pracy. Drug\u0105 po\u0142ow\u0119 mo\u017cna \u0142atwo przygotowa\u0107.<\/li>\n<\/ul>","protected":false},"featured_media":2326,"comment_status":"open","ping_status":"closed","template":"","meta":[],"product_brand":[],"product_cat":[],"product_tag":[45,58,49],"class_list":{"0":"post-2321","1":"product","2":"type-product","3":"status-publish","4":"has-post-thumbnail","6":"product_tag-asagi","7":"product_tag-maruka","8":"product_tag-nakayama","9":"product_shipping_class-iprastas","11":"first","12":"outofstock","13":"sale","14":"shipping-taxable","15":"purchasable","16":"product-type-simple"},"_links":{"self":[{"href":"https:\/\/jnats.eu\/pl\/wp-json\/wp\/v2\/product\/2321","targetHints":{"allow":["GET"]}}],"collection":[{"href":"https:\/\/jnats.eu\/pl\/wp-json\/wp\/v2\/product"}],"about":[{"href":"https:\/\/jnats.eu\/pl\/wp-json\/wp\/v2\/types\/product"}],"replies":[{"embeddable":true,"href":"https:\/\/jnats.eu\/pl\/wp-json\/wp\/v2\/comments?post=2321"}],"wp:featuredmedia":[{"embeddable":true,"href":"https:\/\/jnats.eu\/pl\/wp-json\/wp\/v2\/media\/2326"}],"wp:attachment":[{"href":"https:\/\/jnats.eu\/pl\/wp-json\/wp\/v2\/media?parent=2321"}],"wp:term":[{"taxonomy":"product_brand","embeddable":true,"href":"https:\/\/jnats.eu\/pl\/wp-json\/wp\/v2\/product_brand?post=2321"},{"taxonomy":"product_cat","embeddable":true,"href":"https:\/\/jnats.eu\/pl\/wp-json\/wp\/v2\/product_cat?post=2321"},{"taxonomy":"product_tag","embeddable":true,"href":"https:\/\/jnats.eu\/pl\/wp-json\/wp\/v2\/product_tag?post=2321"}],"curies":[{"name":"wp","href":"https:\/\/api.w.org\/{rel}","templated":true}]}}