{"id":2357,"date":"2024-05-01T11:04:25","date_gmt":"2024-05-01T08:04:25","guid":{"rendered":"http:\/\/jnats.eu\/?post_type=product&#038;p=2357"},"modified":"2024-08-26T08:58:17","modified_gmt":"2024-08-26T05:58:17","slug":"nakayama-tomae-iromono-nashiji","status":"publish","type":"product","link":"https:\/\/jnats.eu\/pl\/produkt-2\/nakayama-tomae-iromono-nashiji\/","title":{"rendered":"Nakayama Tomae Iromono Nashiji"},"content":{"rendered":"<p>Japo\u0144ski naturalny kamie\u0144 wyko\u0144czeniowy do ostrzenia Nakayama Tomae Awasedo. Jest to kamie\u0144 o \u015bredniej twardo\u015bci i doskona\u0142ej szybko\u015bci ostrzenia. Polecamy go do wyka\u0144czania no\u017cy lub wst\u0119pnego wyka\u0144czania maszynek do golenia. Nadaje si\u0119 r\u00f3wnie\u017c do wyka\u0144czania maszynki do golenia, je\u015bli nie u\u017cywasz zbyt du\u017cej si\u0142y.<\/p>\n\n\n\n<p>Jest to ogromny kamie\u0144 o regularnym kszta\u0142cie, kt\u00f3ry spe\u0142nia swoje zadanie bardzo dobrze!<\/p>\n\n\n\n<p>Ten szary kamie\u0144 ma wz\u00f3r gradacji r\u00f3\u017cowych i zielonkawych odcieni, usiany ma\u0142ymi kropkami nashiji. Nie wida\u0107 \u017cadnych linii ani inkluzji. G\u0142\u0119bsze spojrzenie na bok pokazuje, \u017ce kamie\u0144 mo\u017ce w przysz\u0142o\u015bci sta\u0107 si\u0119 czarny, z \u017c\u00f3\u0142tymi plamami namazu. Z tym kamieniem czeka Ci\u0119 wi\u0119c ciekawa i nieprzewidywalna podr\u00f3\u017c w \u015bwiat japo\u0144skich naturalnych kamieni do ostrzenia \ud83d\ude42 <\/p>\n\n\n\n<p>Powa\u017cnie, nawet je\u015bli kolor si\u0119 zmienia, kamie\u0144 powinien dzia\u0142a\u0107 bardzo podobnie. Wida\u0107 to w jednolitej strukturze tworz\u0105cej boki.<\/p>\n\n\n\n<figure class=\"wp-block-embed is-type-video is-provider-youtube wp-block-embed-youtube wp-embed-aspect-16-9 wp-has-aspect-ratio\"><div class=\"wp-block-embed__wrapper\">\n<div class=\"video-container\"><iframe title=\"Nakayama Tomae Iromono, Nakayama Kiita Nashiji, Nakayama Suita Maruka\" width=\"1170\" height=\"658\" src=\"https:\/\/www.youtube.com\/embed\/IZ-D-qy6bYY?start=3&#038;feature=oembed\" frameborder=\"0\" allow=\"accelerometer; autoplay; clipboard-write; encrypted-media; gyroscope; picture-in-picture; web-share\" referrerpolicy=\"strict-origin-when-cross-origin\" allowfullscreen><\/iframe><\/div>\n<\/div><\/figure>\n\n\n\n<p><strong>Nakayama (\u4e2d\u5c71)<\/strong><\/p>\n\n\n\n<p>Ta wschodnia kopalnia s\u0142ynie z kamieni wyko\u0144czeniowych do ostrzenia awasedo i jest prawdopodobnie pierwsz\u0105 z najbardziej poszukiwanych w\u015br\u00f3d profesjonalist\u00f3w i hobbyst\u00f3w zajmuj\u0105cych si\u0119 ostrzeniem. W por\u00f3wnaniu do kamieni o podobnej twardo\u015bci i czysto\u015bci z innych kopalni, kamienie Nakayama znane s\u0105 z przyjemniejszej reakcji ostrzenia i du\u017cej szybko\u015bci pracy. Szczeg\u00f3lnie cenione s\u0105 kamienie wielowarstwowe (Hondomae, Shikitomae) i Kiita.<\/p>","protected":false},"excerpt":{"rendered":"<ul>\n<li>Nadaje si\u0119 do wyka\u0144czania brzytew, no\u017cy, no\u017cyczek, narz\u0119dzi stolarskich i innych.<\/li>\n<li>Wymiary: 208x76x41 mm<\/li>\n<li>Waga: 1600 g<\/li>\n<li>Twardo\u015b\u0107: Poziom 4<\/li>\n<li>Powierzchnia jest g\u0142adka i gotowa do pracy.<\/li>\n<li>Zalecamy prac\u0119 z ciep\u0142\u0105 wod\u0105, poniewa\u017c zimna woda pogarsza szybko\u015b\u0107 i reakcj\u0119.<\/li>\n<\/ul>","protected":false},"featured_media":2362,"comment_status":"open","ping_status":"closed","template":"","meta":[],"product_brand":[],"product_cat":[22],"product_tag":[41,49,48,67],"class_list":{"0":"post-2357","1":"product","2":"type-product","3":"status-publish","4":"has-post-thumbnail","6":"product_cat-jnats","7":"product_tag-iromono","8":"product_tag-nakayama","9":"product_tag-nashiji","10":"product_tag-tomae","11":"product_shipping_class-iprastas","13":"first","14":"instock","15":"shipping-taxable","16":"purchasable","17":"product-type-simple"},"_links":{"self":[{"href":"https:\/\/jnats.eu\/pl\/wp-json\/wp\/v2\/product\/2357","targetHints":{"allow":["GET"]}}],"collection":[{"href":"https:\/\/jnats.eu\/pl\/wp-json\/wp\/v2\/product"}],"about":[{"href":"https:\/\/jnats.eu\/pl\/wp-json\/wp\/v2\/types\/product"}],"replies":[{"embeddable":true,"href":"https:\/\/jnats.eu\/pl\/wp-json\/wp\/v2\/comments?post=2357"}],"wp:featuredmedia":[{"embeddable":true,"href":"https:\/\/jnats.eu\/pl\/wp-json\/wp\/v2\/media\/2362"}],"wp:attachment":[{"href":"https:\/\/jnats.eu\/pl\/wp-json\/wp\/v2\/media?parent=2357"}],"wp:term":[{"taxonomy":"product_brand","embeddable":true,"href":"https:\/\/jnats.eu\/pl\/wp-json\/wp\/v2\/product_brand?post=2357"},{"taxonomy":"product_cat","embeddable":true,"href":"https:\/\/jnats.eu\/pl\/wp-json\/wp\/v2\/product_cat?post=2357"},{"taxonomy":"product_tag","embeddable":true,"href":"https:\/\/jnats.eu\/pl\/wp-json\/wp\/v2\/product_tag?post=2357"}],"curies":[{"name":"wp","href":"https:\/\/api.w.org\/{rel}","templated":true}]}}