{"id":2364,"date":"2024-05-01T11:24:39","date_gmt":"2024-05-01T08:24:39","guid":{"rendered":"http:\/\/jnats.eu\/?post_type=product&#038;p=2364"},"modified":"2024-10-20T15:02:06","modified_gmt":"2024-10-20T12:02:06","slug":"nakayama-suita-maruka-natural-whetstone","status":"publish","type":"product","link":"https:\/\/jnats.eu\/pl\/produkt-2\/nakayama-suita-maruka-natural-whetstone\/","title":{"rendered":"Naturalna ose\u0142ka Nakayama Suita Maruka \u00a0"},"content":{"rendered":"<p>Rzadki i du\u017cy garnitur Nakayama z piecz\u0119ci\u0105 Maruka ju\u017c wytarty, ale nie ma \u017cadnych kamieni, z kt\u00f3rymi mo\u017cna by go pomyli\u0107. Kamie\u0144 ten jest bardzo szybki i delikatny, dlatego mo\u017cna go nazwa\u0107 kamieniem wyko\u0144czeniowym wymarzonego ostrzenia. Nadaje si\u0119 do wszystkich zastosowa\u0144 wymagaj\u0105cych drobnego kamienia - narz\u0119dzi, no\u017cy i brzytew. <\/p>\n\n\n\n<p>Czysty, bia\u0142y kamie\u0144 bez charakterystycznych dziurek zwany Suita <em>z<\/em>, z kilkoma nieszkodliwymi br\u0105zowymi kropkami.<\/p>\n\n\n\n<p>Szczeg\u00f3lnie w przypadku maszynek do golenia ten kamie\u0144 jest do\u015b\u0107 interesuj\u0105cy. Jest nie tylko doskona\u0142ym wyko\u0144czeniem wst\u0119pnym przy u\u017cyciu rozcie\u0144czonej gnojowicy lub zwyk\u0142ej wody, ale mo\u017ce r\u00f3wnie\u017c bardzo dobrze wyko\u0144czy\u0107.<\/p>\n\n\n\n<figure class=\"wp-block-embed is-type-video is-provider-youtube wp-block-embed-youtube wp-embed-aspect-16-9 wp-has-aspect-ratio\"><div class=\"wp-block-embed__wrapper\">\n<div class=\"video-container\"><iframe title=\"Nakayama Tomae Iromono, Nakayama Kiita Nashiji, Nakayama Suita Maruka\" width=\"1170\" height=\"658\" src=\"https:\/\/www.youtube.com\/embed\/IZ-D-qy6bYY?start=415&#038;feature=oembed\" frameborder=\"0\" allow=\"accelerometer; autoplay; clipboard-write; encrypted-media; gyroscope; picture-in-picture; web-share\" referrerpolicy=\"strict-origin-when-cross-origin\" allowfullscreen><\/iframe><\/div>\n<\/div><\/figure>\n\n\n\n<p>Kamie\u0144 Nakayama s\u0142ynie ze znaku Kato Mutsuyama Maruka z liter\u0105 \u201eka\u201d i piecz\u0119ci\u0105 Seihonzan \u32d5\u6b63\u672c\u5c71. Kato Mutsuyama by\u0142 pierwszym, kt\u00f3ry wyrze\u017abi\u0142 tak\u0105 piecz\u0119\u0107. Niestandardowe wymiary, du\u017ce rozmiary czy szorstkie kamienie nie mia\u0142y pierwotnie znaku Maruki. Istniej\u0105 jednak r\u00f3wnie\u017c produkty wysokiej jako\u015bci i niestandardowe ose\u0142ki, kt\u00f3re podczas ko\u0144cowej obr\u00f3bki w sprzeda\u017cy detalicznej zosta\u0142y nast\u0119pnie oznaczone piecz\u0119ci\u0105 Maruka, a tak\u017ce kamienie wyci\u0119te z surowc\u00f3w przez sprzedawc\u0119 bez stempla \u32d5\u6b63\u672c\u5c71. Ponadto kamienie szlifierskie Nakayama sprzedawane przed okresem stemplowania nie s\u0105 opatrzone piecz\u0119ci\u0105 Maruka. <\/p>\n\n\n\n<p>W ka\u017cdym razie, je\u015bli jest to kamie\u0144 Kato Mutsuyamy z tej kopalni, b\u0119dzie to ten sam kamie\u0144 Nakayama, niezale\u017cnie od tego, czy ma znak Maruka, czy nie. Sam znaczek \u32d5\u6b63\u672c\u5c71 mo\u017ce by\u0107 obecny lub nie, w zale\u017cno\u015bci od kana\u0142u dystrybucji i nie gwarantuje jako\u015bci. Nie tylko Nakayama, ale tak\u017ce inne naturalne kamienie szlifierskie, ka\u017cdy jest inny i nie ma dw\u00f3ch takich samych. Poza tym od zamkni\u0119cia kopalni min\u0119\u0142o wiele lat, dlatego z roku na rok na rynku pojawia si\u0119 coraz mniej dobrych okaz\u00f3w.<\/p>\n\n\n\n<p>Ze wzgl\u0119du na ich rzadko\u015b\u0107 i si\u0142\u0119 marki istnieje wiele podr\u00f3bek, dlatego zalecamy, aby nie ufa\u0107 zbytnio piecz\u0119ci Maruka i oceni\u0107 kamie\u0144 na w\u0142asne oczy.&nbsp;<\/p>\n\n\n\n<p>Kopalnia Kato znajduje si\u0119 w g\u00f3rach Nakayama, gdzie wydobywano kamienie do ose\u0142ek i zosta\u0142a tak nazwana, poniewa\u017c by\u0142a w\u0142asno\u015bci\u0105 pana Kato. Hatanaka Whetstone to sklep z kamieniami o d\u0142ugiej tradycji w Kioto. Po wojnie sprzeda\u017c\u0105 kamieni szlifierskich Nakayama wydobywanych w Kato Utsuyama zarz\u0105dza\u0142a pi\u0119cioosobowa grupa z wiod\u0105cego sklepu kamieniarskiego w Kioto. M\u00f3wi si\u0119, \u017ce w\u015br\u00f3d nich Hatanaka Toishi przez pewien czas cieszy\u0142 si\u0119 najwi\u0119kszym zaufaniem w\u0142a\u015bcicieli g\u00f3r. w 1952 r Hatanaka Toishi zarejestrowa\u0142 mark\u0119 Junshin Honzan (\u7d14\u7a7a\u6b63\u672c\u5c71), aby wyr\u00f3\u017cni\u0107 si\u0119 na tle innych sprzedawc\u00f3w detalicznych. Po roku 1980 prawa do kopalni Nakayama kupi\u0142a Hatanaka Whetstone i sta\u0142a si\u0119 w\u0142a\u015bcicielem marki Maruka. W tym samym czasie kamienie z tej kopalni by\u0142y dystrybuowane tak\u017ce za po\u015brednictwem innych sprzedawc\u00f3w detalicznych.<\/p>","protected":false},"excerpt":{"rendered":"<ul>\n<li>Nadaje si\u0119 do wyka\u0144czania brzytew, no\u017cy, no\u017cyczek, narz\u0119dzi stolarskich i innych.<\/li>\n<li>Wymiary: 200x71x33 mm<\/li>\n<li>Waga: 1130 g<\/li>\n<li>Wytrzyma\u0142o\u015b\u0107: Poz. 5<\/li>\n<li>Powierzchnia jest g\u0142adka i gotowa do pracy.<\/li>\n<li>Zalecamy prac\u0119 z ciep\u0142\u0105 wod\u0105, poniewa\u017c zimna woda pogarsza szybko\u015b\u0107 i reakcj\u0119.<\/li>\n<\/ul>","protected":false},"featured_media":2370,"comment_status":"open","ping_status":"closed","template":"","meta":[],"product_brand":[],"product_cat":[22],"product_tag":[58,49,50],"class_list":{"0":"post-2364","1":"product","2":"type-product","3":"status-publish","4":"has-post-thumbnail","6":"product_cat-jnats","7":"product_tag-maruka","8":"product_tag-nakayama","9":"product_tag-suita","10":"product_shipping_class-iprastas","12":"first","13":"outofstock","14":"shipping-taxable","15":"purchasable","16":"product-type-simple"},"_links":{"self":[{"href":"https:\/\/jnats.eu\/pl\/wp-json\/wp\/v2\/product\/2364","targetHints":{"allow":["GET"]}}],"collection":[{"href":"https:\/\/jnats.eu\/pl\/wp-json\/wp\/v2\/product"}],"about":[{"href":"https:\/\/jnats.eu\/pl\/wp-json\/wp\/v2\/types\/product"}],"replies":[{"embeddable":true,"href":"https:\/\/jnats.eu\/pl\/wp-json\/wp\/v2\/comments?post=2364"}],"wp:featuredmedia":[{"embeddable":true,"href":"https:\/\/jnats.eu\/pl\/wp-json\/wp\/v2\/media\/2370"}],"wp:attachment":[{"href":"https:\/\/jnats.eu\/pl\/wp-json\/wp\/v2\/media?parent=2364"}],"wp:term":[{"taxonomy":"product_brand","embeddable":true,"href":"https:\/\/jnats.eu\/pl\/wp-json\/wp\/v2\/product_brand?post=2364"},{"taxonomy":"product_cat","embeddable":true,"href":"https:\/\/jnats.eu\/pl\/wp-json\/wp\/v2\/product_cat?post=2364"},{"taxonomy":"product_tag","embeddable":true,"href":"https:\/\/jnats.eu\/pl\/wp-json\/wp\/v2\/product_tag?post=2364"}],"curies":[{"name":"wp","href":"https:\/\/api.w.org\/{rel}","templated":true}]}}