{"id":2409,"date":"2024-05-02T11:17:24","date_gmt":"2024-05-02T08:17:24","guid":{"rendered":"http:\/\/jnats.eu\/?post_type=product&#038;p=2409"},"modified":"2025-03-26T14:29:09","modified_gmt":"2025-03-26T12:29:09","slug":"ohira-koyama-imanishi","status":"publish","type":"product","link":"https:\/\/jnats.eu\/pl\/produkt-2\/ohira-koyama-imanishi\/","title":{"rendered":"Ohira Koyama Imanishi"},"content":{"rendered":"<p>Pr\u00f3ba tej naturalnej ose\u0142ki o du\u017cej g\u0119sto\u015bci jest w przybli\u017ceniu r\u00f3wna syntetycznej #8000. Je\u015bli chcesz przyspieszy\u0107 prac\u0119 przed rozpocz\u0119ciem ka\u017cdej sesji ostrzenia, zaleca si\u0119 u\u017cycie kamienia Nagura lub p\u0142ytki diamentowej do utworzenia zawiesiny i u\u017cycie wody jako \u015brodka smaruj\u0105cego dla lepszego sprz\u0119\u017cenia zwrotnego ostrzenia. Ohira Koyama Imanishi mo\u017ce z powodzeniem pracowa\u0107 bez tych \u201eta\u0144c\u00f3w z perkusj\u0105\u201d.<\/p>\n\n\n\n<p>Japo\u0144skich ose\u0142ek nie trzeba moczy\u0107. Po prostu na\u0142\u00f3\u017c wod\u0119 na powierzchni\u0119, gdy b\u0119dzie gotowa do u\u017cycia. Po zako\u0144czeniu sp\u0142ucz i pozostaw do wyschni\u0119cia w temperaturze pokojowej. Nie pozostawia\u0107 w wodzie.<\/p>","protected":false},"excerpt":{"rendered":"<ul>\n<li>Nadaje si\u0119 do wyka\u0144czania no\u017cy, wyrob\u00f3w stolarskich i innych narz\u0119dzi. Do maszynek do golenia \u2013 wyko\u0144czenie wst\u0119pne.<\/li>\n<li>Wymiary w przybli\u017ceniu: 205x78x33 mm<\/li>\n<li>Waga: 1328 g<\/li>\n<li>Twardo\u015b\u0107: Poz. 4,5<\/li>\n<li>Powierzchnia jest g\u0142adka i gotowa do pracy<\/li>\n<\/ul>","protected":false},"featured_media":2414,"comment_status":"open","ping_status":"closed","template":"","meta":[],"product_brand":[],"product_cat":[22],"product_tag":[254,271,47],"class_list":{"0":"post-2409","1":"product","2":"type-product","3":"status-publish","4":"has-post-thumbnail","6":"product_cat-jnats","7":"product_tag-imanishi","8":"product_tag-koyama","9":"product_tag-ohira","10":"product_shipping_class-iprastas","12":"first","13":"outofstock","14":"sale","15":"shipping-taxable","16":"purchasable","17":"product-type-simple"},"_links":{"self":[{"href":"https:\/\/jnats.eu\/pl\/wp-json\/wp\/v2\/product\/2409","targetHints":{"allow":["GET"]}}],"collection":[{"href":"https:\/\/jnats.eu\/pl\/wp-json\/wp\/v2\/product"}],"about":[{"href":"https:\/\/jnats.eu\/pl\/wp-json\/wp\/v2\/types\/product"}],"replies":[{"embeddable":true,"href":"https:\/\/jnats.eu\/pl\/wp-json\/wp\/v2\/comments?post=2409"}],"wp:featuredmedia":[{"embeddable":true,"href":"https:\/\/jnats.eu\/pl\/wp-json\/wp\/v2\/media\/2414"}],"wp:attachment":[{"href":"https:\/\/jnats.eu\/pl\/wp-json\/wp\/v2\/media?parent=2409"}],"wp:term":[{"taxonomy":"product_brand","embeddable":true,"href":"https:\/\/jnats.eu\/pl\/wp-json\/wp\/v2\/product_brand?post=2409"},{"taxonomy":"product_cat","embeddable":true,"href":"https:\/\/jnats.eu\/pl\/wp-json\/wp\/v2\/product_cat?post=2409"},{"taxonomy":"product_tag","embeddable":true,"href":"https:\/\/jnats.eu\/pl\/wp-json\/wp\/v2\/product_tag?post=2409"}],"curies":[{"name":"wp","href":"https:\/\/api.w.org\/{rel}","templated":true}]}}