{"id":2417,"date":"2024-05-03T09:02:02","date_gmt":"2024-05-03T06:02:02","guid":{"rendered":"http:\/\/jnats.eu\/?post_type=product&#038;p=2417"},"modified":"2024-05-03T09:42:24","modified_gmt":"2024-05-03T06:42:24","slug":"hatahoshi-hatanaka-%e7%b4%94%e7%9c%9f%e6%ad%a3%e6%9c%ac%e5%b1%b1-jyunshin-shohonyama","status":"publish","type":"product","link":"https:\/\/jnats.eu\/pl\/produkt-2\/hatahoshi-hatanaka-%e7%b4%94%e7%9c%9f%e6%ad%a3%e6%9c%ac%e5%b1%b1-jyunshin-shohonyama\/","title":{"rendered":"Hatahoshi Hatanaka, \u7d14\u7535\u5f71\u672c\u5c71 Jyunshin sh\u014dhonyama Ose\u0142ki"},"content":{"rendered":"<p>Obecnie jedyne autentyczne i nowe ose\u0142ki Nakayama s\u0105 wprowadzane na rynek przez Hatanaka, ostatniego w\u0142a\u015bciciela kopalni. Tylko on posiada prawo do u\u017cywania nazwy kopalni Nakayama, wraz z nazwami chronionymi prawem autorskim i zwi\u0105zanymi z ni\u0105 stemplami atramentowymi, mimo \u017ce kopalnia jest fizycznie zamkni\u0119ta. Zachowa\u0142 prawo do stemplowania wszelkich zapas\u00f3w pozostawionych przez pokolenia jego rodzinnego biznesu i mo\u017cna za\u0142o\u017cy\u0107, \u017ce wiele jego nowych kamieni pochodzi z ogromnych zapas\u00f3w surowca, kt\u00f3re zosta\u0142y wydobyte od czasu, gdy jego ojciec by\u0142 partnerem w Kato.<\/p>\n\n\n\n<p>Hatanaka zarz\u0105dza biznesem r\u00f3wnie sprytnie jak Kato, nie zalewaj\u0105c rynku kamieniami, kt\u00f3re w\u0119druj\u0105 od niego wybranymi kana\u0142ami. Dostrzega r\u00f3wnie\u017c dzia\u0142ania fa\u0142szerzy znaczk\u00f3w. Jego firma znajduje si\u0119 na szczycie piramidy w \u015bwiecie toffi, a jego reputacja jest dla niego najwa\u017cniejsza, dlatego autentyczne kamienie Hatahoshi Hatanaka zawsze by\u0142y najwy\u017cszej jako\u015bci i s\u0105 wysoko cenione.<\/p>\n\n\n\n<figure class=\"wp-block-embed is-type-video is-provider-youtube wp-block-embed-youtube wp-embed-aspect-16-9 wp-has-aspect-ratio\"><div class=\"wp-block-embed__wrapper\">\n<div class=\"video-container\"><iframe title=\"Hatahoshi Hatanaka, \u7d14\u771f\u6b63\u672c\u5c71 Jyunshin Whetstones\" width=\"1170\" height=\"658\" src=\"https:\/\/www.youtube.com\/embed\/ekLZW0ghpeU?feature=oembed\" frameborder=\"0\" allow=\"accelerometer; autoplay; clipboard-write; encrypted-media; gyroscope; picture-in-picture; web-share\" referrerpolicy=\"strict-origin-when-cross-origin\" allowfullscreen><\/iframe><\/div>\n<\/div><\/figure>","protected":false},"excerpt":{"rendered":"<p>Sprzedany<\/p>","protected":false},"featured_media":2420,"comment_status":"open","ping_status":"closed","template":"","meta":[],"product_brand":[],"product_cat":[22],"product_tag":[273,269,274,272],"class_list":{"0":"post-2417","1":"product","2":"type-product","3":"status-publish","4":"has-post-thumbnail","6":"product_cat-jnats","7":"product_tag-hatahoshi","8":"product_tag-hatanaka","9":"product_tag-jyunshin","10":"product_tag-272","12":"first","13":"outofstock","14":"shipping-taxable","15":"purchasable","16":"product-type-simple"},"_links":{"self":[{"href":"https:\/\/jnats.eu\/pl\/wp-json\/wp\/v2\/product\/2417","targetHints":{"allow":["GET"]}}],"collection":[{"href":"https:\/\/jnats.eu\/pl\/wp-json\/wp\/v2\/product"}],"about":[{"href":"https:\/\/jnats.eu\/pl\/wp-json\/wp\/v2\/types\/product"}],"replies":[{"embeddable":true,"href":"https:\/\/jnats.eu\/pl\/wp-json\/wp\/v2\/comments?post=2417"}],"wp:featuredmedia":[{"embeddable":true,"href":"https:\/\/jnats.eu\/pl\/wp-json\/wp\/v2\/media\/2420"}],"wp:attachment":[{"href":"https:\/\/jnats.eu\/pl\/wp-json\/wp\/v2\/media?parent=2417"}],"wp:term":[{"taxonomy":"product_brand","embeddable":true,"href":"https:\/\/jnats.eu\/pl\/wp-json\/wp\/v2\/product_brand?post=2417"},{"taxonomy":"product_cat","embeddable":true,"href":"https:\/\/jnats.eu\/pl\/wp-json\/wp\/v2\/product_cat?post=2417"},{"taxonomy":"product_tag","embeddable":true,"href":"https:\/\/jnats.eu\/pl\/wp-json\/wp\/v2\/product_tag?post=2417"}],"curies":[{"name":"wp","href":"https:\/\/api.w.org\/{rel}","templated":true}]}}