{"id":2421,"date":"2024-05-03T09:27:54","date_gmt":"2024-05-03T06:27:54","guid":{"rendered":"http:\/\/jnats.eu\/?post_type=product&#038;p=2421"},"modified":"2024-10-15T09:03:23","modified_gmt":"2024-10-15T06:03:23","slug":"narutaki-specialiai-skustuvams-atrinkti-uzbaigimo-akmenys","status":"publish","type":"product","link":"https:\/\/jnats.eu\/pl\/produkt-2\/narutaki-specialiai-skustuvams-atrinkti-uzbaigimo-akmenys\/","title":{"rendered":"Kamienie wyko\u0144czeniowe dobrane specjalnie do maszynek do golenia Narutaki"},"content":{"rendered":"<p>Zabytkowe kamienie wyko\u0144czeniowe specjalnie wyselekcjonowane do maszynek do golenia z kopalni Narutaki. W po\u0142owie ubieg\u0142ego wieku kamienie tego typu by\u0142y powszechnie stosowane i kompetencje os\u00f3b je obrabiaj\u0105cych budzi\u0142y w\u0105tpliwo\u015bci. Dlatego mo\u017cemy zagwarantowa\u0107 idealne golenie po zako\u0144czeniu ostrzenia tymi kamieniami.<\/p>\n\n\n\n<p>Nagura nie jest konieczna, gdy\u017c kamienie nie s\u0105 zbyt twarde i puszczaj\u0105 w\u0142asne zawieszenie.<\/p>\n\n\n\n<p><strong>Naruto (\u9cf4\u7027, \u9cf4\u6edd)<\/strong><br>Wschodnia kopalnia produkuj\u0105ca kamienie uzupe\u0142niaj\u0105ce, kt\u00f3re s\u0105 dobrze postrzegane przez togishi jako jizuya. Co ciekawe, tym samym terminem cz\u0119sto okre\u015bla si\u0119 region, w kt\u00f3rym wydobywa si\u0119 kamienie z kopal\u0144 wschodnich. Kamienie z samej kopalni Hon-Narutaki s\u0105 obecnie do\u015b\u0107 rzadko spotykane w handlu.<\/p>\n\n\n\n<figure class=\"wp-block-embed is-type-video is-provider-youtube wp-block-embed-youtube wp-embed-aspect-16-9 wp-has-aspect-ratio\"><div class=\"wp-block-embed__wrapper\">\n<div class=\"video-container\"><iframe title=\"Ose\u0142ki wyka\u0144czaj\u0105ce Narutaki specjalnie dobrane do maszynek do golenia\" width=\"1170\" height=\"658\" src=\"https:\/\/www.youtube.com\/embed\/ziKIUoWWSCc?feature=oembed\" frameborder=\"0\" allow=\"accelerometer; autoplay; clipboard-write; encrypted-media; gyroscope; picture-in-picture; web-share\" referrerpolicy=\"strict-origin-when-cross-origin\" allowfullscreen><\/iframe><\/div>\n<\/div><\/figure>","protected":false},"excerpt":{"rendered":"<ol>\n<li><del>Wymiary: 163x56x22mm; Waga 528 g.\u00a0<\/del> Sprzedany<\/li>\n<li><del>Wymiary: 156x56x26 mm; Waga 559 g.<\/del> Sprzedany<\/li>\n<li><del>Wymiary: 148x52x26 mm; Waga 489 g.<\/del><\/li>\n<li><del>Wymiary: 155x57x24mm; Waga 554 g.<\/del> <strong>Brak pokrywy pude\u0142ka.<\/strong><\/li>\n<\/ol>","protected":false},"featured_media":2429,"comment_status":"open","ping_status":"closed","template":"","meta":[],"product_brand":[],"product_cat":[22],"product_tag":[146],"class_list":{"0":"post-2421","1":"product","2":"type-product","3":"status-publish","4":"has-post-thumbnail","6":"product_cat-jnats","7":"product_tag-narutaki","8":"product_shipping_class-iprastas","10":"first","11":"outofstock","12":"sold-individually","13":"shipping-taxable","14":"purchasable","15":"product-type-variable"},"_links":{"self":[{"href":"https:\/\/jnats.eu\/pl\/wp-json\/wp\/v2\/product\/2421","targetHints":{"allow":["GET"]}}],"collection":[{"href":"https:\/\/jnats.eu\/pl\/wp-json\/wp\/v2\/product"}],"about":[{"href":"https:\/\/jnats.eu\/pl\/wp-json\/wp\/v2\/types\/product"}],"replies":[{"embeddable":true,"href":"https:\/\/jnats.eu\/pl\/wp-json\/wp\/v2\/comments?post=2421"}],"wp:featuredmedia":[{"embeddable":true,"href":"https:\/\/jnats.eu\/pl\/wp-json\/wp\/v2\/media\/2429"}],"wp:attachment":[{"href":"https:\/\/jnats.eu\/pl\/wp-json\/wp\/v2\/media?parent=2421"}],"wp:term":[{"taxonomy":"product_brand","embeddable":true,"href":"https:\/\/jnats.eu\/pl\/wp-json\/wp\/v2\/product_brand?post=2421"},{"taxonomy":"product_cat","embeddable":true,"href":"https:\/\/jnats.eu\/pl\/wp-json\/wp\/v2\/product_cat?post=2421"},{"taxonomy":"product_tag","embeddable":true,"href":"https:\/\/jnats.eu\/pl\/wp-json\/wp\/v2\/product_tag?post=2421"}],"curies":[{"name":"wp","href":"https:\/\/api.w.org\/{rel}","templated":true}]}}