{"id":2434,"date":"2024-05-03T10:27:43","date_gmt":"2024-05-03T07:27:43","guid":{"rendered":"http:\/\/jnats.eu\/?post_type=product&#038;p=2434"},"modified":"2024-06-29T15:55:34","modified_gmt":"2024-06-29T12:55:34","slug":"narutaki-awasedo-maruichi-for-kamisori","status":"publish","type":"product","link":"https:\/\/jnats.eu\/pl\/produkt-2\/narutaki-awasedo-maruichi-for-kamisori\/","title":{"rendered":"NARUTAKI AWASEDO Maruichi dla Kamisori\u00a0"},"content":{"rendered":"<p>Narutak-toi to drobne kamienie pozyskiwane z obszar\u00f3w Narutaki, Umegahata i Takao.<\/p>\n\n\n\n<p>Japo\u0144ski kamie\u0144 naturalny NARUTAKI AWASEDO Maruichi do Kamisori, specjalnie wyselekcjonowany do wyka\u0144czania ostrzenia brzytew, dzia\u0142a szybko i uwalnia odpowiedni\u0105 ilo\u015b\u0107 swojej zawiesiny. Do utworzenia zawieszenia nie jest potrzebny bardziej mi\u0119kki kamie\u0144 (mikawa lub tomo nagura) ani zu\u017cyta p\u0142yta diamentowa.<\/p>\n\n\n\n<p>Na ostrzu ze stali Aogami 2, Hagane ma lustrzane wyko\u0144czenie, podczas gdy bardziej mi\u0119kka Jigae ma jasne, matowe, srebrne wyko\u0144czenie.<\/p>\n\n\n\n<p>Ose\u0142ki Narutaki nale\u017c\u0105 do najlepszych kamieni wydobywanych w Kioto od prawie 900 lat. W epoce samuraj\u00f3w by\u0142o to bardzo wa\u017cne ze wzgl\u0119d\u00f3w militarnych, poniewa\u017c by\u0142a to ostrza\u0142ka do broni, dlatego przez setki lat g\u00f3r strzeg\u0142 japo\u0144ski cesarz, szoguni lub rz\u0105d. Przez d\u0142ugi czas w g\u00f3rach wydobywa\u0142a tylko rodzina Honmu. Narutaki-to s\u0142u\u017cy do ostrzenia i polerowania mieczy japo\u0144skich, ale Kanna (d\u0142uto japo\u0144skie), obliamsl, Kamisori itp. pozwala\u0142y r\u00f3wnie\u017c na u\u017cycie mniejszych lub gorszej jako\u015bci kamieni.<\/p>\n\n\n\n<p>Naturalna ose\u0142ka ma wi\u0119ksz\u0105 skal\u0119 robocz\u0105 ni\u017c sztuczna, dlatego nie znamy dok\u0142adnego wyniku, dop\u00f3ki nie zako\u0144czymy ostrzenia. Materia\u0142 \u015bcierny sztucznych ose\u0142ek nie rozpada si\u0119 na mniejsze rozmiary, a naturalne cz\u0105stki mo\u017cna rozbi\u0107 na mniejsze rozmiary, kt\u00f3re miesza si\u0119 ze z\u0142omem stalowym w celu uzyskania odpowiedniego wyko\u0144czenia Jigane i Hagane.<\/p>","protected":false},"excerpt":{"rendered":"<ul>\n<li>Nadaje si\u0119 do wyka\u0144czania maszynek do golenia, no\u017cy, narz\u0119dzi stolarskich i innych.<\/li>\n<li>Wymiary w przybli\u017ceniu: 133x82x24 mm<\/li>\n<li>Waga: 609 g<\/li>\n<li>Wytrzyma\u0142o\u015b\u0107: Poz. 5<\/li>\n<li>Powierzchnia jest g\u0142adka i gotowa do pracy<\/li>\n<\/ul>","protected":false},"featured_media":2439,"comment_status":"open","ping_status":"closed","template":"","meta":[],"product_brand":[],"product_cat":[22],"product_tag":[40,25,275,146],"class_list":{"0":"post-2434","1":"product","2":"type-product","3":"status-publish","4":"has-post-thumbnail","6":"product_cat-jnats","7":"product_tag-awasedo","8":"product_tag-kamisori","9":"product_tag-maruichi","10":"product_tag-narutaki","11":"product_shipping_class-iprastas","13":"first","14":"outofstock","15":"shipping-taxable","16":"purchasable","17":"product-type-simple"},"_links":{"self":[{"href":"https:\/\/jnats.eu\/pl\/wp-json\/wp\/v2\/product\/2434","targetHints":{"allow":["GET"]}}],"collection":[{"href":"https:\/\/jnats.eu\/pl\/wp-json\/wp\/v2\/product"}],"about":[{"href":"https:\/\/jnats.eu\/pl\/wp-json\/wp\/v2\/types\/product"}],"replies":[{"embeddable":true,"href":"https:\/\/jnats.eu\/pl\/wp-json\/wp\/v2\/comments?post=2434"}],"wp:featuredmedia":[{"embeddable":true,"href":"https:\/\/jnats.eu\/pl\/wp-json\/wp\/v2\/media\/2439"}],"wp:attachment":[{"href":"https:\/\/jnats.eu\/pl\/wp-json\/wp\/v2\/media?parent=2434"}],"wp:term":[{"taxonomy":"product_brand","embeddable":true,"href":"https:\/\/jnats.eu\/pl\/wp-json\/wp\/v2\/product_brand?post=2434"},{"taxonomy":"product_cat","embeddable":true,"href":"https:\/\/jnats.eu\/pl\/wp-json\/wp\/v2\/product_cat?post=2434"},{"taxonomy":"product_tag","embeddable":true,"href":"https:\/\/jnats.eu\/pl\/wp-json\/wp\/v2\/product_tag?post=2434"}],"curies":[{"name":"wp","href":"https:\/\/api.w.org\/{rel}","templated":true}]}}