{"id":2442,"date":"2024-05-03T10:33:17","date_gmt":"2024-05-03T07:33:17","guid":{"rendered":"http:\/\/jnats.eu\/?post_type=product&#038;p=2442"},"modified":"2024-11-28T23:41:07","modified_gmt":"2024-11-28T21:41:07","slug":"narutaki-awasedo-maruichi-for-kamisori-2","status":"publish","type":"product","link":"https:\/\/jnats.eu\/pl\/produkt-2\/narutaki-awasedo-maruichi-for-kamisori-2\/","title":{"rendered":"Maruichi Maruka dla Kamisori\u00a0"},"content":{"rendered":"<p>Narutak-toi to drobne kamienie pozyskiwane z obszar\u00f3w Narutaki, Umegahata i Takao.<\/p>\n\n\n\n<p>Japo\u0144ski kamie\u0144 naturalny NARUTAKI AWASEDO Maruichi Maruka for Kamisori, specjalnie dobrany do wyka\u0144czaj\u0105cego ostrzenia brzytew, dzia\u0142a szybko i wytwarza wystarczaj\u0105c\u0105 ilo\u015b\u0107 zawiesiny. Zawiesina nie wymaga bardziej mi\u0119kkiego kamienia (mikawa lub tomo nagura) ani zu\u017cytej p\u0142ytki diamentowej.<\/p>\n\n\n\n<p>Na ostrzu ze stali Aogami 2, Hagane ma lustrzane wyko\u0144czenie, podczas gdy bardziej mi\u0119kka Jigae ma jasne, matowe, srebrne wyko\u0144czenie.<\/p>\n\n\n\n<p>Kamienie do ostrzenia Narutaki s\u0105 jednymi z najlepszych wydobywanych w Kioto od prawie 900 lat. W epoce samuraj\u00f3w by\u0142y bardzo wa\u017cne z wojskowego punktu widzenia, poniewa\u017c s\u0142u\u017cy\u0142y do ostrzenia broni, a przez setki lat g\u00f3ry by\u0142y strze\u017cone przez japo\u0144skiego cesarza, szoguna lub rz\u0105d. Tylko rodzina Honma wykorzystywa\u0142a g\u00f3r\u0119 przez d\u0142ugi czas. Narutaki-to by\u0142 u\u017cywany do ostrzenia i polerowania japo\u0144skich mieczy, ale mniejsze lub ni\u017cszej jako\u015bci kamienie by\u0142y r\u00f3wnie\u017c u\u017cywane do Kanna (japo\u0144skie d\u0142uto), desek, Kamisori itp.<\/p>\n\n\n\n<p>Naturalna ose\u0142ka ma wi\u0119ksz\u0105 skal\u0119 robocz\u0105 ni\u017c sztuczna, dlatego nie znamy dok\u0142adnego wyniku, dop\u00f3ki nie zako\u0144czymy ostrzenia. Materia\u0142 \u015bcierny sztucznych ose\u0142ek nie rozpada si\u0119 na mniejsze rozmiary, a naturalne cz\u0105stki mo\u017cna rozbi\u0107 na mniejsze rozmiary, kt\u00f3re miesza si\u0119 ze z\u0142omem stalowym w celu uzyskania odpowiedniego wyko\u0144czenia Jigane i Hagane.<\/p>","protected":false},"excerpt":{"rendered":"<ul>\n<li>Nadaje si\u0119 do wyka\u0144czania maszynek do golenia, no\u017cy, narz\u0119dzi stolarskich i innych.<\/li>\n<li>Wymiary w przybli\u017ceniu: 144x84x28 mm<\/li>\n<li>Waga: 857 g<\/li>\n<li>Wytrzyma\u0142o\u015b\u0107: Poz. 5<\/li>\n<li>Powierzchnia jest g\u0142adka i gotowa do pracy<\/li>\n<\/ul>","protected":false},"featured_media":2444,"comment_status":"open","ping_status":"closed","template":"","meta":[],"product_brand":[],"product_cat":[22],"product_tag":[40,275],"class_list":{"0":"post-2442","1":"product","2":"type-product","3":"status-publish","4":"has-post-thumbnail","6":"product_cat-jnats","7":"product_tag-awasedo","8":"product_tag-maruichi","9":"product_shipping_class-iprastas","11":"first","12":"outofstock","13":"shipping-taxable","14":"purchasable","15":"product-type-simple"},"_links":{"self":[{"href":"https:\/\/jnats.eu\/pl\/wp-json\/wp\/v2\/product\/2442","targetHints":{"allow":["GET"]}}],"collection":[{"href":"https:\/\/jnats.eu\/pl\/wp-json\/wp\/v2\/product"}],"about":[{"href":"https:\/\/jnats.eu\/pl\/wp-json\/wp\/v2\/types\/product"}],"replies":[{"embeddable":true,"href":"https:\/\/jnats.eu\/pl\/wp-json\/wp\/v2\/comments?post=2442"}],"wp:featuredmedia":[{"embeddable":true,"href":"https:\/\/jnats.eu\/pl\/wp-json\/wp\/v2\/media\/2444"}],"wp:attachment":[{"href":"https:\/\/jnats.eu\/pl\/wp-json\/wp\/v2\/media?parent=2442"}],"wp:term":[{"taxonomy":"product_brand","embeddable":true,"href":"https:\/\/jnats.eu\/pl\/wp-json\/wp\/v2\/product_brand?post=2442"},{"taxonomy":"product_cat","embeddable":true,"href":"https:\/\/jnats.eu\/pl\/wp-json\/wp\/v2\/product_cat?post=2442"},{"taxonomy":"product_tag","embeddable":true,"href":"https:\/\/jnats.eu\/pl\/wp-json\/wp\/v2\/product_tag?post=2442"}],"curies":[{"name":"wp","href":"https:\/\/api.w.org\/{rel}","templated":true}]}}