{"id":2449,"date":"2024-05-03T10:44:53","date_gmt":"2024-05-03T07:44:53","guid":{"rendered":"http:\/\/jnats.eu\/?post_type=product&#038;p=2449"},"modified":"2024-11-28T23:41:07","modified_gmt":"2024-11-28T21:41:07","slug":"honyama-goto-yamashiro","status":"publish","type":"product","link":"https:\/\/jnats.eu\/pl\/produkt-2\/honyama-goto-yamashiro\/","title":{"rendered":"Honyama Goto Yamashiro"},"content":{"rendered":"<p>Honyama Goto Yamashiro dzia\u0142a szybko i uwalnia wystarczaj\u0105c\u0105 ilo\u015b\u0107 zawieszenia. Do utworzenia zawieszenia nie jest wymagany bardziej mi\u0119kki kamie\u0144 (mikawa lub tomo nagura) lub zu\u017cyta p\u0142yta diamentowa.<\/p>","protected":false},"excerpt":{"rendered":"<ul>\n<li>Nadaje si\u0119 do wyka\u0144czania maszynek do golenia, no\u017cy, narz\u0119dzi stolarskich i innych.<\/li>\n<li>Wymiary w przybli\u017ceniu: 144x85x28 mm<\/li>\n<li>Waga: 888 g<\/li>\n<li>Twardo\u015b\u0107: Poziom 4<\/li>\n<li><strong>Pod metk\u0105 znajduje si\u0119 p\u0142ytkie rozci\u0119cie, kt\u00f3re nie powinno przeszkadza\u0107 w pracy<\/strong><\/li>\n<\/ul>","protected":false},"featured_media":2455,"comment_status":"open","ping_status":"closed","template":"","meta":[],"product_brand":[],"product_cat":[22],"product_tag":[276,270,247],"class_list":{"0":"post-2449","1":"product","2":"type-product","3":"status-publish","4":"has-post-thumbnail","6":"product_cat-jnats","7":"product_tag-goto","8":"product_tag-honyama","9":"product_tag-yamashiro","10":"product_shipping_class-iprastas","12":"first","13":"outofstock","14":"shipping-taxable","15":"purchasable","16":"product-type-simple"},"_links":{"self":[{"href":"https:\/\/jnats.eu\/pl\/wp-json\/wp\/v2\/product\/2449","targetHints":{"allow":["GET"]}}],"collection":[{"href":"https:\/\/jnats.eu\/pl\/wp-json\/wp\/v2\/product"}],"about":[{"href":"https:\/\/jnats.eu\/pl\/wp-json\/wp\/v2\/types\/product"}],"replies":[{"embeddable":true,"href":"https:\/\/jnats.eu\/pl\/wp-json\/wp\/v2\/comments?post=2449"}],"wp:featuredmedia":[{"embeddable":true,"href":"https:\/\/jnats.eu\/pl\/wp-json\/wp\/v2\/media\/2455"}],"wp:attachment":[{"href":"https:\/\/jnats.eu\/pl\/wp-json\/wp\/v2\/media?parent=2449"}],"wp:term":[{"taxonomy":"product_brand","embeddable":true,"href":"https:\/\/jnats.eu\/pl\/wp-json\/wp\/v2\/product_brand?post=2449"},{"taxonomy":"product_cat","embeddable":true,"href":"https:\/\/jnats.eu\/pl\/wp-json\/wp\/v2\/product_cat?post=2449"},{"taxonomy":"product_tag","embeddable":true,"href":"https:\/\/jnats.eu\/pl\/wp-json\/wp\/v2\/product_tag?post=2449"}],"curies":[{"name":"wp","href":"https:\/\/api.w.org\/{rel}","templated":true}]}}