{"id":2458,"date":"2024-05-03T11:07:28","date_gmt":"2024-05-03T08:07:28","guid":{"rendered":"http:\/\/jnats.eu\/?post_type=product&#038;p=2458"},"modified":"2024-06-24T12:41:55","modified_gmt":"2024-06-24T09:41:55","slug":"maruoyama-kurato-black-lotus","status":"publish","type":"product","link":"https:\/\/jnats.eu\/pl\/produkt-2\/maruoyama-kurato-black-lotus\/","title":{"rendered":"Czarny Lotos autorstwa Maruoyamy Kurato"},"content":{"rendered":"<p>Maruoyama Kurato Black Lotus nadaje si\u0119 do ko\u0144cowego ostrzenia wszelkiego rodzaju narz\u0119dzi takich jak no\u017ce, strugarki, d\u0142uta, brzytwy, no\u017ce itp. \u0141atwe w ostrzeniu, mo\u017cna szybko wyko\u0144czy\u0107, a nast\u0119pnie ci\u0105\u0107 narz\u0119dziem przez d\u0142ugi czas. <\/p>\n\n\n\n<p>Kopalnia Maruo zlokalizowana jest w g\u00f3rach Tanba. Po\u0142o\u017cona na p\u00f3\u0142nocny zach\u00f3d od miasta Kameoka, naturalna kamienna g\u00f3ra zwana Nishimono jest stosunkowo nowa, wydobywana od czas\u00f3w Meiji. W promieniu 3 km od tego miejsca znajdowa\u0142o si\u0119 oko\u0142o 500 g\u0142\u00f3wnych i po\u0142\u0105czonych kamiennych wej\u015b\u0107, zar\u00f3wno du\u017cych, jak i ma\u0142ych. Jednym z nich jest g\u00f3ra Maruo, na kt\u00f3rej obecnie wydobywa rodzina Tatar\u00f3w. <\/p>\n\n\n\n<p>Trzecia generacja Shoji i czwarta generacja Yozo rozpocz\u0119\u0142y wydobycie w 1970 roku. W kopalni znajduj\u0105 si\u0119 warstwy Suita i Tomae utworzone przez Honguchi, a wysokiej jako\u015bci kamienie szlifowane s\u0105 nadal wydobywane. Prowadzone jest w pe\u0142ni podziemne wydobycie, co jest obecnie bardzo rzadkie.<\/p>","protected":false},"excerpt":{"rendered":"<ul>\n<li>Nadaje si\u0119 do wyka\u0144czania maszynek do golenia, no\u017cy, narz\u0119dzi stolarskich i innych.<\/li>\n<li>Wymiary w przybli\u017ceniu: 142x64x38 mm<\/li>\n<li>Waga: 750 g<\/li>\n<li>Twardo\u015b\u0107: Poz. 4,5<\/li>\n<li>Powierzchnia jest g\u0142adka i gotowa do pracy<\/li>\n<\/ul>","protected":false},"featured_media":2466,"comment_status":"open","ping_status":"closed","template":"","meta":[],"product_brand":[],"product_cat":[22],"product_tag":[277,233],"class_list":{"0":"post-2458","1":"product","2":"type-product","3":"status-publish","4":"has-post-thumbnail","6":"product_cat-jnats","7":"product_tag-lotus","8":"product_tag-maruoyama","9":"product_shipping_class-iprastas","11":"first","12":"outofstock","13":"shipping-taxable","14":"purchasable","15":"product-type-simple"},"_links":{"self":[{"href":"https:\/\/jnats.eu\/pl\/wp-json\/wp\/v2\/product\/2458","targetHints":{"allow":["GET"]}}],"collection":[{"href":"https:\/\/jnats.eu\/pl\/wp-json\/wp\/v2\/product"}],"about":[{"href":"https:\/\/jnats.eu\/pl\/wp-json\/wp\/v2\/types\/product"}],"replies":[{"embeddable":true,"href":"https:\/\/jnats.eu\/pl\/wp-json\/wp\/v2\/comments?post=2458"}],"wp:featuredmedia":[{"embeddable":true,"href":"https:\/\/jnats.eu\/pl\/wp-json\/wp\/v2\/media\/2466"}],"wp:attachment":[{"href":"https:\/\/jnats.eu\/pl\/wp-json\/wp\/v2\/media?parent=2458"}],"wp:term":[{"taxonomy":"product_brand","embeddable":true,"href":"https:\/\/jnats.eu\/pl\/wp-json\/wp\/v2\/product_brand?post=2458"},{"taxonomy":"product_cat","embeddable":true,"href":"https:\/\/jnats.eu\/pl\/wp-json\/wp\/v2\/product_cat?post=2458"},{"taxonomy":"product_tag","embeddable":true,"href":"https:\/\/jnats.eu\/pl\/wp-json\/wp\/v2\/product_tag?post=2458"}],"curies":[{"name":"wp","href":"https:\/\/api.w.org\/{rel}","templated":true}]}}