{"id":2468,"date":"2024-05-03T11:12:03","date_gmt":"2024-05-03T08:12:03","guid":{"rendered":"http:\/\/jnats.eu\/?post_type=product&#038;p=2468"},"modified":"2025-09-09T08:41:05","modified_gmt":"2025-09-09T05:41:05","slug":"maruoyama-shin-ogami","status":"publish","type":"product","link":"https:\/\/jnats.eu\/pl\/produkt-2\/maruoyama-shin-ogami\/","title":{"rendered":"Maruoyamy Shin Ogamiego"},"content":{"rendered":"<p>Maruoyama Shin Ogami nadaje si\u0119 do wyka\u0144czaj\u0105cego ostrzenia wszelkiego rodzaju narz\u0119dzi takich jak no\u017ce, strugarki, d\u0142uta, brzytwy itp. \u0141atwo si\u0119 ostrzy, mo\u017cna go szybko i dobrze wyko\u0144czy\u0107, a nast\u0119pnie ci\u0105\u0107 narz\u0119dziem przez d\u0142ugi czas.<\/p>\n\n\n\n<p>Szyb Maruo znajduje si\u0119 w g\u00f3rach Tanba. Naturalna kamienna g\u00f3ra w p\u00f3\u0142nocno-zachodniej cz\u0119\u015bci Kameoka, znana jako \"Nishimono\", jest stosunkowo now\u0105 kopalni\u0105, pochodz\u0105c\u0105 z ery Meiji (data zako\u0144czenia: 30 lipca 1912 r.; data rozpocz\u0119cia: 25 stycznia 1868 r.). W promieniu 3 km od tego miejsca znajdowa\u0142o si\u0119 oko\u0142o 500 g\u0142\u00f3wnych i po\u0142\u0105czonych kamiennych wej\u015b\u0107, zar\u00f3wno du\u017cych, jak i ma\u0142ych. Jednym z nich jest wzg\u00f3rze Maruo, kt\u00f3re jest obecnie wydobywane przez rodzin\u0119 Tottori.<\/p>\n\n\n\n<p>Trzecia generacja Shoji i czwarta generacja Yozo rozpocz\u0119\u0142y wydobycie w 1970 roku. W kopalni znajduj\u0105 si\u0119 warstwy Suita i Tomae utworzone przez Honguchi, a wysokiej jako\u015bci kamienie szlifowane s\u0105 nadal wydobywane. Prowadzone jest w pe\u0142ni podziemne wydobycie, co jest obecnie bardzo rzadkie.<\/p>","protected":false},"excerpt":{"rendered":"<ul>\n<li>Nadaje si\u0119 do wyka\u0144czania maszynek do golenia, no\u017cy, narz\u0119dzi stolarskich i innych.<\/li>\n<li>Wymiary: 196x40x67 mm<\/li>\n<li>Waga: 1060 g<\/li>\n<li>Twardo\u015b\u0107: Poziom 4<\/li>\n<li>Powierzchnia jest g\u0142adka i gotowa do pracy<\/li>\n<\/ul>","protected":false},"featured_media":2471,"comment_status":"open","ping_status":"closed","template":"","meta":[],"product_brand":[],"product_cat":[22],"product_tag":[233],"class_list":{"0":"post-2468","1":"product","2":"type-product","3":"status-publish","4":"has-post-thumbnail","6":"product_cat-jnats","7":"product_tag-maruoyama","8":"product_shipping_class-iprastas","10":"first","11":"instock","12":"sale","13":"shipping-taxable","14":"purchasable","15":"product-type-simple"},"_links":{"self":[{"href":"https:\/\/jnats.eu\/pl\/wp-json\/wp\/v2\/product\/2468","targetHints":{"allow":["GET"]}}],"collection":[{"href":"https:\/\/jnats.eu\/pl\/wp-json\/wp\/v2\/product"}],"about":[{"href":"https:\/\/jnats.eu\/pl\/wp-json\/wp\/v2\/types\/product"}],"replies":[{"embeddable":true,"href":"https:\/\/jnats.eu\/pl\/wp-json\/wp\/v2\/comments?post=2468"}],"wp:featuredmedia":[{"embeddable":true,"href":"https:\/\/jnats.eu\/pl\/wp-json\/wp\/v2\/media\/2471"}],"wp:attachment":[{"href":"https:\/\/jnats.eu\/pl\/wp-json\/wp\/v2\/media?parent=2468"}],"wp:term":[{"taxonomy":"product_brand","embeddable":true,"href":"https:\/\/jnats.eu\/pl\/wp-json\/wp\/v2\/product_brand?post=2468"},{"taxonomy":"product_cat","embeddable":true,"href":"https:\/\/jnats.eu\/pl\/wp-json\/wp\/v2\/product_cat?post=2468"},{"taxonomy":"product_tag","embeddable":true,"href":"https:\/\/jnats.eu\/pl\/wp-json\/wp\/v2\/product_tag?post=2468"}],"curies":[{"name":"wp","href":"https:\/\/api.w.org\/{rel}","templated":true}]}}