{"id":2493,"date":"2024-05-03T12:13:07","date_gmt":"2024-05-03T09:13:07","guid":{"rendered":"http:\/\/jnats.eu\/?post_type=product&#038;p=2493"},"modified":"2024-05-04T11:06:47","modified_gmt":"2024-05-04T08:06:47","slug":"izoriyama-awasedo-imanishi","status":"publish","type":"product","link":"https:\/\/jnats.eu\/pl\/produkt-2\/izoriyama-awasedo-imanishi\/","title":{"rendered":"Izoriyama Awasedo Imanishi"},"content":{"rendered":"<p>Japo\u0144ski kamie\u0144 do ostrzenia Izoriyama Awasedo Imanishi jest przyjemny w u\u017cyciu i szybko dzia\u0142a. Du\u017ce wymiary zapewniaj\u0105 niezwykle stabilne uczucie ostrzenia, a czysto\u015b\u0107 kamienia zapewnia niezmienne rezultaty przez ca\u0142e \u017cycie. Jest to \u201eko\u0144 poci\u0105gowy\u201d, kt\u00f3ry mo\u017ce s\u0142u\u017cy\u0107 przez ca\u0142e \u017cycie profesjonalnemu entuzja\u015bcie ostrzenia i polerowania. Kamie\u0144 jest mocny, ale nie na tyle twardy, aby korzystanie z niego by\u0142o zbyt trudne dla mniej do\u015bwiadczonych u\u017cytkownik\u00f3w. Stosuj\u0105c zawieszenie boczne lub diamentowe, usuwa 6 tys. wystarczaj\u0105co szybko. syntetyczne kamienie rysuj\u0105 i pozostawiaj\u0105 przyjemne kasumi, a czystym kamieniem n\u00f3\u017c mo\u017cna dalej uszlachetni\u0107, uzyskuj\u0105c delikatne, b\u0142yszcz\u0105ce wyko\u0144czenie. Kamie\u0144 ten nadaje si\u0119 do wszystkiego, od no\u017cy po narz\u0119dzia i brzytwy. <\/p>","protected":false},"excerpt":{"rendered":"<ul>\n<li>Nadaje si\u0119 do wyka\u0144czania brzytew, no\u017cy, no\u017cyczek, narz\u0119dzi stolarskich i innych.<\/li>\n<li>Wymiary: 205x78x45 mm<\/li>\n<li>Waga: 1850 g<\/li>\n<li>Twardo\u015b\u0107: Poz. 4,5<\/li>\n<li>Powierzchnia jest g\u0142adka i gotowa do pracy.<\/li>\n<li>Zalecamy prac\u0119 z ciep\u0142\u0105 wod\u0105, poniewa\u017c zimna woda pogarsza szybko\u015b\u0107 i reakcj\u0119.<\/li>\n<\/ul>","protected":false},"featured_media":2494,"comment_status":"open","ping_status":"closed","template":"","meta":[],"product_brand":[],"product_cat":[22],"product_tag":[40,254,279],"class_list":{"0":"post-2493","1":"product","2":"type-product","3":"status-publish","4":"has-post-thumbnail","6":"product_cat-jnats","7":"product_tag-awasedo","8":"product_tag-imanishi","9":"product_tag-izoriyama","10":"product_shipping_class-iprastas","12":"first","13":"instock","14":"sale","15":"shipping-taxable","16":"purchasable","17":"product-type-simple"},"_links":{"self":[{"href":"https:\/\/jnats.eu\/pl\/wp-json\/wp\/v2\/product\/2493","targetHints":{"allow":["GET"]}}],"collection":[{"href":"https:\/\/jnats.eu\/pl\/wp-json\/wp\/v2\/product"}],"about":[{"href":"https:\/\/jnats.eu\/pl\/wp-json\/wp\/v2\/types\/product"}],"replies":[{"embeddable":true,"href":"https:\/\/jnats.eu\/pl\/wp-json\/wp\/v2\/comments?post=2493"}],"wp:featuredmedia":[{"embeddable":true,"href":"https:\/\/jnats.eu\/pl\/wp-json\/wp\/v2\/media\/2494"}],"wp:attachment":[{"href":"https:\/\/jnats.eu\/pl\/wp-json\/wp\/v2\/media?parent=2493"}],"wp:term":[{"taxonomy":"product_brand","embeddable":true,"href":"https:\/\/jnats.eu\/pl\/wp-json\/wp\/v2\/product_brand?post=2493"},{"taxonomy":"product_cat","embeddable":true,"href":"https:\/\/jnats.eu\/pl\/wp-json\/wp\/v2\/product_cat?post=2493"},{"taxonomy":"product_tag","embeddable":true,"href":"https:\/\/jnats.eu\/pl\/wp-json\/wp\/v2\/product_tag?post=2493"}],"curies":[{"name":"wp","href":"https:\/\/api.w.org\/{rel}","templated":true}]}}