{"id":2501,"date":"2024-05-03T12:24:14","date_gmt":"2024-05-03T09:24:14","guid":{"rendered":"http:\/\/jnats.eu\/?post_type=product&#038;p=2501"},"modified":"2025-10-08T12:27:10","modified_gmt":"2025-10-08T09:27:10","slug":"narutaki-asagi-awasedo","status":"publish","type":"product","link":"https:\/\/jnats.eu\/pl\/produkt-2\/narutaki-asagi-awasedo\/","title":{"rendered":"Narutaki Asagi Awasedo"},"content":{"rendered":"<p>Jednorodny i idealnie ukszta\u0142towany, Narutaki Asagi Awasedo nadaje si\u0119 do ostrzenia wszelkich narz\u0119dzi i charakteryzuje si\u0119 dobr\u0105 szybko\u015bci\u0105 i jednorodno\u015bci\u0105 pracy.<\/p>\n\n\n\n<p><strong>Naruto (\u9cf4\u7027, \u9cf4\u6edd)<\/strong><br>Wschodnia kopalnia produkuj\u0105ca kamienie uzupe\u0142niaj\u0105ce, kt\u00f3re s\u0105 dobrze postrzegane przez togishi jako jizuya. Co ciekawe, tym samym terminem cz\u0119sto okre\u015bla si\u0119 region, w kt\u00f3rym wydobywa si\u0119 kamienie z kopal\u0144 wschodnich. Kamienie z samej kopalni Hon-Narutaki s\u0105 obecnie do\u015b\u0107 rzadko spotykane w handlu.<\/p>","protected":false},"excerpt":{"rendered":"<ul>\n<li>Nadaje si\u0119 do wyka\u0144czania brzytew, no\u017cy, no\u017cyczek, narz\u0119dzi stolarskich i innych.<\/li>\n<li>Wymiary: 205x76x44 mm<\/li>\n<li>Waga: 1697 g<\/li>\n<li>Twardo\u015b\u0107: Poz. 4,8<\/li>\n<li>Obie strony s\u0105 gotowe do pracy. W jednym z nich widoczne s\u0105 dziury <em>z, kt\u00f3re przyspieszaj\u0105 prac\u0119, ale nie s\u0105 po\u017c\u0105dane w przypadku maszynek do golenia ze wzgl\u0119du na mo\u017cliwo\u015b\u0107 uszkodzenia delikatnego ostrza.<\/em><\/li>\n<li>Zalecamy prac\u0119 z ciep\u0142\u0105 wod\u0105, poniewa\u017c zimna woda pogarsza szybko\u015b\u0107 i reakcj\u0119.<\/li>\n<\/ul>","protected":false},"featured_media":2502,"comment_status":"open","ping_status":"closed","template":"","meta":[],"product_brand":[],"product_cat":[22],"product_tag":[45,40,146],"class_list":{"0":"post-2501","1":"product","2":"type-product","3":"status-publish","4":"has-post-thumbnail","6":"product_cat-jnats","7":"product_tag-asagi","8":"product_tag-awasedo","9":"product_tag-narutaki","10":"product_shipping_class-iprastas","12":"first","13":"outofstock","14":"sale","15":"shipping-taxable","16":"purchasable","17":"product-type-simple"},"_links":{"self":[{"href":"https:\/\/jnats.eu\/pl\/wp-json\/wp\/v2\/product\/2501","targetHints":{"allow":["GET"]}}],"collection":[{"href":"https:\/\/jnats.eu\/pl\/wp-json\/wp\/v2\/product"}],"about":[{"href":"https:\/\/jnats.eu\/pl\/wp-json\/wp\/v2\/types\/product"}],"replies":[{"embeddable":true,"href":"https:\/\/jnats.eu\/pl\/wp-json\/wp\/v2\/comments?post=2501"}],"wp:featuredmedia":[{"embeddable":true,"href":"https:\/\/jnats.eu\/pl\/wp-json\/wp\/v2\/media\/2502"}],"wp:attachment":[{"href":"https:\/\/jnats.eu\/pl\/wp-json\/wp\/v2\/media?parent=2501"}],"wp:term":[{"taxonomy":"product_brand","embeddable":true,"href":"https:\/\/jnats.eu\/pl\/wp-json\/wp\/v2\/product_brand?post=2501"},{"taxonomy":"product_cat","embeddable":true,"href":"https:\/\/jnats.eu\/pl\/wp-json\/wp\/v2\/product_cat?post=2501"},{"taxonomy":"product_tag","embeddable":true,"href":"https:\/\/jnats.eu\/pl\/wp-json\/wp\/v2\/product_tag?post=2501"}],"curies":[{"name":"wp","href":"https:\/\/api.w.org\/{rel}","templated":true}]}}