{"id":251,"date":"2024-02-26T10:17:19","date_gmt":"2024-02-26T08:17:19","guid":{"rendered":"http:\/\/jnats.eu\/?post_type=product&#038;p=251"},"modified":"2025-06-19T09:10:14","modified_gmt":"2025-06-19T06:10:14","slug":"zwilling-podwojny-noz-cermax-micarta-20-cm","status":"publish","type":"product","link":"https:\/\/jnats.eu\/pl\/produkt-2\/zwilling-podwojny-noz-cermax-micarta-20-cm\/","title":{"rendered":"N\u00f3\u017c ZWILLING TWIN CERMAX Micarta 20 cm"},"content":{"rendered":"<figure class=\"wp-block-embed is-type-video is-provider-youtube wp-block-embed-youtube wp-embed-aspect-16-9 wp-has-aspect-ratio\"><div class=\"wp-block-embed__wrapper\">\n<div class=\"video-container\"><iframe title=\"ZWILLING TWIN CERMAX Micarta 20 cm\" width=\"1170\" height=\"658\" src=\"https:\/\/www.youtube.com\/embed\/qp55F_OcFoM?feature=oembed\" frameborder=\"0\" allow=\"accelerometer; autoplay; clipboard-write; encrypted-media; gyroscope; picture-in-picture; web-share\" referrerpolicy=\"strict-origin-when-cross-origin\" allowfullscreen><\/iframe><\/div>\n<\/div><\/figure>\n\n\n\n<ul class=\"wp-block-list\">\n<li>D\u0142ugo\u015b\u0107 ca\u0142kowita 33,6 cm<\/li>\n\n\n\n<li>D\u0142ugo\u015b\u0107 ostrza 20,0 cm<\/li>\n\n\n\n<li>Rdze\u0144 ostrza wykonany z jednego z najlepszych na \u015bwiecie mikrow\u0119glik\u00f3w stali nierdzewnej MC66 (ZDP-189), zabezpieczony laminatem z \u0142agodniejszej stali Cryodur, hartowane na zimno ostrze w kszta\u0142cie litery V.<\/li>\n\n\n\n<li>Poziom twardo\u015bci 65-67 Rockwella<\/li>\n\n\n\n<li>Wysoko\u015b\u0107 ostrza wynosi 5,2 cm<\/li>\n\n\n\n<li>Kszta\u0142t ostrza jest umiarkowanie spiczasty<\/li>\n\n\n\n<li>Odporny na korozj\u0119 wa\u0142ek i za\u015blepka ze stali nierdzewnej.<\/li>\n\n\n\n<li>D\u0142ugo\u015b\u0107 r\u0105czki wynosi 13,0 cm<\/li>\n\n\n\n<li>R\u0119koje\u015b\u0107 wykonana z Micarty w kolorze czarnym, ergonomiczny kszta\u0142t<\/li>\n\n\n\n<li>Odpowiednie dla u\u017cytkownik\u00f3w lewo- i prawor\u0119cznych.<\/li>\n\n\n\n<li>Waga 210 gram\u00f3w<\/li>\n\n\n\n<li>Wyprodukowano w Japonii, marka ZWILLING HENCKELS, Solingen, Niemcy<\/li>\n\n\n\n<li>Pra\u0107 tylko r\u0119cznie.<\/li>\n<\/ul>\n\n\n\n<p><strong>N\u00f3\u017c, kt\u00f3ry zdoby\u0142 presti\u017cow\u0105 nagrod\u0119 IF Design Award<\/strong><\/p>\n\n\n\n<p>Europejski n\u00f3\u017c szefa kuchni o tak klasycznej d\u0142ugo\u015bci i kszta\u0142cie, ale swoj\u0105 ostro\u015bci\u0105 jest i\u015bcie \u201ejapo\u0144ski\u201d. Niezwykle twardy i ostry stalowy rdze\u0144 otoczony jest z lewej i prawej strony warstwami bardziej mi\u0119kkiej stali, kt\u00f3re zapobiegaj\u0105 korozji i ewentualnym p\u0119kni\u0119ciom np. podczas p\u0119kania. kiedy n\u00f3\u017c spadnie. Technika ta nazywa si\u0119 \u201eSan Mai\u201d.<\/p>\n\n\n\n<p>R\u0119koje\u015b\u0107 serii TWIN CERMAX r\u00f3wnie\u017c zosta\u0142a wykonana z materia\u0142u Micarta, kt\u00f3ry jest przyjemny w dotyku i nie boi si\u0119 efekt\u00f3w zewn\u0119trznych i chemicznych. Twardo\u015b\u0107 ostrza 66 HRC zapewnia niezb\u0119dn\u0105 ostro\u015b\u0107 przez d\u0142ugi czas. <\/p>\n\n\n\n<p>Seria \u0142\u0105czy w sobie innowacyjny design, wysokiej jako\u015bci materia\u0142y i tradycyjne rzemios\u0142o japo\u0144skich producent\u00f3w no\u017cy. G\u0142adka i sko\u015bna geometria zapewnia czyste ci\u0119cie bez rozdzierania ci\u0119tego materia\u0142u.<\/p>\n\n\n\n<p>Cryodur. N\u00f3\u017c jest hartowany w niskiej temperaturze -196\u00b0C, co stabilizuje struktur\u0119 stali. Stosowana jest r\u00f3wnie\u017c obr\u00f3bka cieplna, aby zapewni\u0107 d\u0142ugotrwa\u0142\u0105 ostro\u015b\u0107 i niezwykle imponuj\u0105c\u0105 twardo\u015b\u0107 ostrza. Wewn\u0119trzny rdze\u0144 ostrza wykonany jest ze specjalnej stali proszkowej ZDP-189. Dzi\u0119ki temu ostrze jest niezwykle twarde i zapewnia optymalne rezultaty ci\u0119cia. <\/p>\n\n\n\n<p>R\u0119koje\u015b\u0107 wykonana jest z Micarty, laminowanego materia\u0142u wykonanego z \u017cywicy syntetycznej i lnu poddanego obr\u00f3bce cieplnej i ci\u015bnieniowej. Ergonomiczny kszta\u0142t no\u017ca sprawia, \u017ce bardzo dobrze le\u017cy on w d\u0142oni. Jednocze\u015bnie pozostaje stabilny i zaskakuj\u0105co wytrzyma\u0142y. N\u00f3\u017c nale\u017cy obs\u0142ugiwa\u0107 wy\u0142\u0105cznie r\u0119cznie i wysuszy\u0107 natychmiast po u\u017cyciu.<\/p>\n\n\n\n<p>Najostrzejszy i najlepszy n\u00f3\u017c dost\u0119pny w ofercie ZWILLING HENCKELS. Jest to idealny wyb\u00f3r dla tych, kt\u00f3rzy chc\u0105 japo\u0144skiej ostro\u015bci, ale zniech\u0119ca ich orientalna ergonomia. Dzi\u0119ki ZWILLING TWIN CERMAX mo\u017cesz teraz uzyska\u0107 to wszystko za jednym razem!<\/p>\n\n\n\n<p><\/p>","protected":false},"excerpt":{"rendered":"<ul>\n<li>D\u0142ugo\u015b\u0107 ca\u0142kowita 33,6 cm<\/li>\n<li>D\u0142ugo\u015b\u0107 ostrza 20,0 cm<\/li>\n<li>Rdze\u0144 materia\u0142u ostrza wykonany jest z jednej z najlepszych na \u015bwiecie stali nierdzewnej proszkowej MC66 (ZDP-189), zabezpieczonej laminatem, hartowanej na zimno Cryodur, ostrze w kszta\u0142cie litery V.<\/li>\n<li>Poziom twardo\u015bci 65-67 Rockwella<\/li>\n<li>Wysoko\u015b\u0107 ostrza wynosi 5,2 cm<\/li>\n<li>Kszta\u0142t ostrza jest umiarkowanie spiczasty<\/li>\n<li>Wa\u0142ek i za\u015blepka ko\u0144cowa ze stali nierdzewnej, odpornej na rdz\u0119<\/li>\n<li>D\u0142ugo\u015b\u0107 r\u0105czki wynosi 13,0 cm<\/li>\n<li>R\u0119koje\u015b\u0107 z czarnej Micarty, ergonomiczny kszta\u0142t<\/li>\n<li>Odpowiednie dla u\u017cytkownik\u00f3w lewo- i prawor\u0119cznych<\/li>\n<li>Waga 210 gram\u00f3w<\/li>\n<\/ul>","protected":false},"featured_media":1691,"comment_status":"open","ping_status":"closed","template":"","meta":[],"product_brand":[],"product_cat":[24],"product_tag":[60,59],"class_list":{"0":"post-251","1":"product","2":"type-product","3":"status-publish","4":"has-post-thumbnail","6":"product_cat-knifes","7":"product_tag-cermax","8":"product_tag-zwilling","9":"product_shipping_class-iprastas","11":"first","12":"outofstock","13":"sale","14":"shipping-taxable","15":"purchasable","16":"product-type-simple"},"_links":{"self":[{"href":"https:\/\/jnats.eu\/pl\/wp-json\/wp\/v2\/product\/251","targetHints":{"allow":["GET"]}}],"collection":[{"href":"https:\/\/jnats.eu\/pl\/wp-json\/wp\/v2\/product"}],"about":[{"href":"https:\/\/jnats.eu\/pl\/wp-json\/wp\/v2\/types\/product"}],"replies":[{"embeddable":true,"href":"https:\/\/jnats.eu\/pl\/wp-json\/wp\/v2\/comments?post=251"}],"wp:featuredmedia":[{"embeddable":true,"href":"https:\/\/jnats.eu\/pl\/wp-json\/wp\/v2\/media\/1691"}],"wp:attachment":[{"href":"https:\/\/jnats.eu\/pl\/wp-json\/wp\/v2\/media?parent=251"}],"wp:term":[{"taxonomy":"product_brand","embeddable":true,"href":"https:\/\/jnats.eu\/pl\/wp-json\/wp\/v2\/product_brand?post=251"},{"taxonomy":"product_cat","embeddable":true,"href":"https:\/\/jnats.eu\/pl\/wp-json\/wp\/v2\/product_cat?post=251"},{"taxonomy":"product_tag","embeddable":true,"href":"https:\/\/jnats.eu\/pl\/wp-json\/wp\/v2\/product_tag?post=251"}],"curies":[{"name":"wp","href":"https:\/\/api.w.org\/{rel}","templated":true}]}}