{"id":2558,"date":"2024-05-05T09:44:49","date_gmt":"2024-05-05T06:44:49","guid":{"rendered":"http:\/\/jnats.eu\/?post_type=product&#038;p=2558"},"modified":"2024-07-19T15:51:05","modified_gmt":"2024-07-19T12:51:05","slug":"techninis-jaspis-jasma-rusiskas-naturalus-galandimo-akmuo-2","status":"publish","type":"product","link":"https:\/\/jnats.eu\/pl\/produkt-2\/techninis-jaspis-jasma-rusiskas-naturalus-galandimo-akmuo-2\/","title":{"rendered":"Jaspis techniczny (Ja\u0161ma) Rosyjski naturalny kamie\u0144 do ostrzenia"},"content":{"rendered":"<p>Jaspis techniczny (ja\u0161ma - \u044f\u0448\u043c\u0430) to zielony lub ciemnozielony kamie\u0144 szlifierski. Jest to jedna z wydzielniczych odmian ska\u0142 krystalicznych, sk\u0142adaj\u0105ca si\u0119 g\u0142\u00f3wnie z kwarcu, chalcedonu i domieszek innych minera\u0142\u00f3w (epidot, aktynolit, chloryt, mika, piryt, tlenki i wodorotlenki \u017celaza i manganu). Jaspis jest pochodzenia osadowego lub wulkanicznego. Przybli\u017cony sk\u0142ad jaspisu: kwarc i chalcedon (SiO2) 80-95%; tlenek glinu (Al2O3) i tlenek \u017celaza (Fe2O3) do 15 %; tlenek wapnia (CaO) - 3-6% (i inne). Nale\u017cy zauwa\u017cy\u0107, \u017ce kwarc i chalcedon maj\u0105 ten sam wz\u00f3r chemiczny (SiO2) i r\u00f3\u017cni\u0105 si\u0119 od siebie jedynie wygl\u0105dem.<\/p>\n\n\n\n<p>Jaspis przemys\u0142owy wydobywa si\u0119 na obszarach, gdzie wyst\u0119puj\u0105 ska\u0142y \u0142uszcz\u0105ce si\u0119 lub warstwowe. Jaspis techniczny obejmuje przede wszystkim kwarc i kwarc chalcedonowy, kt\u00f3re s\u0105 odmianami jaspisu pasmowego lub pasmowego. Najcz\u0119\u015bciej ten rodzaj jaspisu ma zielony kolor, kt\u00f3ry jest bezpo\u015brednio zwi\u0105zany z kolorem b\u0142ota emitowanego przez podwodne wulkany. Przez miliony lat wybucha\u0142y poprzez du\u017ce ilo\u015bci krzemionki w postaci lawy, nast\u0119pnie osiada\u0142y jako krzemionka, a nast\u0119pnie, r\u00f3wnie\u017c przez miliony lat, ulega\u0142y procesowi rekrystalizacji. Jaspis mo\u017ce by\u0107 r\u00f3wnie\u017c pochodzenia wt\u00f3rnego z surowc\u00f3w organicznych. Przyk\u0142adem s\u0105 skamienia\u0142e drzewa, kt\u00f3re przez miliony lat przekszta\u0142ci\u0142y si\u0119 w r\u00f3\u017cne formy kwarcu, w tym jaspis. R\u00f3wnie\u017c wt\u00f3rne tworzenie jaspisu mo\u017ce nast\u0105pi\u0107 z niekt\u00f3rych rodzaj\u00f3w organizm\u00f3w \u017cywych: g\u0105bek, glon\u00f3w itp.<\/p>\n\n\n\n<p>W odr\u00f3\u017cnieniu od innych rodzaj\u00f3w jaspisu, jaspis przemys\u0142owy charakteryzuje si\u0119 znacznie wi\u0119ksz\u0105 g\u0119sto\u015bci\u0105, gdy\u017c zawiera zazwyczaj 80-90% kwarcu i 10-15% chlorytu (minera\u0142 mikowopodobny z podklasy krzemian\u00f3w warstwowych) z domieszk\u0105 epidotu. , tiozyt i glina. Jaspis posiada p\u0119kni\u0119cie czesane, podobne wygl\u0105dem do wewn\u0119trznej powierzchni muszli. Opr\u00f3cz jaspisu zwyk\u0142ego, jaspis plamisty zaliczany jest r\u00f3wnie\u017c do jaspis\u00f3w technicznych. W zale\u017cno\u015bci od liczby i g\u0119sto\u015bci plam jaspisy plamiste dziel\u0105 si\u0119 na kilka typ\u00f3w: s\u0142abo plamiste, g\u0119ste, rozmyte, \u017c\u00f3\u0142te plamki itp. Jednocze\u015bnie mniejsza liczba plamek \u015bwiadczy o wi\u0119kszej jednolito\u015bci jaspisu, co bezpo\u015brednio przek\u0142ada si\u0119 na efektywno\u015b\u0107 jego pracy.<\/p>\n\n\n\n<p><em>Im bardziej jednolity jaspis, tym lepsza jako\u015b\u0107 kamienia do ostrzenia, ostrzejsza linia i bardziej agresywne ci\u0119cie no\u017ca po naostrzeniu.<\/em><\/p>\n\n\n\n<p>W przemy\u015ble jaspis techniczny wykorzystywany jest g\u0142\u00f3wnie jako surowiec oraz kamienie wyko\u0144czeniowe i dekoracyjne. Tak naprawd\u0119 kamienie szlachetne najni\u017cszej jako\u015bci, nienadaj\u0105ce si\u0119 do rzemios\u0142a, pami\u0105tek i zastawy sto\u0142owej, nazywane s\u0105 \u201ejaspisami technicznymi\u201d. Z nich wykonuje si\u0119 wa\u0142y obr\u00f3bcze, czasze, pryzmy wsporcze do przyrz\u0105d\u00f3w pomiarowych itp. Ten rodzaj jaspisu charakteryzuje si\u0119 maksymaln\u0105 wytrzyma\u0142o\u015bci\u0105, twardo\u015bci\u0105, jednolito\u015bci\u0105, a co najwa\u017cniejsze powtarzalno\u015bci\u0105 w\u0142a\u015bciwo\u015bci kamienia wydobywanego w jednym z\u0142o\u017cu.<br>W Rosji wyst\u0119puje sporo z\u0142\u00f3\u017c jaspisu przemys\u0142owego. Szare i szaro-zielone jaspisy wydobywa si\u0119 w z\u0142o\u017cu Kalkan, z\u0142o\u017ca Kushkuldinskoye, Anastasevskoye, Muldakaevskoye, Malomuinakovskoye i Naurazovskoye, gdzie wyst\u0119puj\u0105 jaspisy o innych odcieniach, s\u0105 r\u00f3wnie\u017c uwa\u017cane za do\u015b\u0107 du\u017ce. Za granic\u0105 z\u0142o\u017ca jaspisu przemys\u0142owego znajduj\u0105 si\u0119 w Indiach, Japonii, Niemczech, Francji, Uzbekistanie i Tad\u017cykistanie.<\/p>\n\n\n\n<p>Podczas ostrzenia jaspis przemys\u0142owy s\u0142u\u017cy jako kamie\u0144 wyko\u0144czeniowy i polerski. Najwi\u0119ksz\u0105 wydajno\u015b\u0107 wykazuje przy pracy ze stalami w\u0119glowymi takimi jak Aogami, Shirogami, R6M5, U7, 65G itp. Po jaspisie uzyskuj\u0105 jednolit\u0105 matow\u0105 powierzchni\u0119 o agresywnym szlifie. Kamie\u0144 ostrzy r\u00f3wnie\u017c stale proszkowe RWL, CPM S 35VN, S30V, ELMAX o twardo\u015bci do 63HRC. Kamie\u0144 przeznaczony jest do pracy z olejem, ale mo\u017ce pracowa\u0107 r\u00f3wnie\u017c z wod\u0105. Jednak praca z wod\u0105 powoduje, \u017ce powierzchnia ostrza jest bardziej szorstka ni\u017c w przypadku oleju. Do\u015bwiadczeni ostrzarze, por\u00f3wnuj\u0105c jaspis techniczny z washit\u0105 czy Arkansas, zwracaj\u0105 uwag\u0119 na lepsz\u0105 prac\u0119 tych kamieni i ostrzejsze ci\u0119cie no\u017ca po naostrzeniu. N\u00f3\u017c z technicznym jaspisowym wyko\u0144czeniem do ostrzenia zapewnia maksymalne rezultaty podczas pracy z drewnem, mi\u0119sem i innymi g\u0119stymi materia\u0142ami.<\/p>\n\n\n\n<p>Jaspis techniczny nie jest klasyfikowany jako kamie\u0144 rzadki, kt\u00f3ry mog\u0105 naby\u0107 wy\u0142\u0105cznie profesjonali\u015bci zajmuj\u0105cy si\u0119 ostrzeniem. Jest to kamie\u0144 pospolity i szeroko sprzedawany. Jaspis sprzedawany jest zar\u00f3wno w du\u017cych prostok\u0105tach do r\u0119cznego ostrzenia, jak i w kawa\u0142kach wielko\u015bci \u201eapexoid\u201d do standardowych uchwyt\u00f3w \u015bciernych. Pokonuj\u0105c d\u0142ug\u0105, kilkusetletni\u0105 podr\u00f3\u017c, nadal nie rezygnuje ze swojej pozycji.<\/p>","protected":false},"excerpt":{"rendered":"<ul>\n<li>Wymiary: 171x39x18 mm<\/li>\n<li>Waga: 322 g<\/li>\n<li>Twardo\u015b\u0107: Poz. 5+++<\/li>\n<li>Nadaje si\u0119 do wyka\u0144czania brzytew, no\u017cy i narz\u0119dzi.<\/li>\n<li>Kamie\u0144 jest bardzo jednorodny, bez toksycznych linii.<\/li>\n<li>Obie strony s\u0105 gotowe do pracy.<\/li>\n<li>U\u017cywany w ZSRR jako alternatywa dla p\u00f3\u0142przezroczystych kamieni Arkansas. Zaleca si\u0119 prac\u0119 ze smarem, ale mo\u017cliwa jest r\u00f3wnie\u017c praca z wod\u0105. Kamie\u0144 bardzo, bardzo powolny w \u015bcieraniu i przez to trudny do wypoziomowania.<\/li>\n<\/ul>","protected":false},"featured_media":2561,"comment_status":"open","ping_status":"closed","template":"","meta":[],"product_brand":[],"product_cat":[22],"product_tag":[282],"class_list":{"0":"post-2558","1":"product","2":"type-product","3":"status-publish","4":"has-post-thumbnail","6":"product_cat-jnats","7":"product_tag-jaspis","8":"product_shipping_class-iprastas","10":"first","11":"outofstock","12":"shipping-taxable","13":"purchasable","14":"product-type-simple"},"_links":{"self":[{"href":"https:\/\/jnats.eu\/pl\/wp-json\/wp\/v2\/product\/2558","targetHints":{"allow":["GET"]}}],"collection":[{"href":"https:\/\/jnats.eu\/pl\/wp-json\/wp\/v2\/product"}],"about":[{"href":"https:\/\/jnats.eu\/pl\/wp-json\/wp\/v2\/types\/product"}],"replies":[{"embeddable":true,"href":"https:\/\/jnats.eu\/pl\/wp-json\/wp\/v2\/comments?post=2558"}],"wp:featuredmedia":[{"embeddable":true,"href":"https:\/\/jnats.eu\/pl\/wp-json\/wp\/v2\/media\/2561"}],"wp:attachment":[{"href":"https:\/\/jnats.eu\/pl\/wp-json\/wp\/v2\/media?parent=2558"}],"wp:term":[{"taxonomy":"product_brand","embeddable":true,"href":"https:\/\/jnats.eu\/pl\/wp-json\/wp\/v2\/product_brand?post=2558"},{"taxonomy":"product_cat","embeddable":true,"href":"https:\/\/jnats.eu\/pl\/wp-json\/wp\/v2\/product_cat?post=2558"},{"taxonomy":"product_tag","embeddable":true,"href":"https:\/\/jnats.eu\/pl\/wp-json\/wp\/v2\/product_tag?post=2558"}],"curies":[{"name":"wp","href":"https:\/\/api.w.org\/{rel}","templated":true}]}}