{"id":2563,"date":"2024-05-05T09:55:23","date_gmt":"2024-05-05T06:55:23","guid":{"rendered":"http:\/\/jnats.eu\/?post_type=product&#038;p=2563"},"modified":"2024-05-09T18:05:01","modified_gmt":"2024-05-09T15:05:01","slug":"vokiskas-naturalus-galandinimo-akmuo-echter-wasser-abziehstein-genuine-water-hone","status":"publish","type":"product","link":"https:\/\/jnats.eu\/pl\/produkt-2\/vokiskas-naturalus-galandinimo-akmuo-echter-wasser-abziehstein-genuine-water-hone\/","title":{"rendered":"Niemiecki naturalny kamie\u0144 do ostrzenia Echter Wasser-Abziehstein Oryginalna ose\u0142ka wodna"},"content":{"rendered":"<p>Echter Wasser-Abziehstein Oryginalna ose\u0142ka wodna do maszynek do golenia, no\u017cy i narz\u0119dzi z nagur\u0105. <\/p>\n\n\n\n<p>Mullera Schleifechnika. Wyprodukowane w Niemczech. <\/p>\n\n\n\n<p>Niemiecki naturalny drobnoziarnisty kamie\u0144 szlifierski do ostrzenia brzytew i skalpeli. Nadaje si\u0119 do stosowania z wi\u0119ksz\u0105 ilo\u015bci\u0105 wody.<\/p>","protected":false},"excerpt":{"rendered":"<ul>\n<li>Wymiary: 200x50x20 mm<\/li>\n<li>Waga: 570 g<\/li>\n<li>Twardo\u015b\u0107: Poziom 4<\/li>\n<li>Nadaje si\u0119 do wyka\u0144czania brzytew, no\u017cy i narz\u0119dzi.<\/li>\n<li>Kamie\u0144 jest bardzo jednorodny, bez toksycznych linii.<\/li>\n<li>Obie strony s\u0105 gotowe do pracy.<\/li>\n<\/ul>","protected":false},"featured_media":2564,"comment_status":"open","ping_status":"closed","template":"","meta":[],"product_brand":[],"product_cat":[22],"product_tag":[283],"class_list":{"0":"post-2563","1":"product","2":"type-product","3":"status-publish","4":"has-post-thumbnail","6":"product_cat-jnats","7":"product_tag-echter","8":"product_shipping_class-iprastas","10":"first","11":"outofstock","12":"shipping-taxable","13":"purchasable","14":"product-type-simple"},"_links":{"self":[{"href":"https:\/\/jnats.eu\/pl\/wp-json\/wp\/v2\/product\/2563","targetHints":{"allow":["GET"]}}],"collection":[{"href":"https:\/\/jnats.eu\/pl\/wp-json\/wp\/v2\/product"}],"about":[{"href":"https:\/\/jnats.eu\/pl\/wp-json\/wp\/v2\/types\/product"}],"replies":[{"embeddable":true,"href":"https:\/\/jnats.eu\/pl\/wp-json\/wp\/v2\/comments?post=2563"}],"wp:featuredmedia":[{"embeddable":true,"href":"https:\/\/jnats.eu\/pl\/wp-json\/wp\/v2\/media\/2564"}],"wp:attachment":[{"href":"https:\/\/jnats.eu\/pl\/wp-json\/wp\/v2\/media?parent=2563"}],"wp:term":[{"taxonomy":"product_brand","embeddable":true,"href":"https:\/\/jnats.eu\/pl\/wp-json\/wp\/v2\/product_brand?post=2563"},{"taxonomy":"product_cat","embeddable":true,"href":"https:\/\/jnats.eu\/pl\/wp-json\/wp\/v2\/product_cat?post=2563"},{"taxonomy":"product_tag","embeddable":true,"href":"https:\/\/jnats.eu\/pl\/wp-json\/wp\/v2\/product_tag?post=2563"}],"curies":[{"name":"wp","href":"https:\/\/api.w.org\/{rel}","templated":true}]}}