{"id":2567,"date":"2024-05-05T10:13:50","date_gmt":"2024-05-05T07:13:50","guid":{"rendered":"http:\/\/jnats.eu\/?post_type=product&#038;p=2567"},"modified":"2024-06-29T15:55:34","modified_gmt":"2024-06-29T12:55:34","slug":"charnley-forest-naturalus-britiskas-galandimo-akmuo","status":"publish","type":"product","link":"https:\/\/jnats.eu\/pl\/produkt-2\/charnley-forest-naturalus-britiskas-galandimo-akmuo\/","title":{"rendered":"Naturalna brytyjska ose\u0142ka Charnley Forest"},"content":{"rendered":"<p>Naturalna brytyjska ose\u0142ka Charnley Forest jest bardzo twarda i bardzo cienka, dzi\u0119ki czemu idealnie nadaje si\u0119 do wyka\u0144czania ostrzenia brzytew. Las Charnley jest lasem nowakulitowym i przypomina ska\u0142y Arkansas. Zalecamy prac\u0119 ze smarem, ale mo\u017cliwa jest r\u00f3wnie\u017c praca z wod\u0105.<\/p>\n\n\n\n<p>W drewnianym pude\u0142ku, z kt\u00f3rego mo\u017cna \u0142atwo wyj\u0105\u0107 kamie\u0144. Br\u0105zowe linie s\u0105 nieco bardziej szorstkie ni\u017c reszta powierzchni.<\/p>","protected":false},"excerpt":{"rendered":"<ul>\n<li>Wymiary w przybli\u017ceniu: 285x48x30 mm<\/li>\n<li>Waga bez pude\u0142ka: 986 g<\/li>\n<li>Waga z pude\u0142kiem: 1657 g<\/li>\n<li>Wytrzyma\u0142o\u015b\u0107: Poz. 5<\/li>\n<li>Nadaje si\u0119 do wyka\u0144czania no\u017cy i narz\u0119dzi. Unikanie br\u0105zowych plam mo\u017ce r\u00f3wnie\u017c zako\u0144czy\u0107 maszynki do golenia.<\/li>\n<li>Zalecamy prac\u0119 ze smarem, ale mo\u017cliwa jest r\u00f3wnie\u017c praca z wod\u0105.<\/li>\n<\/ul>","protected":false},"featured_media":2569,"comment_status":"open","ping_status":"closed","template":"","meta":[],"product_brand":[],"product_cat":[22],"product_tag":[284],"class_list":{"0":"post-2567","1":"product","2":"type-product","3":"status-publish","4":"has-post-thumbnail","6":"product_cat-jnats","7":"product_tag-charnley-forest","8":"product_shipping_class-iprastas","10":"first","11":"outofstock","12":"shipping-taxable","13":"purchasable","14":"product-type-simple"},"_links":{"self":[{"href":"https:\/\/jnats.eu\/pl\/wp-json\/wp\/v2\/product\/2567","targetHints":{"allow":["GET"]}}],"collection":[{"href":"https:\/\/jnats.eu\/pl\/wp-json\/wp\/v2\/product"}],"about":[{"href":"https:\/\/jnats.eu\/pl\/wp-json\/wp\/v2\/types\/product"}],"replies":[{"embeddable":true,"href":"https:\/\/jnats.eu\/pl\/wp-json\/wp\/v2\/comments?post=2567"}],"wp:featuredmedia":[{"embeddable":true,"href":"https:\/\/jnats.eu\/pl\/wp-json\/wp\/v2\/media\/2569"}],"wp:attachment":[{"href":"https:\/\/jnats.eu\/pl\/wp-json\/wp\/v2\/media?parent=2567"}],"wp:term":[{"taxonomy":"product_brand","embeddable":true,"href":"https:\/\/jnats.eu\/pl\/wp-json\/wp\/v2\/product_brand?post=2567"},{"taxonomy":"product_cat","embeddable":true,"href":"https:\/\/jnats.eu\/pl\/wp-json\/wp\/v2\/product_cat?post=2567"},{"taxonomy":"product_tag","embeddable":true,"href":"https:\/\/jnats.eu\/pl\/wp-json\/wp\/v2\/product_tag?post=2567"}],"curies":[{"name":"wp","href":"https:\/\/api.w.org\/{rel}","templated":true}]}}