{"id":2580,"date":"2025-04-02T11:16:59","date_gmt":"2025-04-02T08:16:59","guid":{"rendered":"http:\/\/jnats.eu\/?post_type=product&#038;p=2580"},"modified":"2025-09-30T12:24:17","modified_gmt":"2025-09-30T09:24:17","slug":"mikawa-nagura-asano","status":"publish","type":"product","link":"https:\/\/jnats.eu\/pl\/produkt-2\/mikawa-nagura-asano\/","title":{"rendered":"Asano Mikawa Nagura"},"content":{"rendered":"<p>Podobnie jak inne naguro, Mikawa Asano jest tradycyjnie u\u017cywana do tworzenia zawiesiny \u015bciernej na naturalnym kamieniu ostrz\u0105cym. R\u00f3\u017cnica w stosunku do pozosta\u0142ych polega na pr\u00f3bie stworzenia systemu swobodnego punktowania, kt\u00f3ry pozwala u\u017cytkownikowi na wyb\u00f3r post\u0119pu ostrzenia od zgrubnego do dok\u0142adnego. <\/p>\n\n\n\n<p>W rzeczywisto\u015bci do ostrzenia wystarczy pojedynczy gw\u00f3\u017ad\u017a, dowolny gw\u00f3\u017ad\u017a, poniewa\u017c naturalne cz\u0105steczki \u015bcierne rozpadaj\u0105 si\u0119 i staj\u0105 si\u0119 drobniejsze podczas ostrzenia. W razie potrzeby, zawieszenie mo\u017ce by\u0107 ponownie wykonane przy u\u017cyciu tej samej nagury Mikawa.  <\/p>\n\n\n\n<p>Muchi jest wyj\u0105tkiem od regu\u0142y. Ta ostatnia mo\u017ce by\u0107 w niekt\u00f3rych przypadkach zbyt szorstka i generalnie nie jest zalecana do maszynek do golenia. <\/p>\n\n\n\n<p>Ten rodzaj kamienia pochodzi z kopalni Junmikawa Shiro w dystrykcie Kitashitara w prefekturze Aichi. Ska\u0142a sk\u0142ada si\u0119 z 10 do 12 warstw, w zale\u017cno\u015bci od obszaru wydobycia. Spo\u015br\u00f3d tych warstw istnieje 8 warstw u\u017cytkowych, a 4 z nich s\u0105 najbardziej popularne. W obszarach, w kt\u00f3rych znajduje si\u0119 12 nadaj\u0105cych si\u0119 do eksploatacji warstw, istniej\u0105 dwie r\u00f3\u017cne warstwy Tenjyo, a tak\u017ce Yae Botan i Botan, kt\u00f3re s\u0105 bardzo podobne. Podobnie jak w przypadku wszystkich japo\u0144skich kamieni naturalnych, ka\u017cdy egzemplarz mo\u017ce si\u0119 r\u00f3\u017cni\u0107. <\/p>\n\n\n\n<p>Mikawa nagura jest klasyfikowana od najgrubszej do najdrobniejszej w nast\u0119puj\u0105cy spos\u00f3b: <strong>Mushi [\u30e0\u30b7] &gt; Ban [\u30d0\u30f3] &gt; Atsu [\u30a2\u30c4] &gt; Yae Botan [\u516b\u91cd\u30dc\u30bf\u30f3] &gt; Botan [\u30dc\u30bf\u30f3] &gt; Tenjyo [\u5929\u4e0a] &gt; Mejiro [\u76ee\u767d] &gt; Koma [\u30b3\u30de].<\/strong><\/p>\n\n\n\n<p>Nagura Asano Mikawa s\u0105 klasyfikowane wed\u0142ug szybko\u015bci dzia\u0142ania w nast\u0119puj\u0105cy spos\u00f3b:<strong> Ban &gt; Koma &gt; Yae Botan &gt; Botan &gt; Atsu &gt; Tenjo &gt; Mejiro.<\/strong><\/p>\n\n\n\n<p>Podzia\u0142 ten nie zawsze pokrywa si\u0119 z rzeczywisto\u015bci\u0105, poniewa\u017c ka\u017cdy kamie\u0144 naturalny jest unikalny i ma nieco inne w\u0142a\u015bciwo\u015bci, ale w wi\u0119kszo\u015bci przypadk\u00f3w jest to prawda. <\/p>\n\n\n\n<p>Po naostrzeniu paznokci jest ono zwykle ko\u0144czone na tym samym czystym kamieniu, co baza. Niekt\u00f3re maszynki ko\u0144cz\u0105 proces ostrzenia p\u0142ynn\u0105 zawiesin\u0105 i w ten spos\u00f3b uzyskuj\u0105 delikatne i bezpieczne golenie, poniewa\u017c ostrze staje si\u0119 wtedy nieagresywne dla sk\u00f3ry, ale \u015bcina w\u0142osy.<\/p>\n\n\n\n<figure class=\"wp-block-embed is-type-video is-provider-youtube wp-block-embed-youtube wp-embed-aspect-16-9 wp-has-aspect-ratio\"><div class=\"wp-block-embed__wrapper\">\n<div class=\"video-container\"><iframe title=\"Asano Mikawa Nagura\" width=\"1170\" height=\"658\" src=\"https:\/\/www.youtube.com\/embed\/uzbRmb6lzcI?feature=oembed\" frameborder=\"0\" allow=\"accelerometer; autoplay; clipboard-write; encrypted-media; gyroscope; picture-in-picture; web-share\" referrerpolicy=\"strict-origin-when-cross-origin\" allowfullscreen><\/iframe><\/div>\n<\/div><\/figure>","protected":false},"excerpt":{"rendered":"<ol>\n<li><strong>Botan [\u30dc\u30bf\u30f3] \u2013 200 g 85 \u20ac<\/strong><\/li>\n<li><strong>Botan [\u30dc\u30bf\u30f3] \u2013 130 g 65 \u20ac<\/strong><\/li>\n<li><strong>Botan [botan] \u2013 100 g. 45\u20ac<\/strong><\/li>\n<li><strong>Botan [botan] \u2013 110 g. 50\u20ac<\/strong><\/li>\n<li><strong>Botan [botan] \u2013 196 g. 82\u20ac<\/strong><\/li>\n<li><strong>Mejiro [ciasto mielone] \u2013 225 g. 100\u20ac<\/strong><\/li>\n<li><strong>Mejiro [mas\u0142o orzechowe] \u2013 124 g. 60\u20ac<\/strong><\/li>\n<li><strong>Tenjyo [surowy] \u2013 120 g. 58\u20ac<\/strong><\/li>\n<li><strong>Tenjyo [mas\u0142o orzechowe] \u2013 115 g. 52\u20ac\u00a0<\/strong><\/li>\n<li><strong>Coma [\u30b3\u30de] \u2013 107 g. 80\u20ac<\/strong><\/li>\n<li><strong>Coma [\u30b3\u30de] \u2013 105 g. 79\u20ac <\/strong><strong>\u00a0<\/strong><\/li>\n<li><strong>Coma [\u30b3\u30de] \u2013 166 g. 150\u20ac<\/strong><\/li>\n<\/ol>\n<p><span style=\"color: #993300;\"><strong>Je\u015bli nie widzisz przedmiotu na li\u015bcie rozwijanej, oznacza to, \u017ce zosta\u0142 sprzedany.<\/strong><\/span><\/p>","protected":false},"featured_media":4271,"comment_status":"open","ping_status":"closed","template":"","meta":[],"product_brand":[],"product_cat":[22],"product_tag":[285,151,153],"class_list":{"0":"post-2580","1":"product","2":"type-product","3":"status-publish","4":"has-post-thumbnail","6":"product_cat-jnats","7":"product_tag-asano","8":"product_tag-mikawa","9":"product_tag-nagura","10":"product_shipping_class-light","12":"first","13":"outofstock","14":"shipping-taxable","15":"product-type-variable"},"_links":{"self":[{"href":"https:\/\/jnats.eu\/pl\/wp-json\/wp\/v2\/product\/2580","targetHints":{"allow":["GET"]}}],"collection":[{"href":"https:\/\/jnats.eu\/pl\/wp-json\/wp\/v2\/product"}],"about":[{"href":"https:\/\/jnats.eu\/pl\/wp-json\/wp\/v2\/types\/product"}],"replies":[{"embeddable":true,"href":"https:\/\/jnats.eu\/pl\/wp-json\/wp\/v2\/comments?post=2580"}],"wp:featuredmedia":[{"embeddable":true,"href":"https:\/\/jnats.eu\/pl\/wp-json\/wp\/v2\/media\/4271"}],"wp:attachment":[{"href":"https:\/\/jnats.eu\/pl\/wp-json\/wp\/v2\/media?parent=2580"}],"wp:term":[{"taxonomy":"product_brand","embeddable":true,"href":"https:\/\/jnats.eu\/pl\/wp-json\/wp\/v2\/product_brand?post=2580"},{"taxonomy":"product_cat","embeddable":true,"href":"https:\/\/jnats.eu\/pl\/wp-json\/wp\/v2\/product_cat?post=2580"},{"taxonomy":"product_tag","embeddable":true,"href":"https:\/\/jnats.eu\/pl\/wp-json\/wp\/v2\/product_tag?post=2580"}],"curies":[{"name":"wp","href":"https:\/\/api.w.org\/{rel}","templated":true}]}}