{"id":2618,"date":"2024-05-08T13:30:08","date_gmt":"2024-05-08T10:30:08","guid":{"rendered":"http:\/\/jnats.eu\/?post_type=product&#038;p=2618"},"modified":"2024-08-26T19:59:17","modified_gmt":"2024-08-26T16:59:17","slug":"surgical-black-arkansas-amerikietiskas-galandinimo-akmuo","status":"publish","type":"product","link":"https:\/\/jnats.eu\/pl\/produkt-2\/surgical-black-arkansas-amerikietiskas-galandinimo-akmuo\/","title":{"rendered":"Ameryka\u0144ski kamie\u0144 do ostrzenia chirurgiczny Black Arkansas"},"content":{"rendered":"<p>Kamie\u0144 do ostrzenia Surgical Black Arkansas ma ziarnisto\u015b\u0107 oko\u0142o 4000-6000. Jak sama nazwa wskazuje, stworzy bardzo ostre ostrze, niczym skalpel. Wystarczaj\u0105co d\u0142ugie i szerokie, aby sprosta\u0107 wszelkim zadaniom zwi\u0105zanym z ostrzeniem, od no\u017cy kuchennych, r\u00f3\u017cnych narz\u0119dzi do obr\u00f3bki drewna po brzytwy. Kamie\u0144 znajduje si\u0119 w osobnym drewnianym pude\u0142ku do przechowywania i transportu.<\/p>\n\n\n\n<p><br>Do pracy ze wszystkimi kamieniami Arkansas najlepiej u\u017cywa\u0107 oleju mineralnego, oliwki dla dzieci, specjalnego oleju do ostrzenia lub oliwy z oliwek. Na\u0142\u00f3\u017c kilka kropli na powierzchni\u0119 kamienia, aby zapobiec zatykaniu, zmniejszy\u0107 tarcie podczas ostrzenia i utrzyma\u0107 kamie\u0144 w czysto\u015bci. Mo\u017cna r\u00f3wnie\u017c u\u017cy\u0107 wody, ale t\u0142uszcz daje nieco lepszy efekt. U\u017cycie wody r\u00f3wnie\u017c sprawi, \u017ce czyszczenie kamienia b\u0119dzie nieco trudniejsze. Zw\u0142aszcza je\u015bli ju\u017c wcze\u015bniej u\u017cywa\u0142e\u015b kamienia z olejem.<\/p>\n\n\n\n<p>Te naturalne kamienie s\u0105 bardzo twarde i nie wymagaj\u0105 tak cz\u0119stego wyg\u0142adzania jak wi\u0119kszo\u015b\u0107 kamieni syntetycznych. <\/p>","protected":false},"excerpt":{"rendered":"<ul>\n<li>Wymiary w przybli\u017ceniu: 103x49x13 mm<\/li>\n<li>Waga bez pude\u0142ka: 357 g<\/li>\n<li>Waga z pude\u0142kiem: 606 g<\/li>\n<li>Wytrzyma\u0142o\u015b\u0107: Poz. 5<\/li>\n<li>Nadaje si\u0119 do wyka\u0144czania brzytew, no\u017cy i narz\u0119dzi.<\/li>\n<li>Zalecamy prac\u0119 ze smarem, ale mo\u017cliwa jest r\u00f3wnie\u017c praca z wod\u0105.<\/li>\n<\/ul>","protected":false},"featured_media":2622,"comment_status":"open","ping_status":"closed","template":"","meta":[],"product_brand":[],"product_cat":[22],"product_tag":[288,286,287],"class_list":{"0":"post-2618","1":"product","2":"type-product","3":"status-publish","4":"has-post-thumbnail","6":"product_cat-jnats","7":"product_tag-arkansas","8":"product_tag-black","9":"product_tag-surgical","10":"product_shipping_class-iprastas","12":"first","13":"outofstock","14":"shipping-taxable","15":"purchasable","16":"product-type-simple"},"_links":{"self":[{"href":"https:\/\/jnats.eu\/pl\/wp-json\/wp\/v2\/product\/2618","targetHints":{"allow":["GET"]}}],"collection":[{"href":"https:\/\/jnats.eu\/pl\/wp-json\/wp\/v2\/product"}],"about":[{"href":"https:\/\/jnats.eu\/pl\/wp-json\/wp\/v2\/types\/product"}],"replies":[{"embeddable":true,"href":"https:\/\/jnats.eu\/pl\/wp-json\/wp\/v2\/comments?post=2618"}],"wp:featuredmedia":[{"embeddable":true,"href":"https:\/\/jnats.eu\/pl\/wp-json\/wp\/v2\/media\/2622"}],"wp:attachment":[{"href":"https:\/\/jnats.eu\/pl\/wp-json\/wp\/v2\/media?parent=2618"}],"wp:term":[{"taxonomy":"product_brand","embeddable":true,"href":"https:\/\/jnats.eu\/pl\/wp-json\/wp\/v2\/product_brand?post=2618"},{"taxonomy":"product_cat","embeddable":true,"href":"https:\/\/jnats.eu\/pl\/wp-json\/wp\/v2\/product_cat?post=2618"},{"taxonomy":"product_tag","embeddable":true,"href":"https:\/\/jnats.eu\/pl\/wp-json\/wp\/v2\/product_tag?post=2618"}],"curies":[{"name":"wp","href":"https:\/\/api.w.org\/{rel}","templated":true}]}}