{"id":2623,"date":"2024-05-08T13:41:39","date_gmt":"2024-05-08T10:41:39","guid":{"rendered":"http:\/\/jnats.eu\/?post_type=product&#038;p=2623"},"modified":"2024-11-19T14:20:29","modified_gmt":"2024-11-19T12:20:29","slug":"translucent-hard-arkansas-ir-whale-oil-stone-mini-akmenu-komplektas","status":"publish","type":"product","link":"https:\/\/jnats.eu\/pl\/produkt-2\/translucent-hard-arkansas-ir-whale-oil-stone-mini-akmenu-komplektas\/","title":{"rendered":"P\u00f3\u0142przezroczysty zestaw mini kamieni z twardego Arkansas i oleju wielorybiego"},"content":{"rendered":"<p>Kamie\u0144 g\u0142adz\u0105cy Hard Arkansas ma ziarnisto\u015b\u0107 oko\u0142o 10 000. Zapewnia ona bardzo ostre ostrza. <\/p>\n\n\n\n<p>Do wszystkich kamieni Arkansas najlepiej u\u017cywa\u0107 oleju mineralnego, oliwki dla dzieci, specjalnego oleju do ostrzenia lub oliwy z oliwek. Kilka kropel na powierzchni kamienia pomo\u017ce zapobiec zatykaniu, zmniejszy tarcie podczas ostrzenia i utrzyma kamie\u0144 w czysto\u015bci. Mo\u017cna r\u00f3wnie\u017c u\u017cy\u0107 wody, ale olej daje nieco lepsze rezultaty. U\u017cycie wody sprawi r\u00f3wnie\u017c, \u017ce czyszczenie kamienia b\u0119dzie nieco trudniejsze. Zw\u0142aszcza je\u015bli wcze\u015bniej u\u017cywa\u0142e\u015b kamienia z olejem.<\/p>\n\n\n\n<p>Te naturalne kamienie s\u0105 bardzo twarde i nie wymagaj\u0105 tak cz\u0119stego wyg\u0142adzania jak wi\u0119kszo\u015b\u0107 kamieni syntetycznych.<\/p>\n\n\n\n<p>Kamie\u0144 Whale Oil ma ziarnisto\u015b\u0107 oko\u0142o 3000. Pracowa\u0107 ze smarem.<\/p>","protected":false},"excerpt":{"rendered":"<p><strong>P\u00f3\u0142przezroczysty Hard Arkansas<\/strong><\/p>\n<ul>\n<li>Wymiary: 99x25x12 mm<\/li>\n<li>Waga: 83 g<\/li>\n<li>Wytrzyma\u0142o\u015b\u0107: Poz. 5<\/li>\n<li>Nadaje si\u0119 do wyka\u0144czania brzytew, no\u017cy i narz\u0119dzi.<\/li>\n<li>Zalecamy prac\u0119 ze smarem, ale mo\u017cliwa jest r\u00f3wnie\u017c praca z wod\u0105.<\/li>\n<\/ul>\n<p><strong>Kamie\u0144 Whale Oil<\/strong><\/p>\n<ul>\n<li>Wymiary: 103x21x13 mm<\/li>\n<li>Waga: 79 g<\/li>\n<li>Wielko\u015b\u0107 ziarna: #3000<\/li>\n<li>Nadaje si\u0119 do ostrzenia brzytew, no\u017cy i narz\u0119dzi.<\/li>\n<li>Zalecamy prac\u0119 ze smarem.<\/li>\n<\/ul>\n<p>&nbsp;<\/p>","protected":false},"featured_media":2624,"comment_status":"open","ping_status":"closed","template":"","meta":[],"product_brand":[],"product_cat":[22],"product_tag":[288,289],"class_list":{"0":"post-2623","1":"product","2":"type-product","3":"status-publish","4":"has-post-thumbnail","6":"product_cat-jnats","7":"product_tag-arkansas","8":"product_tag-translucent-hard-arkansas","9":"product_shipping_class-iprastas","11":"first","12":"outofstock","13":"shipping-taxable","14":"purchasable","15":"product-type-simple"},"_links":{"self":[{"href":"https:\/\/jnats.eu\/pl\/wp-json\/wp\/v2\/product\/2623","targetHints":{"allow":["GET"]}}],"collection":[{"href":"https:\/\/jnats.eu\/pl\/wp-json\/wp\/v2\/product"}],"about":[{"href":"https:\/\/jnats.eu\/pl\/wp-json\/wp\/v2\/types\/product"}],"replies":[{"embeddable":true,"href":"https:\/\/jnats.eu\/pl\/wp-json\/wp\/v2\/comments?post=2623"}],"wp:featuredmedia":[{"embeddable":true,"href":"https:\/\/jnats.eu\/pl\/wp-json\/wp\/v2\/media\/2624"}],"wp:attachment":[{"href":"https:\/\/jnats.eu\/pl\/wp-json\/wp\/v2\/media?parent=2623"}],"wp:term":[{"taxonomy":"product_brand","embeddable":true,"href":"https:\/\/jnats.eu\/pl\/wp-json\/wp\/v2\/product_brand?post=2623"},{"taxonomy":"product_cat","embeddable":true,"href":"https:\/\/jnats.eu\/pl\/wp-json\/wp\/v2\/product_cat?post=2623"},{"taxonomy":"product_tag","embeddable":true,"href":"https:\/\/jnats.eu\/pl\/wp-json\/wp\/v2\/product_tag?post=2623"}],"curies":[{"name":"wp","href":"https:\/\/api.w.org\/{rel}","templated":true}]}}