{"id":265,"date":"2024-02-27T11:59:19","date_gmt":"2024-02-27T09:59:19","guid":{"rendered":"http:\/\/jnats.eu\/?post_type=product&#038;p=265"},"modified":"2025-09-03T00:47:47","modified_gmt":"2025-09-02T21:47:47","slug":"pasuje-do-momiji-tomono","status":"publish","type":"product","link":"https:\/\/jnats.eu\/pl\/produkt-2\/pasuje-do-momiji-tomono\/","title":{"rendered":"Suita Momiji Tomono Japo\u0144ski naturalny kamie\u0144 do ostrzenia"},"content":{"rendered":"<p>Przedstawiamy Suita Momiji Tomono, japo\u0144ski kamie\u0144 do ostrzenia, kt\u00f3ry wydobywa z no\u017cy to, co najlepsze.<\/p>\n\n\n\n<p>Zwi\u0119ksz swoje mo\u017cliwo\u015bci ostrzenia dzi\u0119ki japo\u0144skiej ose\u0142ce Suita Momiji Tomono, ekskluzywnemu narz\u0119dziu zaprojektowanemu do perfekcyjnego ostrzenia ostrzy z niezr\u00f3wnan\u0105 precyzj\u0105. Starannie dobrany i fachowo wykonany kamie\u0144 Suita jest szanowany zar\u00f3wno w\u015br\u00f3d entuzjast\u00f3w, jak i profesjonalist\u00f3w ze wzgl\u0119du na swoje wyj\u0105tkowe w\u0142a\u015bciwo\u015bci, zw\u0142aszcza szybko\u015b\u0107 pracy.<\/p>\n\n\n\n<p><strong>G\u0142\u00f3wne cechy:<\/strong><\/p>\n\n\n\n<p>G\u0142adko\u015b\u0107 \u015bcierna i wszechstronno\u015b\u0107: Kamie\u0144 Suita charakteryzuje si\u0119 sta\u0142ym poziomem ziarnisto\u015bci. Niezale\u017cnie od tego, czy chcesz przywr\u00f3ci\u0107 st\u0119pienie ostrza no\u017ca, czy poprawi\u0107 ostro\u015b\u0107 innych narz\u0119dzi, kamie\u0144 ten z \u0142atwo\u015bci\u0105 dopasuje si\u0119 do Twoich potrzeb w zakresie ostrzenia.<\/p>\n\n\n\n<p>Naturalny sk\u0142ad: Pochodz\u0105cy z bogatego krajobrazu geologicznego Japonii kamie\u0144 Suita jest cudem natury o wyj\u0105tkowej kompozycji, kt\u00f3ra go wyr\u00f3\u017cnia. Jego bogata w minera\u0142y struktura przyczynia si\u0119 do tworzenia ostrych kraw\u0119dzi i lustrzanego wyko\u0144czenia no\u017cy.<\/p>\n\n\n\n<p>Uniwersalne zastosowanie: Kamie\u0144 Suita doskonale nadaje si\u0119 do ostrzenia no\u017cy kuchennych, narz\u0119dzi do obr\u00f3bki drewna, brzytew itp. Jego wszechstronno\u015b\u0107 sprawia, \u017ce jest niezast\u0105pionym towarzyszem kulinarnych profesjonalist\u00f3w i amator\u00f3w, kt\u00f3rzy d\u0105\u017c\u0105 do najwy\u017cszej precyzji w swojej pracy.<\/p>\n\n\n\n<p>Profesjonalne wykonanie: ka\u017cdy kamie\u0144 Suite jest skrupulatnie obrobiony, aby zapewni\u0107 jednolito\u015b\u0107 i sp\u00f3jno\u015b\u0107. Trwa\u0142o\u015b\u0107 i d\u0142ugowieczno\u015b\u0107 kamienia sprawiaj\u0105, \u017ce jest to m\u0105dra inwestycja dla tych, kt\u00f3rzy ceni\u0105 kunszt w piel\u0119gnacji no\u017cy.<\/p>\n\n\n\n<p>\u0141atwo\u015b\u0107 u\u017cycia: Kamie\u0144 Suita jest wygodny nawet dla tych, kt\u00f3rzy dopiero zaczynaj\u0105 przygod\u0119 z samoostrzeniem. Jego sk\u0142ad u\u0142atwia efektywne szlifowanie metalu, zapobiega zatykaniu i zapewnia g\u0142adkie ostrzenie.<\/p>\n\n\n\n<p>Instrukcja piel\u0119gnacji i u\u017cytkowania:<\/p>\n\n\n\n<p>Aby zmaksymalizowa\u0107 \u017cywotno\u015b\u0107 i skuteczno\u015b\u0107 kamienia Suita, zaleca si\u0119 prac\u0119 z ciep\u0142\u0105 wod\u0105. <\/p>\n\n\n\n<p>Ulepsz swoje rytua\u0142y ostrzenia dzi\u0119ki japo\u0144skiej ose\u0142ce Suita - gdzie tradycja spotyka si\u0119 z precyzj\u0105. Zainwestuj w rzemios\u0142o i ciesz si\u0119 ostro\u015bci\u0105 i trwa\u0142o\u015bci\u0105 no\u017cy jak nigdy dot\u0105d.<\/p>\n\n\n\n<figure class=\"wp-block-embed is-type-video is-provider-youtube wp-block-embed-youtube wp-embed-aspect-16-9 wp-has-aspect-ratio\"><div class=\"wp-block-embed__wrapper\">\n<div class=\"video-container\"><iframe title=\"Japo\u0144skie naturalne kamienie do ostrzenia: ose\u0142ki Aiwatani, Wakasa, Suita Momiji Tomono\" width=\"1170\" height=\"658\" src=\"https:\/\/www.youtube.com\/embed\/l3u342Q8jTo?start=501&#038;feature=oembed\" frameborder=\"0\" allow=\"accelerometer; autoplay; clipboard-write; encrypted-media; gyroscope; picture-in-picture; web-share\" referrerpolicy=\"strict-origin-when-cross-origin\" allowfullscreen><\/iframe><\/div>\n<\/div><\/figure>\n\n\n\n<p>G\u0142\u00f3wne zalety naturalnych japo\u0144skich kamieni ostrz\u0105cych:<\/p>\n\n\n\n<ul class=\"wp-block-list\">\n<li>Narz\u0119dzia d\u0142u\u017cej pozostaj\u0105 ostre<\/li>\n\n\n\n<li>Kamienie nie ulegaj\u0105 zanieczyszczeniu odpadami metalowymi<\/li>\n\n\n\n<li>\u0141atwy demonta\u017c zasuwy<\/li>\n\n\n\n<li>Niesamowita reakcja, kt\u00f3ra pozwala dok\u0142adnie poczu\u0107, co dzieje si\u0119 na metalowej powierzchni.<\/li>\n<\/ul>","protected":false},"excerpt":{"rendered":"<ul>\n<li><strong>Twardo\u015b\u0107: Poziom 4,5<\/strong><\/li>\n<li><strong>Wymiary: 207x78x47mm<\/strong><\/li>\n<li><strong>Waga: 1850 g<\/strong><\/li>\n<li><strong>Widoczne linie s\u0105 ca\u0142kowicie bezpieczne i nie zak\u0142\u00f3caj\u0105 ostrzenia.<\/strong><\/li>\n<li>Niezwykle szybki, czysty kamie\u0144 o jednolitej strukturze, kt\u00f3ry pos\u0142u\u017cy kilka razy. Nadaje si\u0119 do wyka\u0144czaj\u0105cego ostrzenia no\u017cy, narz\u0119dzi stolarskich i innych. Do maszynek do golenia \u2013 wyko\u0144czenie wst\u0119pne. Podobnie jak wi\u0119kszo\u015b\u0107 japo\u0144skich kamieni naturalnych, ta Suita zapewnia d\u0142ug\u0105 \u017cywotno\u015b\u0107 ostrza i dobr\u0105 ostro\u015b\u0107.<\/li>\n<\/ul>","protected":false},"featured_media":1172,"comment_status":"open","ping_status":"closed","template":"","meta":[],"product_brand":[],"product_cat":[22],"product_tag":[62,50,63],"class_list":{"0":"post-265","1":"product","2":"type-product","3":"status-publish","4":"has-post-thumbnail","6":"product_cat-jnats","7":"product_tag-momiji","8":"product_tag-suita","9":"product_tag-tomono","10":"product_shipping_class-iprastas","12":"first","13":"outofstock","14":"sale","15":"shipping-taxable","16":"purchasable","17":"product-type-simple"},"_links":{"self":[{"href":"https:\/\/jnats.eu\/pl\/wp-json\/wp\/v2\/product\/265","targetHints":{"allow":["GET"]}}],"collection":[{"href":"https:\/\/jnats.eu\/pl\/wp-json\/wp\/v2\/product"}],"about":[{"href":"https:\/\/jnats.eu\/pl\/wp-json\/wp\/v2\/types\/product"}],"replies":[{"embeddable":true,"href":"https:\/\/jnats.eu\/pl\/wp-json\/wp\/v2\/comments?post=265"}],"wp:featuredmedia":[{"embeddable":true,"href":"https:\/\/jnats.eu\/pl\/wp-json\/wp\/v2\/media\/1172"}],"wp:attachment":[{"href":"https:\/\/jnats.eu\/pl\/wp-json\/wp\/v2\/media?parent=265"}],"wp:term":[{"taxonomy":"product_brand","embeddable":true,"href":"https:\/\/jnats.eu\/pl\/wp-json\/wp\/v2\/product_brand?post=265"},{"taxonomy":"product_cat","embeddable":true,"href":"https:\/\/jnats.eu\/pl\/wp-json\/wp\/v2\/product_cat?post=265"},{"taxonomy":"product_tag","embeddable":true,"href":"https:\/\/jnats.eu\/pl\/wp-json\/wp\/v2\/product_tag?post=265"}],"curies":[{"name":"wp","href":"https:\/\/api.w.org\/{rel}","templated":true}]}}