{"id":2650,"date":"2024-05-13T08:02:41","date_gmt":"2024-05-13T05:02:41","guid":{"rendered":"http:\/\/jnats.eu\/?post_type=product&#038;p=2650"},"modified":"2025-06-05T08:27:12","modified_gmt":"2025-06-05T05:27:12","slug":"naniwa-super-stone-s2000-wa-with-stand-grit-2000","status":"publish","type":"product","link":"https:\/\/jnats.eu\/pl\/produkt-2\/naniwa-super-stone-s2000-wa-with-stand-grit-2000\/","title":{"rendered":"Naniwa Super Stone S2000 WA z ziarnem stoj\u0105cym #2000"},"content":{"rendered":"<ul class=\"wp-block-list\">\n<li>Do stosowania w przypadku pogorszenia ostro\u015bci ostrza lub do codziennej konserwacji. Szczeg\u00f3lnie ceniona przez ostrz\u0105cych brzytwy za delikatn\u0105 prac\u0119. Nadaje si\u0119 r\u00f3wnie\u017c do ostrzenia kruchej stali. Mi\u0119kkie spoiwo sprawia, \u017ce jest znacznie drobniejszy ni\u017c twarde kamienie o tej samej ziarnisto\u015bci.&nbsp;<\/li>\n\n\n\n<li>Spoiwo \u017cywiczne<\/li>\n\n\n\n<li>Bia\u0142y tlenek glinu<\/li>\n\n\n\n<li>Wielko\u015b\u0107 ziarna: #2000<\/li>\n\n\n\n<li>Nie wymaga namaczania<\/li>\n\n\n\n<li>Wymiary: 210 x 70 x 10 mm<\/li>\n<\/ul>","protected":false},"excerpt":{"rendered":"<ul>\n<li>Do stosowania w przypadku pogorszenia ostro\u015bci ostrza lub do codziennej konserwacji. Szczeg\u00f3lnie ceniona przez ostrz\u0105cych brzytwy za delikatn\u0105 prac\u0119. Nadaje si\u0119 r\u00f3wnie\u017c do ostrzenia kruchej stali. Mi\u0119kkie spoiwo sprawia, \u017ce jest znacznie drobniejszy ni\u017c twarde kamienie o tej samej ziarnisto\u015bci.<\/li>\n<li>Spoiwo \u017cywiczne<\/li>\n<li>Bia\u0142y tlenek glinu<\/li>\n<li>Wielko\u015b\u0107 ziarna: #2000<\/li>\n<li>Nie wymaga namaczania<\/li>\n<li>Wymiary: 210 x 70 x 10 mm<\/li>\n<\/ul>","protected":false},"featured_media":2651,"comment_status":"open","ping_status":"closed","template":"","meta":[],"product_brand":[],"product_cat":[290],"product_tag":[197,291],"class_list":{"0":"post-2650","1":"product","2":"type-product","3":"status-publish","4":"has-post-thumbnail","6":"product_cat-whetstones","7":"product_tag-naniwa","8":"product_tag-super-stone","9":"product_shipping_class-iprastas","11":"first","12":"instock","13":"sale","14":"shipping-taxable","15":"purchasable","16":"product-type-simple"},"_links":{"self":[{"href":"https:\/\/jnats.eu\/pl\/wp-json\/wp\/v2\/product\/2650","targetHints":{"allow":["GET"]}}],"collection":[{"href":"https:\/\/jnats.eu\/pl\/wp-json\/wp\/v2\/product"}],"about":[{"href":"https:\/\/jnats.eu\/pl\/wp-json\/wp\/v2\/types\/product"}],"replies":[{"embeddable":true,"href":"https:\/\/jnats.eu\/pl\/wp-json\/wp\/v2\/comments?post=2650"}],"wp:featuredmedia":[{"embeddable":true,"href":"https:\/\/jnats.eu\/pl\/wp-json\/wp\/v2\/media\/2651"}],"wp:attachment":[{"href":"https:\/\/jnats.eu\/pl\/wp-json\/wp\/v2\/media?parent=2650"}],"wp:term":[{"taxonomy":"product_brand","embeddable":true,"href":"https:\/\/jnats.eu\/pl\/wp-json\/wp\/v2\/product_brand?post=2650"},{"taxonomy":"product_cat","embeddable":true,"href":"https:\/\/jnats.eu\/pl\/wp-json\/wp\/v2\/product_cat?post=2650"},{"taxonomy":"product_tag","embeddable":true,"href":"https:\/\/jnats.eu\/pl\/wp-json\/wp\/v2\/product_tag?post=2650"}],"curies":[{"name":"wp","href":"https:\/\/api.w.org\/{rel}","templated":true}]}}