{"id":2652,"date":"2024-05-13T08:07:31","date_gmt":"2024-05-13T05:07:31","guid":{"rendered":"http:\/\/jnats.eu\/?post_type=product&#038;p=2652"},"modified":"2024-06-01T09:53:05","modified_gmt":"2024-06-01T06:53:05","slug":"naniwa-super-stone-s10000-wa-with-stand-grit-10000","status":"publish","type":"product","link":"https:\/\/jnats.eu\/pl\/produkt-2\/naniwa-super-stone-s10000-wa-with-stand-grit-10000\/","title":{"rendered":"Naniwa Super Stone S10000 WA z ziarnem stoj\u0105cym #10000"},"content":{"rendered":"","protected":false},"excerpt":{"rendered":"<ul>\n<li>U\u017cywany do polerowania i bardzo ostrego wyka\u0144czania. Szczeg\u00f3lnie ceniona przez ostrzycieli brzytew za delikatn\u0105 prac\u0119. Dobry r\u00f3wnie\u017c do ostrzenia kruchej stali. Ze wzgl\u0119du na mi\u0119kkie spoiwo dzia\u0142a znacznie drobniej ni\u017c twarde kamienie o tej samej ziarnisto\u015bci.<\/li>\n<li>Spoiwo \u017cywiczne<\/li>\n<li>Bia\u0142y tlenek glinu<\/li>\n<li>Wielko\u015b\u0107 ziarna: #10000<\/li>\n<li>Nie wymaga namaczania<\/li>\n<li>Wymiary: 210 x 70 x 10 mm<\/li>\n<\/ul>","protected":false},"featured_media":2653,"comment_status":"open","ping_status":"closed","template":"","meta":[],"product_brand":[],"product_cat":[290],"product_tag":[],"class_list":{"0":"post-2652","1":"product","2":"type-product","3":"status-publish","4":"has-post-thumbnail","6":"product_cat-whetstones","7":"product_shipping_class-iprastas","9":"first","10":"outofstock","11":"shipping-taxable","12":"purchasable","13":"product-type-simple"},"_links":{"self":[{"href":"https:\/\/jnats.eu\/pl\/wp-json\/wp\/v2\/product\/2652","targetHints":{"allow":["GET"]}}],"collection":[{"href":"https:\/\/jnats.eu\/pl\/wp-json\/wp\/v2\/product"}],"about":[{"href":"https:\/\/jnats.eu\/pl\/wp-json\/wp\/v2\/types\/product"}],"replies":[{"embeddable":true,"href":"https:\/\/jnats.eu\/pl\/wp-json\/wp\/v2\/comments?post=2652"}],"wp:featuredmedia":[{"embeddable":true,"href":"https:\/\/jnats.eu\/pl\/wp-json\/wp\/v2\/media\/2653"}],"wp:attachment":[{"href":"https:\/\/jnats.eu\/pl\/wp-json\/wp\/v2\/media?parent=2652"}],"wp:term":[{"taxonomy":"product_brand","embeddable":true,"href":"https:\/\/jnats.eu\/pl\/wp-json\/wp\/v2\/product_brand?post=2652"},{"taxonomy":"product_cat","embeddable":true,"href":"https:\/\/jnats.eu\/pl\/wp-json\/wp\/v2\/product_cat?post=2652"},{"taxonomy":"product_tag","embeddable":true,"href":"https:\/\/jnats.eu\/pl\/wp-json\/wp\/v2\/product_tag?post=2652"}],"curies":[{"name":"wp","href":"https:\/\/api.w.org\/{rel}","templated":true}]}}