{"id":2654,"date":"2024-05-13T08:09:43","date_gmt":"2024-05-13T05:09:43","guid":{"rendered":"http:\/\/jnats.eu\/?post_type=product&#038;p=2654"},"modified":"2024-09-04T12:36:00","modified_gmt":"2024-09-04T09:36:00","slug":"naniwa-super-stone-s8000-wa-with-stand-grit-8000","status":"publish","type":"product","link":"https:\/\/jnats.eu\/pl\/produkt-2\/naniwa-super-stone-s8000-wa-with-stand-grit-8000\/","title":{"rendered":"Naniwa Super Stone S8000 WA z ziarnem stoj\u0105cym #8000"},"content":{"rendered":"","protected":false},"excerpt":{"rendered":"<ul>\n<li>U\u017cywany do polerowania i bardzo ostrego wyka\u0144czania. Szczeg\u00f3lnie ceniona przez ostrzycieli brzytew za delikatn\u0105 prac\u0119. Dobry r\u00f3wnie\u017c do ostrzenia kruchej stali. Ze wzgl\u0119du na mi\u0119kkie spoiwo dzia\u0142a znacznie drobniej ni\u017c twarde kamienie o tej samej ziarnisto\u015bci.<\/li>\n<li>Spoiwo \u017cywiczne<\/li>\n<li>Bia\u0142y tlenek glinu<\/li>\n<li>Wielko\u015b\u0107 ziarna: #8000<\/li>\n<li>Nie wymaga namaczania<\/li>\n<li>Wymiary: 210 x 70 x 10 mm<\/li>\n<\/ul>","protected":false},"featured_media":2655,"comment_status":"open","ping_status":"closed","template":"","meta":[],"product_brand":[],"product_cat":[290],"product_tag":[197],"class_list":{"0":"post-2654","1":"product","2":"type-product","3":"status-publish","4":"has-post-thumbnail","6":"product_cat-whetstones","7":"product_tag-naniwa","8":"product_shipping_class-iprastas","10":"first","11":"outofstock","12":"shipping-taxable","13":"purchasable","14":"product-type-simple"},"_links":{"self":[{"href":"https:\/\/jnats.eu\/pl\/wp-json\/wp\/v2\/product\/2654","targetHints":{"allow":["GET"]}}],"collection":[{"href":"https:\/\/jnats.eu\/pl\/wp-json\/wp\/v2\/product"}],"about":[{"href":"https:\/\/jnats.eu\/pl\/wp-json\/wp\/v2\/types\/product"}],"replies":[{"embeddable":true,"href":"https:\/\/jnats.eu\/pl\/wp-json\/wp\/v2\/comments?post=2654"}],"wp:featuredmedia":[{"embeddable":true,"href":"https:\/\/jnats.eu\/pl\/wp-json\/wp\/v2\/media\/2655"}],"wp:attachment":[{"href":"https:\/\/jnats.eu\/pl\/wp-json\/wp\/v2\/media?parent=2654"}],"wp:term":[{"taxonomy":"product_brand","embeddable":true,"href":"https:\/\/jnats.eu\/pl\/wp-json\/wp\/v2\/product_brand?post=2654"},{"taxonomy":"product_cat","embeddable":true,"href":"https:\/\/jnats.eu\/pl\/wp-json\/wp\/v2\/product_cat?post=2654"},{"taxonomy":"product_tag","embeddable":true,"href":"https:\/\/jnats.eu\/pl\/wp-json\/wp\/v2\/product_tag?post=2654"}],"curies":[{"name":"wp","href":"https:\/\/api.w.org\/{rel}","templated":true}]}}