{"id":2656,"date":"2024-05-13T08:13:00","date_gmt":"2024-05-13T05:13:00","guid":{"rendered":"http:\/\/jnats.eu\/?post_type=product&#038;p=2656"},"modified":"2026-01-05T10:48:33","modified_gmt":"2026-01-05T08:48:33","slug":"naniwa-super-stone-s3000-wa-with-stand-grit-3000","status":"publish","type":"product","link":"https:\/\/jnats.eu\/pl\/produkt-2\/naniwa-super-stone-s3000-wa-with-stand-grit-3000\/","title":{"rendered":"Naniwa Super Stone S3000 WA z ziarnem stoj\u0105cym #3000"},"content":{"rendered":"<figure class=\"wp-block-embed is-type-video is-provider-youtube wp-block-embed-youtube wp-embed-aspect-16-9 wp-has-aspect-ratio\"><div class=\"wp-block-embed__wrapper\">\n<div class=\"video-container\"><iframe title=\"Ostrzenie no\u017cy ze stali proszkowej | Naniwa Super Stone #3000 i #8000\" width=\"1170\" height=\"658\" src=\"https:\/\/www.youtube.com\/embed\/t_jQgegySmQ?feature=oembed\" frameborder=\"0\" allow=\"accelerometer; autoplay; clipboard-write; encrypted-media; gyroscope; picture-in-picture; web-share\" referrerpolicy=\"strict-origin-when-cross-origin\" allowfullscreen><\/iframe><\/div>\n<\/div><\/figure>","protected":false},"excerpt":{"rendered":"<ul>\n<li>U\u017cywana do wyka\u0144czania no\u017cy i \u015brodkowego etapu ostrzenia brzytew. Szczeg\u00f3lnie ceniona przez ostrz\u0105cych brzytwy za delikatn\u0105 prac\u0119. Dobry r\u00f3wnie\u017c do ostrzenia kruchej stali. Mi\u0119kkie spoiwo sprawia, \u017ce jest znacznie drobniejszy ni\u017c twarde kamienie o tej samej ziarnisto\u015bci.<\/li>\n<li>Spoiwo \u017cywiczne<\/li>\n<li>Bia\u0142y tlenek glinu<\/li>\n<li>Wielko\u015b\u0107 ziarna: #3000<\/li>\n<li>Nie wymaga namaczania, wystarczy plusk wody (Splash&amp;Go)<\/li>\n<li>Wymiary: 210 x 70 x 10 mm<\/li>\n<\/ul>","protected":false},"featured_media":2657,"comment_status":"open","ping_status":"closed","template":"","meta":[],"product_brand":[],"product_cat":[290],"product_tag":[197],"class_list":{"0":"post-2656","1":"product","2":"type-product","3":"status-publish","4":"has-post-thumbnail","6":"product_cat-whetstones","7":"product_tag-naniwa","8":"product_shipping_class-iprastas","10":"first","11":"outofstock","12":"sale","13":"shipping-taxable","14":"purchasable","15":"product-type-simple"},"_links":{"self":[{"href":"https:\/\/jnats.eu\/pl\/wp-json\/wp\/v2\/product\/2656","targetHints":{"allow":["GET"]}}],"collection":[{"href":"https:\/\/jnats.eu\/pl\/wp-json\/wp\/v2\/product"}],"about":[{"href":"https:\/\/jnats.eu\/pl\/wp-json\/wp\/v2\/types\/product"}],"replies":[{"embeddable":true,"href":"https:\/\/jnats.eu\/pl\/wp-json\/wp\/v2\/comments?post=2656"}],"wp:featuredmedia":[{"embeddable":true,"href":"https:\/\/jnats.eu\/pl\/wp-json\/wp\/v2\/media\/2657"}],"wp:attachment":[{"href":"https:\/\/jnats.eu\/pl\/wp-json\/wp\/v2\/media?parent=2656"}],"wp:term":[{"taxonomy":"product_brand","embeddable":true,"href":"https:\/\/jnats.eu\/pl\/wp-json\/wp\/v2\/product_brand?post=2656"},{"taxonomy":"product_cat","embeddable":true,"href":"https:\/\/jnats.eu\/pl\/wp-json\/wp\/v2\/product_cat?post=2656"},{"taxonomy":"product_tag","embeddable":true,"href":"https:\/\/jnats.eu\/pl\/wp-json\/wp\/v2\/product_tag?post=2656"}],"curies":[{"name":"wp","href":"https:\/\/api.w.org\/{rel}","templated":true}]}}