{"id":2659,"date":"2024-05-13T08:28:21","date_gmt":"2024-05-13T05:28:21","guid":{"rendered":"http:\/\/jnats.eu\/?post_type=product&#038;p=2659"},"modified":"2026-04-01T11:53:42","modified_gmt":"2026-04-01T08:53:42","slug":"naniwa-220-pa-bgs-022p-pink-alumina-traditional-whetstone","status":"publish","type":"product","link":"https:\/\/jnats.eu\/pl\/produkt-2\/naniwa-220-pa-bgs-022p-pink-alumina-traditional-whetstone\/","title":{"rendered":"Naniwa #220 PA BGS-022p Tradycyjna ose\u0142ka z r\u00f3\u017cowego tlenku glinu"},"content":{"rendered":"<p>Tradycyjny kamie\u0144 wodny Naniwa 220 Grit Pink Alumina jest podobny do serii Naniwa Traditional, ale zosta\u0142 zaprojektowany tak, aby zu\u017cywa\u0107 si\u0119 wolniej i pracowa\u0107 szybciej.<\/p>\n\n\n\n<figure class=\"wp-block-embed is-type-video is-provider-youtube wp-block-embed-youtube wp-embed-aspect-16-9 wp-has-aspect-ratio\"><div class=\"wp-block-embed__wrapper\">\n<div class=\"video-container\"><iframe title=\"Naniwa Pink Aluminium Oxide Whetstone Test z Shirogami Honyaki\" width=\"1170\" height=\"658\" src=\"https:\/\/www.youtube.com\/embed\/DuBMwsrQGaY?feature=oembed\" frameborder=\"0\" allow=\"accelerometer; autoplay; clipboard-write; encrypted-media; gyroscope; picture-in-picture; web-share\" referrerpolicy=\"strict-origin-when-cross-origin\" allowfullscreen><\/iframe><\/div>\n<\/div><\/figure>\n\n\n\n<p>Tradycyjne kamienie wodne Naniwa oferuj\u0105 doskona\u0142\u0105 r\u00f3wnowag\u0119 mi\u0119dzy cen\u0105 a wydajno\u015bci\u0105. Otrzymujesz jako\u015b\u0107 i uwag\u0119, kt\u00f3re Naniwa wk\u0142ada we wszystkie swoje kamienie, bez konieczno\u015bci p\u0142acenia wy\u017cszych cen dro\u017cszych linii kamieni. W przeciwie\u0144stwie do kamieni Super, maj\u0105 one tradycyjne spoiwo, kt\u00f3re absorbuje wod\u0119. Zalecamy namoczenie w wodzie przed u\u017cyciem.<\/p>\n\n\n\n<p>Pude\u0142ko ma ram\u0119 na g\u00f3rze, kt\u00f3ra umo\u017cliwia umieszczenie kamienia na g\u00f3rze do pracy. Pude\u0142ko ma gumowe n\u00f3\u017cki i otwory wentylacyjne, dzi\u0119ki czemu kamie\u0144 mo\u017cna umie\u015bci\u0107 w \u015brodku i zamkn\u0105\u0107 natychmiast po pracy.<\/p>\n\n\n\n<p>Wykonany z r\u00f3\u017cowego tlenku glinu, kt\u00f3ry jest twardszy i trwalszy ni\u017c zwyk\u0142y bia\u0142y tlenek glinu lub w\u0119glik krzemu stosowany w innych kamieniach szlifierskich. R\u00f3\u017cowy tlenek glinu zawiera dodatki tlenku chromu, kt\u00f3re nadaj\u0105 mu r\u00f3\u017cowy kolor i zwi\u0119kszaj\u0105 jego twardo\u015b\u0107 i odporno\u015b\u0107 na \u015bcieranie.<\/p>\n\n\n\n<p><strong>Zalety<\/strong>:<\/p>\n\n\n\n<ul class=\"wp-block-list\">\n<li><strong>Trwa\u0142o\u015b\u0107<\/strong>O: R\u00f3\u017cowy tlenek glinu zu\u017cywa si\u0119 wolniej ni\u017c w\u0119glik krzemu, dzi\u0119ki czemu kamie\u0144 d\u0142u\u017cej zachowuje sw\u00f3j kszta\u0142t.<\/li>\n\n\n\n<li><strong>Wydajno\u015b\u0107<\/strong>Zapewnia dobr\u0105 pr\u0119dko\u015b\u0107 szlifowania, ale jest mniej agresywny ni\u017c kamienie z w\u0119glika krzemu, wi\u0119c nie uszkadza powierzchni metalu tak g\u0142\u0119boko.<\/li>\n\n\n\n<li>Wyprodukowano w Japonii, gwarantuj\u0105c wysok\u0105 jako\u015b\u0107 i tradycyjne techniki produkcji.<\/li>\n<\/ul>","protected":false},"excerpt":{"rendered":"<ul>\n<li>R\u00f3\u017cowy tlenek glinu zu\u017cywa si\u0119 wolniej ni\u017c w\u0119glik krzemu, dzi\u0119ki czemu kamie\u0144 d\u0142u\u017cej zachowuje sw\u00f3j kszta\u0142t. Zapewnia dobr\u0105 pr\u0119dko\u015b\u0107 szlifowania, ale jest mniej agresywny ni\u017c kamienie z w\u0119glika krzemu i dlatego nie uszkadza powierzchni metalu tak g\u0142\u0119boko.<!-- \/wp:list --><\/li>\n<li>Wielko\u015b\u0107 ziarna: #220<\/li>\n<li>U\u017cywany do pocz\u0105tkowego etapu ostrzenia<\/li>\n<li>Do namoczenia w wodzie przed rozpocz\u0119ciem pracy<\/li>\n<li>Wymiary: 210 x 70 x 20 mm<\/li>\n<\/ul>","protected":false},"featured_media":2660,"comment_status":"open","ping_status":"closed","template":"","meta":[],"product_brand":[],"product_cat":[290],"product_tag":[197],"class_list":{"0":"post-2659","1":"product","2":"type-product","3":"status-publish","4":"has-post-thumbnail","6":"product_cat-whetstones","7":"product_tag-naniwa","8":"product_shipping_class-iprastas","10":"first","11":"instock","12":"shipping-taxable","13":"purchasable","14":"product-type-simple"},"_links":{"self":[{"href":"https:\/\/jnats.eu\/pl\/wp-json\/wp\/v2\/product\/2659","targetHints":{"allow":["GET"]}}],"collection":[{"href":"https:\/\/jnats.eu\/pl\/wp-json\/wp\/v2\/product"}],"about":[{"href":"https:\/\/jnats.eu\/pl\/wp-json\/wp\/v2\/types\/product"}],"replies":[{"embeddable":true,"href":"https:\/\/jnats.eu\/pl\/wp-json\/wp\/v2\/comments?post=2659"}],"wp:featuredmedia":[{"embeddable":true,"href":"https:\/\/jnats.eu\/pl\/wp-json\/wp\/v2\/media\/2660"}],"wp:attachment":[{"href":"https:\/\/jnats.eu\/pl\/wp-json\/wp\/v2\/media?parent=2659"}],"wp:term":[{"taxonomy":"product_brand","embeddable":true,"href":"https:\/\/jnats.eu\/pl\/wp-json\/wp\/v2\/product_brand?post=2659"},{"taxonomy":"product_cat","embeddable":true,"href":"https:\/\/jnats.eu\/pl\/wp-json\/wp\/v2\/product_cat?post=2659"},{"taxonomy":"product_tag","embeddable":true,"href":"https:\/\/jnats.eu\/pl\/wp-json\/wp\/v2\/product_tag?post=2659"}],"curies":[{"name":"wp","href":"https:\/\/api.w.org\/{rel}","templated":true}]}}