{"id":2665,"date":"2024-05-13T08:43:33","date_gmt":"2024-05-13T05:43:33","guid":{"rendered":"http:\/\/jnats.eu\/?post_type=product&#038;p=2665"},"modified":"2025-06-05T13:22:58","modified_gmt":"2025-06-05T10:22:58","slug":"naniwa-1000-wa-sekimonzen-toishi","status":"publish","type":"product","link":"https:\/\/jnats.eu\/pl\/produkt-2\/naniwa-1000-wa-sekimonzen-toishi\/","title":{"rendered":"Naniwa #1000 WA Sekimonzen Toishi"},"content":{"rendered":"<p>Do\u015b\u0107 pierdzenia... Twoje 5 milimetr\u00f3w! Kup co\u015b, czego nie b\u0119dziesz si\u0119 wstydzi\u0142 wzi\u0105\u0107 do r\u0119ki lub pokaza\u0107 innym. Miej szacunek do samego siebie!<\/p>\n\n\n\n<p>Naniwa #1000 WA Sekimonzen Toishi to du\u017cy kamie\u0144 ostrz\u0105cy przeznaczony do ostrzenia t\u0119pych (w sensie kontrolowania) no\u017cy.  Kamienie ostrz\u0105ce o takiej ziarnisto\u015bci zu\u017cywaj\u0105 si\u0119 do\u015b\u0107 szybko. Aby zagwarantowa\u0107 d\u0142ug\u0105 \u017cywotno\u015b\u0107, Naniwa upewni\u0142a si\u0119, \u017ce ten kamie\u0144 ostrz\u0105cy jest wyj\u0105tkowo gruby. Trzy razy grubszy ni\u017c przeci\u0119tny kamie\u0144 ostrz\u0105cy!<\/p>","protected":false},"excerpt":{"rendered":"<ul>\n<li>U\u017cywany na \u015brodkowym etapie ostrzenia<\/li>\n<li>Bia\u0142y tlenek glinu<\/li>\n<li>Wielko\u015b\u0107 ziarna: #1000<\/li>\n<li>Do namoczenia<\/li>\n<li>Wymiary: 210 x 70 x 60 mm<\/li>\n<li>Waga: 1810 g<\/li>\n<\/ul>","protected":false},"featured_media":2666,"comment_status":"open","ping_status":"closed","template":"","meta":[],"product_brand":[],"product_cat":[290],"product_tag":[197],"class_list":{"0":"post-2665","1":"product","2":"type-product","3":"status-publish","4":"has-post-thumbnail","6":"product_cat-whetstones","7":"product_tag-naniwa","8":"product_shipping_class-iprastas","10":"first","11":"outofstock","12":"sale","13":"shipping-taxable","14":"purchasable","15":"product-type-simple"},"_links":{"self":[{"href":"https:\/\/jnats.eu\/pl\/wp-json\/wp\/v2\/product\/2665","targetHints":{"allow":["GET"]}}],"collection":[{"href":"https:\/\/jnats.eu\/pl\/wp-json\/wp\/v2\/product"}],"about":[{"href":"https:\/\/jnats.eu\/pl\/wp-json\/wp\/v2\/types\/product"}],"replies":[{"embeddable":true,"href":"https:\/\/jnats.eu\/pl\/wp-json\/wp\/v2\/comments?post=2665"}],"wp:featuredmedia":[{"embeddable":true,"href":"https:\/\/jnats.eu\/pl\/wp-json\/wp\/v2\/media\/2666"}],"wp:attachment":[{"href":"https:\/\/jnats.eu\/pl\/wp-json\/wp\/v2\/media?parent=2665"}],"wp:term":[{"taxonomy":"product_brand","embeddable":true,"href":"https:\/\/jnats.eu\/pl\/wp-json\/wp\/v2\/product_brand?post=2665"},{"taxonomy":"product_cat","embeddable":true,"href":"https:\/\/jnats.eu\/pl\/wp-json\/wp\/v2\/product_cat?post=2665"},{"taxonomy":"product_tag","embeddable":true,"href":"https:\/\/jnats.eu\/pl\/wp-json\/wp\/v2\/product_tag?post=2665"}],"curies":[{"name":"wp","href":"https:\/\/api.w.org\/{rel}","templated":true}]}}