{"id":2667,"date":"2024-05-13T08:52:39","date_gmt":"2024-05-13T05:52:39","guid":{"rendered":"http:\/\/jnats.eu\/?post_type=product&#038;p=2667"},"modified":"2024-06-04T20:07:48","modified_gmt":"2024-06-04T17:07:48","slug":"naniwa-aotoishi-2000-ir-0260","status":"publish","type":"product","link":"https:\/\/jnats.eu\/pl\/produkt-2\/naniwa-aotoishi-2000-ir-0260\/","title":{"rendered":"Naniwa Aotoishi #2000 IR-0260"},"content":{"rendered":"<p>Naniwa Aotoishi to du\u017cy kamie\u0144 ostrz\u0105cy przeznaczony do ostrzenia t\u0119pych (w sensie kontrolowania) no\u017cy. #2000 to bardzo praktyczny rozmiar ziarna. Wystarczaj\u0105co gruba, aby szybko naostrzy\u0107 u\u017cywane no\u017ce i wystarczaj\u0105co drobna, aby uzyska\u0107 naprawd\u0119 ostre wyko\u0144czenie. Poniewa\u017c kamienie ostrz\u0105ce o tej ziarnisto\u015bci b\u0119d\u0105 cz\u0119sto u\u017cywane, do\u015b\u0107 szybko si\u0119 zu\u017cyj\u0105. Aby zagwarantowa\u0107 d\u0142ug\u0105 \u017cywotno\u015b\u0107, Naniwa zadba\u0142a o to, by ten kamie\u0144 ostrz\u0105cy by\u0142 wyj\u0105tkowo gruby. Co najmniej dwa razy grubszy ni\u017c przeci\u0119tny kamie\u0144 do ostrzenia!<\/p>\n\n\n\n<p>Z biegiem lat Aotoishi staje si\u0119 coraz bardziej popularny. Nie tylko ze wzgl\u0119du na grubo\u015b\u0107 kamienia, ale tak\u017ce dlatego, \u017ce jest on tak wydajny i wszechstronny. Nazwa Aotoishi odnosi si\u0119 do jego zielonego koloru i faktu, \u017ce jest to kamie\u0144 do ostrzenia. Jednak\u017ce, Aotoishi jest cz\u0119sto okre\u015blany jako \"zielona ceg\u0142a rado\u015bci\" przez swoich licznych fan\u00f3w.<\/p>\n\n\n\n<figure class=\"wp-block-embed is-type-video is-provider-youtube wp-block-embed-youtube wp-embed-aspect-16-9 wp-has-aspect-ratio\"><div class=\"wp-block-embed__wrapper\">\n<div class=\"video-container\"><iframe title=\"Naniwa Aotoshi, &quot;zielona ceg\u0142a rado\u015bci&quot;. Jedna sesja ostrzenia\" width=\"1170\" height=\"658\" src=\"https:\/\/www.youtube.com\/embed\/avkcYvT65QM?feature=oembed\" frameborder=\"0\" allow=\"accelerometer; autoplay; clipboard-write; encrypted-media; gyroscope; picture-in-picture; web-share\" referrerpolicy=\"strict-origin-when-cross-origin\" allowfullscreen><\/iframe><\/div>\n<\/div><\/figure>","protected":false},"excerpt":{"rendered":"<ul>\n<li>U\u017cywany na \u015brodkowym lub ko\u0144cowym etapie ostrzenia<\/li>\n<li>Bia\u0142y tlenek glinu<\/li>\n<li>Wielko\u015b\u0107 ziarna: #2000<\/li>\n<li>Do namoczenia<\/li>\n<li>Wymiary: 210 x 70 x 55 mm<\/li>\n<li>Waga: 1780 g<\/li>\n<\/ul>","protected":false},"featured_media":2668,"comment_status":"open","ping_status":"closed","template":"","meta":[],"product_brand":[],"product_cat":[290],"product_tag":[197],"class_list":{"0":"post-2667","1":"product","2":"type-product","3":"status-publish","4":"has-post-thumbnail","6":"product_cat-whetstones","7":"product_tag-naniwa","8":"product_shipping_class-iprastas","10":"first","11":"outofstock","12":"shipping-taxable","13":"purchasable","14":"product-type-simple"},"_links":{"self":[{"href":"https:\/\/jnats.eu\/pl\/wp-json\/wp\/v2\/product\/2667","targetHints":{"allow":["GET"]}}],"collection":[{"href":"https:\/\/jnats.eu\/pl\/wp-json\/wp\/v2\/product"}],"about":[{"href":"https:\/\/jnats.eu\/pl\/wp-json\/wp\/v2\/types\/product"}],"replies":[{"embeddable":true,"href":"https:\/\/jnats.eu\/pl\/wp-json\/wp\/v2\/comments?post=2667"}],"wp:featuredmedia":[{"embeddable":true,"href":"https:\/\/jnats.eu\/pl\/wp-json\/wp\/v2\/media\/2668"}],"wp:attachment":[{"href":"https:\/\/jnats.eu\/pl\/wp-json\/wp\/v2\/media?parent=2667"}],"wp:term":[{"taxonomy":"product_brand","embeddable":true,"href":"https:\/\/jnats.eu\/pl\/wp-json\/wp\/v2\/product_brand?post=2667"},{"taxonomy":"product_cat","embeddable":true,"href":"https:\/\/jnats.eu\/pl\/wp-json\/wp\/v2\/product_cat?post=2667"},{"taxonomy":"product_tag","embeddable":true,"href":"https:\/\/jnats.eu\/pl\/wp-json\/wp\/v2\/product_tag?post=2667"}],"curies":[{"name":"wp","href":"https:\/\/api.w.org\/{rel}","templated":true}]}}