{"id":2669,"date":"2024-05-13T09:01:52","date_gmt":"2024-05-13T06:01:52","guid":{"rendered":"http:\/\/jnats.eu\/?post_type=product&#038;p=2669"},"modified":"2024-07-09T23:11:51","modified_gmt":"2024-07-09T20:11:51","slug":"king-deluxe-stone-1000","status":"publish","type":"product","link":"https:\/\/jnats.eu\/pl\/produkt-2\/king-deluxe-stone-1000\/","title":{"rendered":"Kamie\u0144 kr\u00f3lewski Deluxe #1000"},"content":{"rendered":"<p>Do\u015b\u0107 szarpania si\u0119 ze swoimi 5 milimetrami! Kup co\u015b, czego nie b\u0119dziesz si\u0119 wstydzi\u0142 wzi\u0105\u0107 do r\u0119ki lub pokaza\u0107 innym. Miej szacunek do samego siebie!<\/p>\n\n\n\n<p>Idealny kamie\u0144 do ostrzenia no\u017cy. Mo\u017cna go u\u017cywa\u0107 do no\u017cyczek, no\u017cy, brzytew itp.<br>Przed u\u017cyciem nale\u017cy zanurzy\u0107 go w wodzie na oko\u0142o 3 minuty, aby nas\u0105czy\u0107 kamie\u0144 wod\u0105. Je\u015bli powierzchnia kamienia wyschnie podczas pracy, spryskaj j\u0105 wod\u0105.<\/p>\n\n\n\n<p>Zawsze u\u017cywaj go na p\u0142askiej, stabilnej i antypo\u015blizgowej powierzchni. Po u\u017cyciu dobrze sp\u0142uka\u0107 wod\u0105. Pozostawi\u0107 do wyschni\u0119cia i przechowywa\u0107 z dala od bezpo\u015bredniego \u015bwiat\u0142a s\u0142onecznego.<\/p>\n\n\n\n<p>Je\u015bli cz\u0119\u015b\u0107 kamienia odpadnie, nale\u017cy wyg\u0142adzi\u0107 wyszczerbion\u0105 cz\u0119\u015b\u0107, aby nie uszkodzi\u0107 ostrza podczas ostrzenia.<\/p>\n\n\n\n<p>\"Matsunaga Stone Co., Ltd. jest producentem i sprzedawc\u0105 kamieni szlifierskich i innych produkt\u00f3w z siedzib\u0105 w prefekturze Osaka. Oferuje seri\u0119 King Grindstone, opracowan\u0105 dzi\u0119ki wieloletnim badaniom i najnowocze\u015bniejszej technologii, a tak\u017ce kamienie szlifierskie do ci\u0119cia, ostrzenia, polerowania i r\u00f3\u017cnych innych zastosowa\u0144.<\/p>","protected":false},"excerpt":{"rendered":"<ul>\n<li>U\u017cywany na \u015brodkowym etapie ostrzenia<\/li>\n<li>Tlenek glinu<\/li>\n<li>Wielko\u015b\u0107 ziarna: #1000<\/li>\n<li>Do namoczenia<\/li>\n<li>Wymiary: 209 x 70 x 60 mm<\/li>\n<li>Waga: 1700 g<\/li>\n<\/ul>","protected":false},"featured_media":2670,"comment_status":"open","ping_status":"closed","template":"","meta":[],"product_brand":[],"product_cat":[290],"product_tag":[292],"class_list":{"0":"post-2669","1":"product","2":"type-product","3":"status-publish","4":"has-post-thumbnail","6":"product_cat-whetstones","7":"product_tag-king","8":"product_shipping_class-iprastas","10":"first","11":"outofstock","12":"shipping-taxable","13":"purchasable","14":"product-type-simple"},"_links":{"self":[{"href":"https:\/\/jnats.eu\/pl\/wp-json\/wp\/v2\/product\/2669","targetHints":{"allow":["GET"]}}],"collection":[{"href":"https:\/\/jnats.eu\/pl\/wp-json\/wp\/v2\/product"}],"about":[{"href":"https:\/\/jnats.eu\/pl\/wp-json\/wp\/v2\/types\/product"}],"replies":[{"embeddable":true,"href":"https:\/\/jnats.eu\/pl\/wp-json\/wp\/v2\/comments?post=2669"}],"wp:featuredmedia":[{"embeddable":true,"href":"https:\/\/jnats.eu\/pl\/wp-json\/wp\/v2\/media\/2670"}],"wp:attachment":[{"href":"https:\/\/jnats.eu\/pl\/wp-json\/wp\/v2\/media?parent=2669"}],"wp:term":[{"taxonomy":"product_brand","embeddable":true,"href":"https:\/\/jnats.eu\/pl\/wp-json\/wp\/v2\/product_brand?post=2669"},{"taxonomy":"product_cat","embeddable":true,"href":"https:\/\/jnats.eu\/pl\/wp-json\/wp\/v2\/product_cat?post=2669"},{"taxonomy":"product_tag","embeddable":true,"href":"https:\/\/jnats.eu\/pl\/wp-json\/wp\/v2\/product_tag?post=2669"}],"curies":[{"name":"wp","href":"https:\/\/api.w.org\/{rel}","templated":true}]}}