{"id":2696,"date":"2025-04-30T14:35:08","date_gmt":"2025-04-30T11:35:08","guid":{"rendered":"http:\/\/jnats.eu\/?post_type=product&#038;p=2696"},"modified":"2025-05-04T13:57:31","modified_gmt":"2025-05-04T10:57:31","slug":"naudotas-japoniskas-skustuvo-galandinimo-dirzas-sp1-4-in-1","status":"publish","type":"product","link":"https:\/\/jnats.eu\/pl\/produkt-2\/naudotas-japoniskas-skustuvo-galandinimo-dirzas-sp1-4-in-1\/","title":{"rendered":"U\u017cywany japo\u0144ski pas do ostrzenia brzytew SP1 4 w 1"},"content":{"rendered":"<p>Podczas golenia maszynk\u0105 sk\u0142adan\u0105 ostrze po pewnym czasie staje si\u0119 nieostre. Mo\u017cna w\u00f3wczas naostrzy\u0107 brzytw\u0119 za pomoc\u0105 poni\u017cszych sk\u00f3rzanych pask\u00f3w. Pas lniany (niedost\u0119pny tutaj) s\u0142u\u017cy do ostrzenia ostrzy, gdy s\u0105 one bardziej lu\u017ane lub po ostrzeniu na kamieniu w celu usuni\u0119cia metalowych pozosta\u0142o\u015bci z brzytwy, kt\u00f3re mog\u0105 utkn\u0105\u0107 w sk\u00f3rze.<\/p>\n\n\n\n<p>Zawie\u015b jedn\u0105 stron\u0119 paska, a drug\u0105 napnij r\u0119cznie. <\/p>\n\n\n\n<p>Paski sk\u0142adaj\u0105 si\u0119 z dw\u00f3ch warstw sk\u00f3ry: g\u00f3rnej warstwy z roboczej sk\u00f3ry ko\u0144skiej cordovan i dolnej warstwy z ta\u0144szej sk\u00f3ry.<\/p>\n\n\n\n<figure class=\"wp-block-embed is-type-video is-provider-youtube wp-block-embed-youtube wp-embed-aspect-16-9 wp-has-aspect-ratio\"><div class=\"wp-block-embed__wrapper\">\n<div class=\"video-container\"><iframe title=\"U\u017cywany japo\u0144ski strop do ostrzenia brzytew SP1 4 w 1\" width=\"1170\" height=\"658\" src=\"https:\/\/www.youtube.com\/embed\/xsmryXOKC6Q?feature=oembed\" frameborder=\"0\" allow=\"accelerometer; autoplay; clipboard-write; encrypted-media; gyroscope; picture-in-picture; web-share\" referrerpolicy=\"strict-origin-when-cross-origin\" allowfullscreen><\/iframe><\/div>\n<\/div><\/figure>","protected":false},"excerpt":{"rendered":"<ul>\n<li>U\u017cywany japo\u0144ski pas do ostrzenia brzytew SP1 w czterech kawa\u0142kach.<\/li>\n<li>Cztery paski po\u0142\u0105czone jedn\u0105 klamr\u0105.<\/li>\n<li>Dwa s\u0105 w dobrym stanie, dwa w dobrym.<\/li>\n<li>Wymiary: 600x62x1,7 mm<\/li>\n<\/ul>","protected":false},"featured_media":4501,"comment_status":"open","ping_status":"closed","template":"","meta":[],"product_brand":[],"product_cat":[23],"product_tag":[294,293],"class_list":{"0":"post-2696","1":"product","2":"type-product","3":"status-publish","4":"has-post-thumbnail","6":"product_cat-razors","7":"product_tag-dirzas","8":"product_tag-strop","9":"product_shipping_class-light","11":"first","12":"outofstock","13":"shipping-taxable","14":"purchasable","15":"product-type-simple"},"_links":{"self":[{"href":"https:\/\/jnats.eu\/pl\/wp-json\/wp\/v2\/product\/2696","targetHints":{"allow":["GET"]}}],"collection":[{"href":"https:\/\/jnats.eu\/pl\/wp-json\/wp\/v2\/product"}],"about":[{"href":"https:\/\/jnats.eu\/pl\/wp-json\/wp\/v2\/types\/product"}],"replies":[{"embeddable":true,"href":"https:\/\/jnats.eu\/pl\/wp-json\/wp\/v2\/comments?post=2696"}],"wp:featuredmedia":[{"embeddable":true,"href":"https:\/\/jnats.eu\/pl\/wp-json\/wp\/v2\/media\/4501"}],"wp:attachment":[{"href":"https:\/\/jnats.eu\/pl\/wp-json\/wp\/v2\/media?parent=2696"}],"wp:term":[{"taxonomy":"product_brand","embeddable":true,"href":"https:\/\/jnats.eu\/pl\/wp-json\/wp\/v2\/product_brand?post=2696"},{"taxonomy":"product_cat","embeddable":true,"href":"https:\/\/jnats.eu\/pl\/wp-json\/wp\/v2\/product_cat?post=2696"},{"taxonomy":"product_tag","embeddable":true,"href":"https:\/\/jnats.eu\/pl\/wp-json\/wp\/v2\/product_tag?post=2696"}],"curies":[{"name":"wp","href":"https:\/\/api.w.org\/{rel}","templated":true}]}}