{"id":2767,"date":"2025-03-19T13:57:35","date_gmt":"2025-03-19T11:57:35","guid":{"rendered":"http:\/\/jnats.eu\/?post_type=product&#038;p=2767"},"modified":"2025-09-02T22:53:18","modified_gmt":"2025-09-02T19:53:18","slug":"ozuku-asagi-razor-finisher","status":"publish","type":"product","link":"https:\/\/jnats.eu\/pl\/produkt-2\/ozuku-asagi-razor-finisher\/","title":{"rendered":"Ozuku Asagi Lv 5+ wyko\u0144czenie do maszynek do golenia"},"content":{"rendered":"<p>Kultowy ulubieniec mi\u0142o\u015bnik\u00f3w sk\u0142adanych maszynek do golenia, japo\u0144ski kamie\u0144 naturalny do wyka\u0144czania ostrzenia Ozuku Asagi, przez niekt\u00f3rych jest nawet bardziej ceniony ni\u017c Nakayama.<\/p>\n\n\n\n<p>Jest to bardzo twardy i wyj\u0105tkowo delikatny kamie\u0144, kt\u00f3ry zalecamy stosowa\u0107 jako ko\u0144cowe wyko\u0144czenie na koniec procesu szlifowania lub do od\u015bwie\u017cenia \u017cyletki za ka\u017cdym razem, gdy golenie staje si\u0119 mniej komfortowe, a w\u0142osy zaczynaj\u0105 si\u0119 \u0142ama\u0107.<\/p>\n\n\n\n<figure class=\"wp-block-embed is-type-video is-provider-youtube wp-block-embed-youtube wp-embed-aspect-16-9 wp-has-aspect-ratio\"><div class=\"wp-block-embed__wrapper\">\n<div class=\"video-container\"><iframe title=\"Hapstone T2 kontra Jnats: Nisshoyama Suita, Ozuku, Ohira, Karasu, Tomae\" width=\"1170\" height=\"658\" src=\"https:\/\/www.youtube.com\/embed\/HXBtpEUmp3Q?start=1491&#038;feature=oembed\" frameborder=\"0\" allow=\"accelerometer; autoplay; clipboard-write; encrypted-media; gyroscope; picture-in-picture; web-share\" referrerpolicy=\"strict-origin-when-cross-origin\" allowfullscreen><\/iframe><\/div>\n<\/div><\/figure>","protected":false},"excerpt":{"rendered":"<p><!-- wp:list --><\/p>\n<ul><!-- wp:list-item --><\/p>\n<li>Nadaje si\u0119 do wyka\u0144czania brzytew, no\u017cy, no\u017cyczek, narz\u0119dzi stolarskich i innych.<\/li>\n<p><!-- \/wp:list-item --><\/p>\n<p><!-- wp:list-item --><\/p>\n<li>Wymiary: 209x74x30 mm<\/li>\n<p><!-- \/wp:list-item --><\/p>\n<p><!-- wp:list-item --><\/p>\n<li>Waga ze stojakiem: 1370 g<\/li>\n<p><!-- \/wp:list-item --><\/p>\n<p><!-- wp:list-item --><\/p>\n<li>Wytrzyma\u0142o\u015b\u0107: Poz. 5+<\/li>\n<p><!-- \/wp:list-item --><\/p>\n<p><!-- wp:list-item --><\/p>\n<li>Powierzchnia jest g\u0142adka i gotowa do pracy<\/li>\n<p><!-- \/wp:list-item --><\/p>\n<p><!-- wp:list-item --><!-- \/wp:list-item --><\/ul>\n<p><!-- \/wp:list --><\/p>","protected":false},"featured_media":4150,"comment_status":"open","ping_status":"closed","template":"","meta":[],"product_brand":[],"product_cat":[22],"product_tag":[45,66],"class_list":{"0":"post-2767","1":"product","2":"type-product","3":"status-publish","4":"has-post-thumbnail","6":"product_cat-jnats","7":"product_tag-asagi","8":"product_tag-ozuku","9":"product_shipping_class-iprastas","11":"first","12":"outofstock","13":"shipping-taxable","14":"purchasable","15":"product-type-simple"},"_links":{"self":[{"href":"https:\/\/jnats.eu\/pl\/wp-json\/wp\/v2\/product\/2767","targetHints":{"allow":["GET"]}}],"collection":[{"href":"https:\/\/jnats.eu\/pl\/wp-json\/wp\/v2\/product"}],"about":[{"href":"https:\/\/jnats.eu\/pl\/wp-json\/wp\/v2\/types\/product"}],"replies":[{"embeddable":true,"href":"https:\/\/jnats.eu\/pl\/wp-json\/wp\/v2\/comments?post=2767"}],"wp:featuredmedia":[{"embeddable":true,"href":"https:\/\/jnats.eu\/pl\/wp-json\/wp\/v2\/media\/4150"}],"wp:attachment":[{"href":"https:\/\/jnats.eu\/pl\/wp-json\/wp\/v2\/media?parent=2767"}],"wp:term":[{"taxonomy":"product_brand","embeddable":true,"href":"https:\/\/jnats.eu\/pl\/wp-json\/wp\/v2\/product_brand?post=2767"},{"taxonomy":"product_cat","embeddable":true,"href":"https:\/\/jnats.eu\/pl\/wp-json\/wp\/v2\/product_cat?post=2767"},{"taxonomy":"product_tag","embeddable":true,"href":"https:\/\/jnats.eu\/pl\/wp-json\/wp\/v2\/product_tag?post=2767"}],"curies":[{"name":"wp","href":"https:\/\/api.w.org\/{rel}","templated":true}]}}