{"id":2776,"date":"2025-08-21T08:23:35","date_gmt":"2025-08-21T05:23:35","guid":{"rendered":"http:\/\/jnats.eu\/?post_type=product&#038;p=2776"},"modified":"2025-09-30T11:22:08","modified_gmt":"2025-09-30T08:22:08","slug":"iwasaki-kamisori-swedish-steel","status":"publish","type":"product","link":"https:\/\/jnats.eu\/pl\/produkt-2\/iwasaki-kamisori-swedish-steel\/","title":{"rendered":"Iwasaki kamisori Swedish Steel (NOS)"},"content":{"rendered":"<figure class=\"wp-block-embed is-type-video is-provider-youtube wp-block-embed-youtube wp-embed-aspect-9-16 wp-has-aspect-ratio\"><div class=\"wp-block-embed__wrapper\">\n<div class=\"video-container\"><iframe title=\"Iwasaki kamisori Swedish Steel (NOS)\" width=\"563\" height=\"1000\" src=\"https:\/\/www.youtube.com\/embed\/DL6KQ6jBGuI?feature=oembed\" frameborder=\"0\" allow=\"accelerometer; autoplay; clipboard-write; encrypted-media; gyroscope; picture-in-picture; web-share\" referrerpolicy=\"strict-origin-when-cross-origin\" allowfullscreen><\/iframe><\/div>\n<\/div><\/figure>\n\n\n\n<p>Iwasaki jest jedn\u0105 z najbardziej cenionych w\u015br\u00f3d kolekcjoner\u00f3w i entuzjast\u00f3w tradycyjnego golenia ze wzgl\u0119du na jako\u015b\u0107 hartowania stali i wykonania. Brzytwa zosta\u0142a wyprodukowana w okresie Showa, oko\u0142o lat 50-tych XX wieku. Jej d\u0142ugo\u015b\u0107 wynosi 15 cm, d\u0142ugo\u015b\u0107 kraw\u0119dzi tn\u0105cej 4,6 cm, a waga 36 g. Jest to \u015bredniej wielko\u015bci, lekka kamisori.<\/p>\n\n\n\n<p>Podobnie jak tradycyjny miecz samurajski, ten Kamisori zosta\u0142 r\u0119cznie kuty z 2 warstw, cz\u0119\u015b\u0107 tn\u0105ca wykonana jest ze stali wysokow\u0119glowej, a podstawa jest prostsz\u0105 stal\u0105 nierdzewn\u0105. Warstwa \u015brodkowa jest twarda, zapewniaj\u0105c d\u0142ugotrwa\u0142\u0105 ostro\u015b\u0107 i przyjemne golenie, natomiast warstwa no\u015bna zapewnia niezb\u0119dn\u0105 elastyczno\u015b\u0107.<\/p>\n\n\n\n<p>Obie warstwy s\u0105 odporne na korozj\u0119, ale \u017cadna stal nie jest ca\u0142kowicie odporna na rdz\u0119, dlatego zawsze dbaj o to, aby brzytwa by\u0142a sucha i zabezpiecz j\u0105 cienk\u0105 warstw\u0105 olejku po goleniu. <\/p>","protected":false},"excerpt":{"rendered":"<ul>\n<li>Materia\u0142 ostrza: Kuta stal szwedzka, hartowana do\u015b\u0107 twardo - 63 HRC. Dzi\u0119ki temu d\u0142ugo zachowuje ostro\u015b\u0107.<\/li>\n<li>Wymiary ostrza w przybli\u017ceniu (wszystkie kamisori s\u0105 nieco inne, poniewa\u017c s\u0105 wykonane r\u0119cznie): 46x20x4,5 mm<\/li>\n<li>Materia\u0142 r\u0119koje\u015bci: stal kuta<\/li>\n<li>D\u0142ugo\u015b\u0107 ca\u0142kowita: 151 mm<\/li>\n<li>Waga 36 g<\/li>\n<li>Pochodzenie: Japonia<\/li>\n<\/ul>","protected":false},"featured_media":5125,"comment_status":"open","ping_status":"closed","template":"","meta":[],"product_brand":[],"product_cat":[23],"product_tag":[130,25,298],"class_list":{"0":"post-2776","1":"product","2":"type-product","3":"status-publish","4":"has-post-thumbnail","6":"product_cat-razors","7":"product_tag-iwasaki","8":"product_tag-kamisori","9":"product_tag-swedish-steel","10":"product_shipping_class-light","12":"first","13":"outofstock","14":"shipping-taxable","15":"product-type-variable"},"_links":{"self":[{"href":"https:\/\/jnats.eu\/pl\/wp-json\/wp\/v2\/product\/2776","targetHints":{"allow":["GET"]}}],"collection":[{"href":"https:\/\/jnats.eu\/pl\/wp-json\/wp\/v2\/product"}],"about":[{"href":"https:\/\/jnats.eu\/pl\/wp-json\/wp\/v2\/types\/product"}],"replies":[{"embeddable":true,"href":"https:\/\/jnats.eu\/pl\/wp-json\/wp\/v2\/comments?post=2776"}],"wp:featuredmedia":[{"embeddable":true,"href":"https:\/\/jnats.eu\/pl\/wp-json\/wp\/v2\/media\/5125"}],"wp:attachment":[{"href":"https:\/\/jnats.eu\/pl\/wp-json\/wp\/v2\/media?parent=2776"}],"wp:term":[{"taxonomy":"product_brand","embeddable":true,"href":"https:\/\/jnats.eu\/pl\/wp-json\/wp\/v2\/product_brand?post=2776"},{"taxonomy":"product_cat","embeddable":true,"href":"https:\/\/jnats.eu\/pl\/wp-json\/wp\/v2\/product_cat?post=2776"},{"taxonomy":"product_tag","embeddable":true,"href":"https:\/\/jnats.eu\/pl\/wp-json\/wp\/v2\/product_tag?post=2776"}],"curies":[{"name":"wp","href":"https:\/\/api.w.org\/{rel}","templated":true}]}}